{"id":997,"date":"2019-01-26T05:42:44","date_gmt":"2019-01-26T04:42:44","guid":{"rendered":"https:\/\/www.klan-d.net\/?page_id=997"},"modified":"2020-12-18T07:41:14","modified_gmt":"2020-12-18T06:41:14","slug":"archives","status":"publish","type":"page","link":"https:\/\/www.klan-d.net\/?page_id=997","title":{"rendered":"Archives"},"content":{"rendered":"\n<p>Retrouvez ici les archives (et oui, certaines \u00e9missions se sont arr\u00eat\u00e9es, pour de multiples raisons&#8230;), mais parce que c&rsquo;\u00e9tait du lourd, on les laisse \u00e0 disposition !<\/p>\n\n\n\n<div class=\"wp-block-image\"><figure class=\"aligncenter size-large is-resized\"><img loading=\"lazy\" decoding=\"async\" src=\"https:\/\/www.klan-d.net\/wp-content\/uploads\/archives.jpg\" alt=\"Archives Klan-D\" class=\"wp-image-1723\" width=\"335\" height=\"335\" srcset=\"https:\/\/www.klan-d.net\/wp-content\/uploads\/archives.jpg 842w, https:\/\/www.klan-d.net\/wp-content\/uploads\/archives-300x300.jpg 300w, https:\/\/www.klan-d.net\/wp-content\/uploads\/archives-150x150.jpg 150w, https:\/\/www.klan-d.net\/wp-content\/uploads\/archives-768x768.jpg 768w, https:\/\/www.klan-d.net\/wp-content\/uploads\/archives-160x160.jpg 160w, https:\/\/www.klan-d.net\/wp-content\/uploads\/archives-320x320.jpg 320w\" sizes=\"auto, (max-width: 335px) 100vw, 335px\" \/><\/figure><\/div>\n\n\n\n<ul class=\"wp-block-list\"><li>Le Kaleidoscope : <a href=\"https:\/\/www.klan-d.net\/?page_id=492\"><u>lien des podcasts<\/u><\/a><\/li><li>Les Tontons Tailleurs : <a href=\"https:\/\/www.klan-d.net\/?page_id=171\"><u>lien des podcasts<\/u><\/a><\/li><li>The Binary Code : <a href=\"https:\/\/www.klan-d.net\/?page_id=85\"><u>lien des podcasts<\/u><\/a><\/li><li>The Desert Show : <a href=\"https:\/\/www.klan-d.net\/?page_id=144\"><u>lien des podcasts<\/u><\/a><\/li><li>Le Ah Oui Show : <a href=\"https:\/\/www.klan-d.net\/?page_id=87\"><u>lien des podcasts<\/u><\/a><\/li><li>Hip-Hop MOMO : <a href=\"https:\/\/www.klan-d.net\/?page_id=1556\"><u>lien des podcasts<\/u><\/a><\/li><\/ul>\n\n\n\n<p>N&rsquo;h\u00e9sitez pas \u00e0 nous contacter si vous avez un ou des projet(s) d&rsquo;\u00e9mission(s). On est ouvert \u00e0 (\u00e0 peu pr\u00e8s) tout. <br><\/p>\n\n\n\n<hr class=\"wp-block-separator\"\/>\n\n\n\n<p>Mais ! <\/p>\n\n\n\n<p>Nous ne pouvons pas parler \u00ab\u00a0archives\u00a0\u00bb sans parler de Snatch, grosse figure de Klan-D qui a beaucoup apport\u00e9 \u00e0 la radio d\u00e9glingu\u00e9e du net. <\/p>\n\n\n\n<p>Suite \u00e0 divers \u00e9v\u00e8nements, il est plus dans le coin, mais il \u00e9tait \u00e9vident et normal de lui faire un gros big up, gros respect, et de mettre ici les archives des buteries qu&rsquo;il a produit avec \u00e9nergie et entrain pour Klan-D. <\/p>\n\n\n\n<ul class=\"wp-block-list\"><li>Le Monde de Snatch : <a href=\"https:\/\/www.klan-d.net\/?page_id=91\"><u>lien des podcasts<\/u><\/a> &#8211; <a href=\"https:\/\/www.klan-d.net\/?page_id=1123\"><u>Saison 2<\/u><\/a><\/li><li>Le Retour de la Farce : <a href=\"https:\/\/www.klan-d.net\/?page_id=169\"><u>lien des podcasts<\/u><\/a><\/li><li>Itiner Hertz : <a href=\"https:\/\/www.klan-d.net\/?page_id=1010\"><u>lien des podcasts<\/u><\/a><\/li><\/ul>\n\n\n\n<hr class=\"wp-block-separator\"\/>\n\n\n\n<p>Tous les podcasts (\u00e0 peu de choses pr\u00e8s) sont disponibles sur notre MixCloud Kland\u00e9, donc voici l&rsquo;adresse : <a href=\"https:\/\/www.mixcloud.com\/Radio_Klan_D\/\"><u>https:\/\/www.mixcloud.com\/Radio_Klan_D\/<\/u><\/a><\/p>\n\n\n\n<hr class=\"wp-block-separator\"\/>\n\n\n\n<p class=\"has-text-align-center\">La fin n&rsquo;est qu&rsquo;un commencement, nous retrouverons peut-\u00eatre d&rsquo;ici quelques temps, semaines, mois, ann\u00e9es, ces contributeurs inestimables qui ont contribu\u00e9s \u00e0 faire de Klan-D ce que c&rsquo;est aujourd&rsquo;hui. Enorme respect \u00e0 eux tous. <\/p>\n\n\n\n<hr class=\"wp-block-separator is-style-wide\"\/>\n","protected":false},"excerpt":{"rendered":"<p>Retrouvez ici les archives (et oui, certaines \u00e9missions se sont arr\u00eat\u00e9es, pour de multiples raisons&#8230;), mais parce que c&rsquo;\u00e9tait du lourd, on les laisse \u00e0 disposition ! Le Kaleidoscope : lien des podcasts Les&#46;&#46;&#46;<\/p>\n","protected":false},"author":1,"featured_media":0,"parent":0,"menu_order":0,"comment_status":"closed","ping_status":"closed","template":"","meta":{"footnotes":""},"class_list":["post-997","page","type-page","status-publish","hentry"],"yoast_head":"<!-- This site is optimized with the Yoast SEO plugin v27.3 - https:\/\/yoast.com\/product\/yoast-seo-wordpress\/ -->\n<title>Archives kland\u00e9es - les pr\u00e9curseurs &#8226; Radio Klan-D<\/title>\n<meta name=\"description\" content=\"Retrouvez ici toutes les archives des \u00e9missions &quot;anciennes&quot; (qui n&#039;existent plus) sur Klan-D, parce que c&#039;\u00e9tait du boulot, et on qu&#039;on les respecte !\" \/>\n<meta name=\"robots\" content=\"index, follow, max-snippet:-1, max-image-preview:large, max-video-preview:-1\" \/>\n<link rel=\"canonical\" href=\"https:\/\/www.klan-d.net\/?page_id=997\" \/>\n<meta property=\"og:locale\" content=\"fr_FR\" \/>\n<meta property=\"og:type\" content=\"article\" \/>\n<meta property=\"og:title\" content=\"Archives kland\u00e9es - les pr\u00e9curseurs &#8226; Radio Klan-D\" \/>\n<meta property=\"og:description\" content=\"Retrouvez ici toutes les archives des \u00e9missions &quot;anciennes&quot; (qui n&#039;existent plus) sur Klan-D, parce que c&#039;\u00e9tait du boulot, et on qu&#039;on les respecte !\" \/>\n<meta property=\"og:url\" content=\"https:\/\/www.klan-d.net\/?page_id=997\" \/>\n<meta property=\"og:site_name\" content=\"Radio Klan-D\" \/>\n<meta property=\"article:publisher\" content=\"https:\/\/www.facebook.com\/radioclandestine\/\" \/>\n<meta property=\"article:modified_time\" content=\"2020-12-18T06:41:14+00:00\" \/>\n<meta property=\"og:image\" content=\"https:\/\/www.klan-d.net\/wp-content\/uploads\/archives.jpg\" \/>\n<meta name=\"twitter:card\" content=\"summary_large_image\" \/>\n<meta name=\"twitter:site\" content=\"@RadioKlanD\" \/>\n<meta name=\"twitter:label1\" content=\"Dur\u00e9e de lecture estim\u00e9e\" \/>\n\t<meta name=\"twitter:data1\" content=\"1 minute\" \/>\n<script type=\"application\/ld+json\" class=\"yoast-schema-graph\">{\"@context\":\"https:\\\/\\\/schema.org\",\"@graph\":[{\"@type\":\"WebPage\",\"@id\":\"https:\\\/\\\/www.klan-d.net\\\/?page_id=997\",\"url\":\"https:\\\/\\\/www.klan-d.net\\\/?page_id=997\",\"name\":\"Archives kland\u00e9es - les pr\u00e9curseurs &#8226; Radio Klan-D\",\"isPartOf\":{\"@id\":\"https:\\\/\\\/www.klan-d.net\\\/#website\"},\"primaryImageOfPage\":{\"@id\":\"https:\\\/\\\/www.klan-d.net\\\/?page_id=997#primaryimage\"},\"image\":{\"@id\":\"https:\\\/\\\/www.klan-d.net\\\/?page_id=997#primaryimage\"},\"thumbnailUrl\":\"https:\\\/\\\/www.klan-d.net\\\/wp-content\\\/uploads\\\/archives.jpg\",\"datePublished\":\"2019-01-26T04:42:44+00:00\",\"dateModified\":\"2020-12-18T06:41:14+00:00\",\"description\":\"Retrouvez ici toutes les archives des \u00e9missions \\\"anciennes\\\" (qui n'existent plus) sur Klan-D, parce que c'\u00e9tait du boulot, et on qu'on les respecte !\",\"breadcrumb\":{\"@id\":\"https:\\\/\\\/www.klan-d.net\\\/?page_id=997#breadcrumb\"},\"inLanguage\":\"fr-FR\",\"potentialAction\":[{\"@type\":\"ReadAction\",\"target\":[\"https:\\\/\\\/www.klan-d.net\\\/?page_id=997\"]}]},{\"@type\":\"ImageObject\",\"inLanguage\":\"fr-FR\",\"@id\":\"https:\\\/\\\/www.klan-d.net\\\/?page_id=997#primaryimage\",\"url\":\"https:\\\/\\\/www.klan-d.net\\\/wp-content\\\/uploads\\\/archives.jpg\",\"contentUrl\":\"https:\\\/\\\/www.klan-d.net\\\/wp-content\\\/uploads\\\/archives.jpg\",\"width\":842,\"height\":842,\"caption\":\"Archives Klan-D\"},{\"@type\":\"BreadcrumbList\",\"@id\":\"https:\\\/\\\/www.klan-d.net\\\/?page_id=997#breadcrumb\",\"itemListElement\":[{\"@type\":\"ListItem\",\"position\":1,\"name\":\"Accueil\",\"item\":\"https:\\\/\\\/www.klan-d.net\\\/\"},{\"@type\":\"ListItem\",\"position\":2,\"name\":\"Archives\"}]},{\"@type\":\"WebSite\",\"@id\":\"https:\\\/\\\/www.klan-d.net\\\/#website\",\"url\":\"https:\\\/\\\/www.klan-d.net\\\/\",\"name\":\"Radio Klan-D\",\"description\":\"Webradio clandestine et ind\u00e9, partout, du old school hip hop, du boom bap et des vannes pourries !\",\"publisher\":{\"@id\":\"https:\\\/\\\/www.klan-d.net\\\/#organization\"},\"potentialAction\":[{\"@type\":\"SearchAction\",\"target\":{\"@type\":\"EntryPoint\",\"urlTemplate\":\"https:\\\/\\\/www.klan-d.net\\\/?s={search_term_string}\"},\"query-input\":{\"@type\":\"PropertyValueSpecification\",\"valueRequired\":true,\"valueName\":\"search_term_string\"}}],\"inLanguage\":\"fr-FR\"},{\"@type\":\"Organization\",\"@id\":\"https:\\\/\\\/www.klan-d.net\\\/#organization\",\"name\":\"Radio Klan-D\",\"url\":\"https:\\\/\\\/www.klan-d.net\\\/\",\"logo\":{\"@type\":\"ImageObject\",\"inLanguage\":\"fr-FR\",\"@id\":\"https:\\\/\\\/www.klan-d.net\\\/#\\\/schema\\\/logo\\\/image\\\/\",\"url\":\"https:\\\/\\\/www.klan-d.net\\\/wp-content\\\/uploads\\\/cropped-kland4.jpg\",\"contentUrl\":\"https:\\\/\\\/www.klan-d.net\\\/wp-content\\\/uploads\\\/cropped-kland4.jpg\",\"width\":512,\"height\":512,\"caption\":\"Radio Klan-D\"},\"image\":{\"@id\":\"https:\\\/\\\/www.klan-d.net\\\/#\\\/schema\\\/logo\\\/image\\\/\"},\"sameAs\":[\"https:\\\/\\\/www.facebook.com\\\/radioclandestine\\\/\",\"https:\\\/\\\/x.com\\\/RadioKlanD\",\"https:\\\/\\\/www.youtube.com\\\/channel\\\/UC2QoBtfYHnl9oWoPlvmaAEg\"]}]}<\/script>\n<!-- \/ Yoast SEO plugin. -->","yoast_head_json":{"title":"Archives kland\u00e9es - les pr\u00e9curseurs &#8226; Radio Klan-D","description":"Retrouvez ici toutes les archives des \u00e9missions \"anciennes\" (qui n'existent plus) sur Klan-D, parce que c'\u00e9tait du boulot, et on qu'on les respecte !","robots":{"index":"index","follow":"follow","max-snippet":"max-snippet:-1","max-image-preview":"max-image-preview:large","max-video-preview":"max-video-preview:-1"},"canonical":"https:\/\/www.klan-d.net\/?page_id=997","og_locale":"fr_FR","og_type":"article","og_title":"Archives kland\u00e9es - les pr\u00e9curseurs &#8226; Radio Klan-D","og_description":"Retrouvez ici toutes les archives des \u00e9missions \"anciennes\" (qui n'existent plus) sur Klan-D, parce que c'\u00e9tait du boulot, et on qu'on les respecte !","og_url":"https:\/\/www.klan-d.net\/?page_id=997","og_site_name":"Radio Klan-D","article_publisher":"https:\/\/www.facebook.com\/radioclandestine\/","article_modified_time":"2020-12-18T06:41:14+00:00","og_image":[{"url":"https:\/\/www.klan-d.net\/wp-content\/uploads\/archives.jpg","type":"","width":"","height":""}],"twitter_card":"summary_large_image","twitter_site":"@RadioKlanD","twitter_misc":{"Dur\u00e9e de lecture estim\u00e9e":"1 minute"},"schema":{"@context":"https:\/\/schema.org","@graph":[{"@type":"WebPage","@id":"https:\/\/www.klan-d.net\/?page_id=997","url":"https:\/\/www.klan-d.net\/?page_id=997","name":"Archives kland\u00e9es - les pr\u00e9curseurs &#8226; Radio Klan-D","isPartOf":{"@id":"https:\/\/www.klan-d.net\/#website"},"primaryImageOfPage":{"@id":"https:\/\/www.klan-d.net\/?page_id=997#primaryimage"},"image":{"@id":"https:\/\/www.klan-d.net\/?page_id=997#primaryimage"},"thumbnailUrl":"https:\/\/www.klan-d.net\/wp-content\/uploads\/archives.jpg","datePublished":"2019-01-26T04:42:44+00:00","dateModified":"2020-12-18T06:41:14+00:00","description":"Retrouvez ici toutes les archives des \u00e9missions \"anciennes\" (qui n'existent plus) sur Klan-D, parce que c'\u00e9tait du boulot, et on qu'on les respecte !","breadcrumb":{"@id":"https:\/\/www.klan-d.net\/?page_id=997#breadcrumb"},"inLanguage":"fr-FR","potentialAction":[{"@type":"ReadAction","target":["https:\/\/www.klan-d.net\/?page_id=997"]}]},{"@type":"ImageObject","inLanguage":"fr-FR","@id":"https:\/\/www.klan-d.net\/?page_id=997#primaryimage","url":"https:\/\/www.klan-d.net\/wp-content\/uploads\/archives.jpg","contentUrl":"https:\/\/www.klan-d.net\/wp-content\/uploads\/archives.jpg","width":842,"height":842,"caption":"Archives Klan-D"},{"@type":"BreadcrumbList","@id":"https:\/\/www.klan-d.net\/?page_id=997#breadcrumb","itemListElement":[{"@type":"ListItem","position":1,"name":"Accueil","item":"https:\/\/www.klan-d.net\/"},{"@type":"ListItem","position":2,"name":"Archives"}]},{"@type":"WebSite","@id":"https:\/\/www.klan-d.net\/#website","url":"https:\/\/www.klan-d.net\/","name":"Radio Klan-D","description":"Webradio clandestine et ind\u00e9, partout, du old school hip hop, du boom bap et des vannes pourries !","publisher":{"@id":"https:\/\/www.klan-d.net\/#organization"},"potentialAction":[{"@type":"SearchAction","target":{"@type":"EntryPoint","urlTemplate":"https:\/\/www.klan-d.net\/?s={search_term_string}"},"query-input":{"@type":"PropertyValueSpecification","valueRequired":true,"valueName":"search_term_string"}}],"inLanguage":"fr-FR"},{"@type":"Organization","@id":"https:\/\/www.klan-d.net\/#organization","name":"Radio Klan-D","url":"https:\/\/www.klan-d.net\/","logo":{"@type":"ImageObject","inLanguage":"fr-FR","@id":"https:\/\/www.klan-d.net\/#\/schema\/logo\/image\/","url":"https:\/\/www.klan-d.net\/wp-content\/uploads\/cropped-kland4.jpg","contentUrl":"https:\/\/www.klan-d.net\/wp-content\/uploads\/cropped-kland4.jpg","width":512,"height":512,"caption":"Radio Klan-D"},"image":{"@id":"https:\/\/www.klan-d.net\/#\/schema\/logo\/image\/"},"sameAs":["https:\/\/www.facebook.com\/radioclandestine\/","https:\/\/x.com\/RadioKlanD","https:\/\/www.youtube.com\/channel\/UC2QoBtfYHnl9oWoPlvmaAEg"]}]}},"_links":{"self":[{"href":"https:\/\/www.klan-d.net\/index.php?rest_route=\/wp\/v2\/pages\/997","targetHints":{"allow":["GET"]}}],"collection":[{"href":"https:\/\/www.klan-d.net\/index.php?rest_route=\/wp\/v2\/pages"}],"about":[{"href":"https:\/\/www.klan-d.net\/index.php?rest_route=\/wp\/v2\/types\/page"}],"author":[{"embeddable":true,"href":"https:\/\/www.klan-d.net\/index.php?rest_route=\/wp\/v2\/users\/1"}],"replies":[{"embeddable":true,"href":"https:\/\/www.klan-d.net\/index.php?rest_route=%2Fwp%2Fv2%2Fcomments&post=997"}],"version-history":[{"count":1,"href":"https:\/\/www.klan-d.net\/index.php?rest_route=\/wp\/v2\/pages\/997\/revisions"}],"predecessor-version":[{"id":1788,"href":"https:\/\/www.klan-d.net\/index.php?rest_route=\/wp\/v2\/pages\/997\/revisions\/1788"}],"wp:attachment":[{"href":"https:\/\/www.klan-d.net\/index.php?rest_route=%2Fwp%2Fv2%2Fmedia&parent=997"}],"curies":[{"name":"wp","href":"https:\/\/api.w.org\/{rel}","templated":true}]}}