{"id":91,"date":"2016-10-04T09:14:12","date_gmt":"2016-10-04T07:14:12","guid":{"rendered":"http:\/\/127.0.0.1\/?page_id=91"},"modified":"2020-04-02T08:05:24","modified_gmt":"2020-04-02T06:05:24","slug":"monde-de-snatch","status":"publish","type":"page","link":"https:\/\/www.klan-d.net\/?page_id=91","title":{"rendered":"Le Monde de Snatch"},"content":{"rendered":"\n<div class=\"wp-block-image\"><figure class=\"aligncenter is-resized\"><img loading=\"lazy\" decoding=\"async\" src=\"https:\/\/www.klan-d.net\/wp-content\/uploads\/2016\/09\/monde-snatch250px.jpg\" alt=\"Le Monde de Snatch\" class=\"wp-image-43\" width=\"250\" height=\"227\" srcset=\"https:\/\/www.klan-d.net\/wp-content\/uploads\/2016\/09\/monde-snatch250px.jpg 250w, https:\/\/www.klan-d.net\/wp-content\/uploads\/2016\/09\/monde-snatch250px-165x150.jpg 165w, https:\/\/www.klan-d.net\/wp-content\/uploads\/2016\/09\/monde-snatch250px-150x136.jpg 150w\" sizes=\"auto, (max-width: 250px) 100vw, 250px\" \/><\/figure><\/div>\n\n\n<hr>\n<p style=\"text-align: left;\">Le Monde de Snatch, tous les mercredi \u00e0 21h, c&rsquo;est le rendez-vous de la tchatche, des anti-syst\u00e8mes, de la gouaille et du bagout&#8230; Avec Snatch, le seul l&rsquo;unique, bien qu&rsquo;il ne doive pas \u00eatre tout seul dans sa t\u00eate.<\/p>\n<h2 style=\"text-align: center;\">Saison 1 &#8211; <a href=\"https:\/\/www.klan-d.net\/?page_id=1123\">Saison 2<\/a><\/h2>\n<hr>\n<p style=\"text-align: left;\"><\/p>\n\n\n<figure class=\"wp-block-embed-mixcloud wp-block-embed is-type-rich is-provider-mixcloud wp-embed-aspect-21-9 wp-has-aspect-ratio\"><div class=\"wp-block-embed__wrapper\">\n<iframe loading=\"lazy\" title=\"Le Monde De Snatch - S01e06 - Etat D&#039;Insurgence\" width=\"100%\" height=\"120\" src=\"https:\/\/www.mixcloud.com\/widget\/iframe\/?feed=https%3A%2F%2Fwww.mixcloud.com%2FRadio_Klan_D%2Fle-monde-de-snatch-s01e06-etat-dinsurgence%2F&amp;hide_cover=1\" frameborder=\"0\" allow=\"encrypted-media; fullscreen; autoplay; idle-detection; speaker-selection; web-share;\"><\/iframe>\n<\/div><figcaption> <br>A la lumi\u00e8re des semaines pass\u00e9es, le Snatch revient, plus remont\u00e9 que jamais. <br>R\u00e9volutionnaire, engag\u00e9, irr\u00e9v\u00e9rencieux, au fil de son discours et de sa playlist, il tente d&rsquo;\u00e9veiller les consciences&#8230;<br>Disclaimer : cette \u00e9mission a \u00e9t\u00e9 enregistr\u00e9e juste avant les \u00e9v\u00e8nements qui ont frapp\u00e9 Strasbourg mardi <\/figcaption><\/figure>\n\n\n\n<hr class=\"wp-block-separator\"\/>\n\n\n\n<figure class=\"wp-block-embed-mixcloud wp-block-embed is-type-rich is-provider-mixcloud wp-embed-aspect-21-9 wp-has-aspect-ratio\"><div class=\"wp-block-embed__wrapper\">\n<iframe loading=\"lazy\" title=\"Le Monde De Snatch - S01e04\" width=\"100%\" height=\"120\" src=\"https:\/\/www.mixcloud.com\/widget\/iframe\/?feed=https%3A%2F%2Fwww.mixcloud.com%2FRadio_Klan_D%2Fle-monde-de-snatch-s01e04%2F&amp;hide_cover=1\" frameborder=\"0\" allow=\"encrypted-media; fullscreen; autoplay; idle-detection; speaker-selection; web-share;\"><\/iframe>\n<\/div><figcaption> <br>Quatri\u00e8me \u00e9pisode de cette (courte) saison du Monde de Snatch.<br>Toujours deter, toujours r\u00e9volutionnaire, toujours skyzo, mais c&rsquo;est pour \u00e7a qu&rsquo;on l&rsquo;aime ! <\/figcaption><\/figure>\n\n\n\n<hr class=\"wp-block-separator\"\/>\n\n\n\n<figure class=\"wp-block-embed-mixcloud wp-block-embed is-type-rich is-provider-mixcloud wp-embed-aspect-21-9 wp-has-aspect-ratio\"><div class=\"wp-block-embed__wrapper\">\n<iframe loading=\"lazy\" title=\"Le Monde De Snatch - S01e03\" width=\"100%\" height=\"120\" src=\"https:\/\/www.mixcloud.com\/widget\/iframe\/?feed=https%3A%2F%2Fwww.mixcloud.com%2FRadio_Klan_D%2Fle-monde-de-snatch-s01e03%2F&amp;hide_cover=1\" frameborder=\"0\" allow=\"encrypted-media; fullscreen; autoplay; idle-detection; speaker-selection; web-share;\"><\/iframe>\n<\/div><figcaption> Le snatch toujours plus deter ! Uniquement sur Klan-D. <\/figcaption><\/figure>\n\n\n\n<hr class=\"wp-block-separator\"\/>\n\n\n\n<figure class=\"wp-block-embed-mixcloud wp-block-embed is-type-rich is-provider-mixcloud wp-embed-aspect-21-9 wp-has-aspect-ratio\"><div class=\"wp-block-embed__wrapper\">\n<iframe loading=\"lazy\" title=\"Le Monde De Snatch - S01e02\" width=\"100%\" height=\"120\" src=\"https:\/\/www.mixcloud.com\/widget\/iframe\/?feed=https%3A%2F%2Fwww.mixcloud.com%2FRadio_Klan_D%2Fle-monde-de-snatch-s01e02%2F&amp;hide_cover=1\" frameborder=\"0\" allow=\"encrypted-media; fullscreen; autoplay; idle-detection; speaker-selection; web-share;\"><\/iframe>\n<\/div><figcaption> <br>Deuxi\u00e8me \u00e9mission de 2018 du Monde de Snatch, le rendez-vous conscient r\u00e9volutionnaire de Klan-D. <br>Playlist deter, animateur survitamin\u00e9 et determin\u00e9, \u00e7a n&rsquo;existe que sur Klan-D. <\/figcaption><\/figure>\n\n\n\n<hr class=\"wp-block-separator\"\/>\n\n\n\n<figure class=\"wp-block-embed-mixcloud wp-block-embed is-type-rich is-provider-mixcloud wp-embed-aspect-21-9 wp-has-aspect-ratio\"><div class=\"wp-block-embed__wrapper\">\n<iframe loading=\"lazy\" title=\"Le Monde De Snatch - S01e01\" width=\"100%\" height=\"120\" src=\"https:\/\/www.mixcloud.com\/widget\/iframe\/?feed=https%3A%2F%2Fwww.mixcloud.com%2FRadio_Klan_D%2Fle-monde-de-snatch-s01e01%2F&amp;hide_cover=1\" frameborder=\"0\" allow=\"encrypted-media; fullscreen; autoplay; idle-detection; speaker-selection; web-share;\"><\/iframe>\n<\/div><figcaption> Le Snatch revient apr\u00e8s quasi deux ans d&rsquo;absences pour partir loin et \u00e9veiller les consciences&#8230; <\/figcaption><\/figure>\n","protected":false},"excerpt":{"rendered":"<p>Le Monde de Snatch, tous les mercredi \u00e0 21h, c&rsquo;est le rendez-vous de la tchatche, des anti-syst\u00e8mes, de la gouaille et du bagout&#8230; Avec Snatch, le seul l&rsquo;unique, bien qu&rsquo;il ne doive pas \u00eatre&#46;&#46;&#46;<\/p>\n","protected":false},"author":1,"featured_media":0,"parent":997,"menu_order":0,"comment_status":"open","ping_status":"closed","template":"","meta":{"footnotes":""},"class_list":["post-91","page","type-page","status-publish","hentry"],"yoast_head":"<!-- This site is optimized with the Yoast SEO plugin v27.3 - https:\/\/yoast.com\/product\/yoast-seo-wordpress\/ -->\n<title>Le Monde de Snatch &#8226; Radio Klan-D<\/title>\n<meta name=\"description\" content=\"Le Monde de Snatch, tous les mercredi \u00e0 21h, c&#039;est le rendez-vous de la tchatche, des anti-syst\u00e8mes, de la gouaille et du bagout...\" \/>\n<meta name=\"robots\" content=\"index, follow, max-snippet:-1, max-image-preview:large, max-video-preview:-1\" \/>\n<link rel=\"canonical\" href=\"https:\/\/www.klan-d.net\/?page_id=91\" \/>\n<meta property=\"og:locale\" content=\"fr_FR\" \/>\n<meta property=\"og:type\" content=\"article\" \/>\n<meta property=\"og:title\" content=\"Le Monde de Snatch\" \/>\n<meta property=\"og:description\" content=\"Le Monde de Snatch, tous les mercredi \u00e0 21h, c&#039;est le rendez-vous de la tchatche, des anti-syst\u00e8mes, de la gouaille et du bagout... Avec Snatch, le seul l&#039;unique, bien qu&#039;il ne doive pas \u00eatre tout seul dans sa t\u00eate.\" \/>\n<meta property=\"og:url\" content=\"https:\/\/www.klan-d.net\/?page_id=91\" \/>\n<meta property=\"og:site_name\" content=\"Radio Klan-D\" \/>\n<meta property=\"article:publisher\" content=\"https:\/\/www.facebook.com\/radioclandestine\/\" \/>\n<meta property=\"article:modified_time\" content=\"2020-04-02T06:05:24+00:00\" \/>\n<meta property=\"og:image\" content=\"https:\/\/www.klan-d.net\/wp-content\/uploads\/2016\/09\/monde-snatch250px.jpg\" \/>\n\t<meta property=\"og:image:width\" content=\"250\" \/>\n\t<meta property=\"og:image:height\" content=\"227\" \/>\n\t<meta property=\"og:image:type\" content=\"image\/jpeg\" \/>\n<meta name=\"twitter:card\" content=\"summary_large_image\" \/>\n<meta name=\"twitter:site\" content=\"@RadioKlanD\" \/>\n<meta name=\"twitter:label1\" content=\"Dur\u00e9e de lecture estim\u00e9e\" \/>\n\t<meta name=\"twitter:data1\" content=\"1 minute\" \/>\n<script type=\"application\/ld+json\" class=\"yoast-schema-graph\">{\"@context\":\"https:\\\/\\\/schema.org\",\"@graph\":[{\"@type\":\"WebPage\",\"@id\":\"https:\\\/\\\/www.klan-d.net\\\/?page_id=91\",\"url\":\"https:\\\/\\\/www.klan-d.net\\\/?page_id=91\",\"name\":\"Le Monde de Snatch &#8226; Radio Klan-D\",\"isPartOf\":{\"@id\":\"https:\\\/\\\/www.klan-d.net\\\/#website\"},\"primaryImageOfPage\":{\"@id\":\"https:\\\/\\\/www.klan-d.net\\\/?page_id=91#primaryimage\"},\"image\":{\"@id\":\"https:\\\/\\\/www.klan-d.net\\\/?page_id=91#primaryimage\"},\"thumbnailUrl\":\"https:\\\/\\\/www.klan-d.net\\\/wp-content\\\/uploads\\\/2016\\\/09\\\/monde-snatch250px.jpg\",\"datePublished\":\"2016-10-04T07:14:12+00:00\",\"dateModified\":\"2020-04-02T06:05:24+00:00\",\"description\":\"Le Monde de Snatch, tous les mercredi \u00e0 21h, c'est le rendez-vous de la tchatche, des anti-syst\u00e8mes, de la gouaille et du bagout...\",\"breadcrumb\":{\"@id\":\"https:\\\/\\\/www.klan-d.net\\\/?page_id=91#breadcrumb\"},\"inLanguage\":\"fr-FR\",\"potentialAction\":[{\"@type\":\"ReadAction\",\"target\":[\"https:\\\/\\\/www.klan-d.net\\\/?page_id=91\"]}]},{\"@type\":\"ImageObject\",\"inLanguage\":\"fr-FR\",\"@id\":\"https:\\\/\\\/www.klan-d.net\\\/?page_id=91#primaryimage\",\"url\":\"https:\\\/\\\/www.klan-d.net\\\/wp-content\\\/uploads\\\/2016\\\/09\\\/monde-snatch250px.jpg\",\"contentUrl\":\"https:\\\/\\\/www.klan-d.net\\\/wp-content\\\/uploads\\\/2016\\\/09\\\/monde-snatch250px.jpg\",\"width\":250,\"height\":227,\"caption\":\"Le Monde de Snatch\"},{\"@type\":\"BreadcrumbList\",\"@id\":\"https:\\\/\\\/www.klan-d.net\\\/?page_id=91#breadcrumb\",\"itemListElement\":[{\"@type\":\"ListItem\",\"position\":1,\"name\":\"Accueil\",\"item\":\"https:\\\/\\\/www.klan-d.net\\\/\"},{\"@type\":\"ListItem\",\"position\":2,\"name\":\"Archives\",\"item\":\"https:\\\/\\\/www.klan-d.net\\\/?page_id=997\"},{\"@type\":\"ListItem\",\"position\":3,\"name\":\"Le Monde de Snatch\"}]},{\"@type\":\"WebSite\",\"@id\":\"https:\\\/\\\/www.klan-d.net\\\/#website\",\"url\":\"https:\\\/\\\/www.klan-d.net\\\/\",\"name\":\"Radio Klan-D\",\"description\":\"Webradio clandestine et ind\u00e9, partout, du old school hip hop, du boom bap et des vannes pourries !\",\"publisher\":{\"@id\":\"https:\\\/\\\/www.klan-d.net\\\/#organization\"},\"potentialAction\":[{\"@type\":\"SearchAction\",\"target\":{\"@type\":\"EntryPoint\",\"urlTemplate\":\"https:\\\/\\\/www.klan-d.net\\\/?s={search_term_string}\"},\"query-input\":{\"@type\":\"PropertyValueSpecification\",\"valueRequired\":true,\"valueName\":\"search_term_string\"}}],\"inLanguage\":\"fr-FR\"},{\"@type\":\"Organization\",\"@id\":\"https:\\\/\\\/www.klan-d.net\\\/#organization\",\"name\":\"Radio Klan-D\",\"url\":\"https:\\\/\\\/www.klan-d.net\\\/\",\"logo\":{\"@type\":\"ImageObject\",\"inLanguage\":\"fr-FR\",\"@id\":\"https:\\\/\\\/www.klan-d.net\\\/#\\\/schema\\\/logo\\\/image\\\/\",\"url\":\"https:\\\/\\\/www.klan-d.net\\\/wp-content\\\/uploads\\\/cropped-kland4.jpg\",\"contentUrl\":\"https:\\\/\\\/www.klan-d.net\\\/wp-content\\\/uploads\\\/cropped-kland4.jpg\",\"width\":512,\"height\":512,\"caption\":\"Radio Klan-D\"},\"image\":{\"@id\":\"https:\\\/\\\/www.klan-d.net\\\/#\\\/schema\\\/logo\\\/image\\\/\"},\"sameAs\":[\"https:\\\/\\\/www.facebook.com\\\/radioclandestine\\\/\",\"https:\\\/\\\/x.com\\\/RadioKlanD\",\"https:\\\/\\\/www.youtube.com\\\/channel\\\/UC2QoBtfYHnl9oWoPlvmaAEg\"]}]}<\/script>\n<!-- \/ Yoast SEO plugin. -->","yoast_head_json":{"title":"Le Monde de Snatch &#8226; Radio Klan-D","description":"Le Monde de Snatch, tous les mercredi \u00e0 21h, c'est le rendez-vous de la tchatche, des anti-syst\u00e8mes, de la gouaille et du bagout...","robots":{"index":"index","follow":"follow","max-snippet":"max-snippet:-1","max-image-preview":"max-image-preview:large","max-video-preview":"max-video-preview:-1"},"canonical":"https:\/\/www.klan-d.net\/?page_id=91","og_locale":"fr_FR","og_type":"article","og_title":"Le Monde de Snatch","og_description":"Le Monde de Snatch, tous les mercredi \u00e0 21h, c'est le rendez-vous de la tchatche, des anti-syst\u00e8mes, de la gouaille et du bagout... Avec Snatch, le seul l'unique, bien qu'il ne doive pas \u00eatre tout seul dans sa t\u00eate.","og_url":"https:\/\/www.klan-d.net\/?page_id=91","og_site_name":"Radio Klan-D","article_publisher":"https:\/\/www.facebook.com\/radioclandestine\/","article_modified_time":"2020-04-02T06:05:24+00:00","og_image":[{"width":250,"height":227,"url":"https:\/\/www.klan-d.net\/wp-content\/uploads\/2016\/09\/monde-snatch250px.jpg","type":"image\/jpeg"}],"twitter_card":"summary_large_image","twitter_site":"@RadioKlanD","twitter_misc":{"Dur\u00e9e de lecture estim\u00e9e":"1 minute"},"schema":{"@context":"https:\/\/schema.org","@graph":[{"@type":"WebPage","@id":"https:\/\/www.klan-d.net\/?page_id=91","url":"https:\/\/www.klan-d.net\/?page_id=91","name":"Le Monde de Snatch &#8226; Radio Klan-D","isPartOf":{"@id":"https:\/\/www.klan-d.net\/#website"},"primaryImageOfPage":{"@id":"https:\/\/www.klan-d.net\/?page_id=91#primaryimage"},"image":{"@id":"https:\/\/www.klan-d.net\/?page_id=91#primaryimage"},"thumbnailUrl":"https:\/\/www.klan-d.net\/wp-content\/uploads\/2016\/09\/monde-snatch250px.jpg","datePublished":"2016-10-04T07:14:12+00:00","dateModified":"2020-04-02T06:05:24+00:00","description":"Le Monde de Snatch, tous les mercredi \u00e0 21h, c'est le rendez-vous de la tchatche, des anti-syst\u00e8mes, de la gouaille et du bagout...","breadcrumb":{"@id":"https:\/\/www.klan-d.net\/?page_id=91#breadcrumb"},"inLanguage":"fr-FR","potentialAction":[{"@type":"ReadAction","target":["https:\/\/www.klan-d.net\/?page_id=91"]}]},{"@type":"ImageObject","inLanguage":"fr-FR","@id":"https:\/\/www.klan-d.net\/?page_id=91#primaryimage","url":"https:\/\/www.klan-d.net\/wp-content\/uploads\/2016\/09\/monde-snatch250px.jpg","contentUrl":"https:\/\/www.klan-d.net\/wp-content\/uploads\/2016\/09\/monde-snatch250px.jpg","width":250,"height":227,"caption":"Le Monde de Snatch"},{"@type":"BreadcrumbList","@id":"https:\/\/www.klan-d.net\/?page_id=91#breadcrumb","itemListElement":[{"@type":"ListItem","position":1,"name":"Accueil","item":"https:\/\/www.klan-d.net\/"},{"@type":"ListItem","position":2,"name":"Archives","item":"https:\/\/www.klan-d.net\/?page_id=997"},{"@type":"ListItem","position":3,"name":"Le Monde de Snatch"}]},{"@type":"WebSite","@id":"https:\/\/www.klan-d.net\/#website","url":"https:\/\/www.klan-d.net\/","name":"Radio Klan-D","description":"Webradio clandestine et ind\u00e9, partout, du old school hip hop, du boom bap et des vannes pourries !","publisher":{"@id":"https:\/\/www.klan-d.net\/#organization"},"potentialAction":[{"@type":"SearchAction","target":{"@type":"EntryPoint","urlTemplate":"https:\/\/www.klan-d.net\/?s={search_term_string}"},"query-input":{"@type":"PropertyValueSpecification","valueRequired":true,"valueName":"search_term_string"}}],"inLanguage":"fr-FR"},{"@type":"Organization","@id":"https:\/\/www.klan-d.net\/#organization","name":"Radio Klan-D","url":"https:\/\/www.klan-d.net\/","logo":{"@type":"ImageObject","inLanguage":"fr-FR","@id":"https:\/\/www.klan-d.net\/#\/schema\/logo\/image\/","url":"https:\/\/www.klan-d.net\/wp-content\/uploads\/cropped-kland4.jpg","contentUrl":"https:\/\/www.klan-d.net\/wp-content\/uploads\/cropped-kland4.jpg","width":512,"height":512,"caption":"Radio Klan-D"},"image":{"@id":"https:\/\/www.klan-d.net\/#\/schema\/logo\/image\/"},"sameAs":["https:\/\/www.facebook.com\/radioclandestine\/","https:\/\/x.com\/RadioKlanD","https:\/\/www.youtube.com\/channel\/UC2QoBtfYHnl9oWoPlvmaAEg"]}]}},"_links":{"self":[{"href":"https:\/\/www.klan-d.net\/index.php?rest_route=\/wp\/v2\/pages\/91","targetHints":{"allow":["GET"]}}],"collection":[{"href":"https:\/\/www.klan-d.net\/index.php?rest_route=\/wp\/v2\/pages"}],"about":[{"href":"https:\/\/www.klan-d.net\/index.php?rest_route=\/wp\/v2\/types\/page"}],"author":[{"embeddable":true,"href":"https:\/\/www.klan-d.net\/index.php?rest_route=\/wp\/v2\/users\/1"}],"replies":[{"embeddable":true,"href":"https:\/\/www.klan-d.net\/index.php?rest_route=%2Fwp%2Fv2%2Fcomments&post=91"}],"version-history":[{"count":0,"href":"https:\/\/www.klan-d.net\/index.php?rest_route=\/wp\/v2\/pages\/91\/revisions"}],"up":[{"embeddable":true,"href":"https:\/\/www.klan-d.net\/index.php?rest_route=\/wp\/v2\/pages\/997"}],"wp:attachment":[{"href":"https:\/\/www.klan-d.net\/index.php?rest_route=%2Fwp%2Fv2%2Fmedia&parent=91"}],"curies":[{"name":"wp","href":"https:\/\/api.w.org\/{rel}","templated":true}]}}