{"id":85,"date":"2016-10-04T09:03:18","date_gmt":"2016-10-04T07:03:18","guid":{"rendered":"http:\/\/127.0.0.1\/?page_id=85"},"modified":"2020-04-02T08:18:35","modified_gmt":"2020-04-02T06:18:35","slug":"the-binary-code","status":"publish","type":"page","link":"https:\/\/www.klan-d.net\/?page_id=85","title":{"rendered":"The Binary Code"},"content":{"rendered":"<p><img loading=\"lazy\" decoding=\"async\" class=\"aligncenter size-full wp-image-42\" src=\"https:\/\/www.klan-d.net\/wp-content\/uploads\/2016\/09\/binary-code250px.jpg\" alt=\"Binary Code\" width=\"250\" height=\"240\" srcset=\"https:\/\/www.klan-d.net\/wp-content\/uploads\/2016\/09\/binary-code250px.jpg 250w, https:\/\/www.klan-d.net\/wp-content\/uploads\/2016\/09\/binary-code250px-156x150.jpg 156w, https:\/\/www.klan-d.net\/wp-content\/uploads\/2016\/09\/binary-code250px-150x144.jpg 150w\" sizes=\"auto, (max-width: 250px) 100vw, 250px\" \/><\/p>\n<hr>\n<p style=\"text-align: left;\">Tous les mardi, \u00e0 20H, dans le Binary Code, Flav&rsquo; nous envoie du metal, de la fusion, des trucs bien crades ! C&rsquo;est l&rsquo;\u00e9mission rock \/ m\u00e9tal \/ fusion que vous ne pouvez pas louper de toute votre semaine. Tout en sachant que derri\u00e8re, on encha\u00eene avec le Desert Show, une \u00e9tape de plus dans le crade !<\/p>\n<hr>\n<p style=\"text-align: left;\"><strong>Binary Code #6<\/strong><\/p>\n<p style=\"text-align: left;\"><iframe loading=\"lazy\" src=\"https:\/\/www.mixcloud.com\/widget\/iframe\/?feed=https%3A%2F%2Fwww.mixcloud.com%2FRadio_Klan_D%2Fthe-binary-code-6%2F&amp;hide_cover=1&amp;light=1\" width=\"100%\" height=\"120\" frameborder=\"0\"><\/iframe><\/p>\n<p style=\"text-align: left;\"><strong>Binary Code #5<\/strong><\/p>\n<p style=\"text-align: left;\"><iframe loading=\"lazy\" src=\"https:\/\/www.mixcloud.com\/widget\/iframe\/?feed=https%3A%2F%2Fwww.mixcloud.com%2FRadio_Klan_D%2Fthe-binary-code-5%2F&amp;hide_cover=1&amp;light=1\" width=\"100%\" height=\"120\" frameborder=\"0\"><\/iframe><\/p>\n<p style=\"text-align: left;\"><strong>Binary Code #3<\/strong><\/p>\n<p style=\"text-align: left;\"><iframe loading=\"lazy\" src=\"https:\/\/www.mixcloud.com\/widget\/iframe\/?feed=https%3A%2F%2Fwww.mixcloud.com%2FRadio_Klan_D%2Fbinary-code-3-02-aout-2016%2F&amp;hide_cover=1&amp;light=1\" width=\"100%\" height=\"120\" frameborder=\"0\"><\/iframe><\/p>\n<p>&nbsp;<\/p>\n<p style=\"text-align: left;\"><strong>Binary Code #2<\/strong><\/p>\n<p style=\"text-align: left;\"><iframe loading=\"lazy\" src=\"https:\/\/www.mixcloud.com\/widget\/iframe\/?feed=https%3A%2F%2Fwww.mixcloud.com%2FRadio_Klan_D%2Fbinary-code-episode-2-5-juin-2016%2F&amp;hide_cover=1&amp;light=1\" width=\"100%\" height=\"120\" frameborder=\"0\"><\/iframe><\/p>\n<p>&nbsp;<\/p>\n<p style=\"text-align: left;\"><strong>Binary Code #1<\/strong><\/p>\n<p style=\"text-align: left;\"><iframe loading=\"lazy\" src=\"https:\/\/www.mixcloud.com\/widget\/iframe\/?feed=https%3A%2F%2Fwww.mixcloud.com%2FRadio_Klan_D%2Fbinary-code-28-juin-2016%2F&amp;hide_cover=1&amp;light=1\" width=\"100%\" height=\"120\" frameborder=\"0\"><\/iframe><\/p>\n","protected":false},"excerpt":{"rendered":"<p>Tous les mardi, \u00e0 20H, dans le Binary Code, Flav&rsquo; nous envoie du metal, de la fusion, des trucs bien crades ! C&rsquo;est l&rsquo;\u00e9mission rock \/ m\u00e9tal \/ fusion que vous ne pouvez pas&#46;&#46;&#46;<\/p>\n","protected":false},"author":1,"featured_media":0,"parent":997,"menu_order":0,"comment_status":"closed","ping_status":"closed","template":"","meta":{"footnotes":""},"class_list":["post-85","page","type-page","status-publish","hentry"],"yoast_head":"<!-- This site is optimized with the Yoast SEO plugin v27.4 - https:\/\/yoast.com\/product\/yoast-seo-wordpress\/ -->\n<title>The Binary Code &#8226; Radio Klan-D<\/title>\n<meta name=\"description\" content=\"Tous les mardi, \u00e0 20H, dans The Binary Code, Flav&#039; nous envoie du rock \/ m\u00e9tal \/ fusion des trucs bien crades ! Incontournable pour se muscler les cheveux.\" \/>\n<meta name=\"robots\" content=\"index, follow, max-snippet:-1, max-image-preview:large, max-video-preview:-1\" \/>\n<link rel=\"canonical\" href=\"https:\/\/www.klan-d.net\/?page_id=85\" \/>\n<meta property=\"og:locale\" content=\"fr_FR\" \/>\n<meta property=\"og:type\" content=\"article\" \/>\n<meta property=\"og:title\" content=\"The Binary Code\" \/>\n<meta property=\"og:description\" content=\"Tous les mardi, \u00e0 20H, dans le Binary Code, Flav&#039; nous envoie du metal, de la fusion, des trucs bien crades ! C&#039;est l&#039;\u00e9mission rock \/ m\u00e9tal \/ fusion que vous ne pouvez pas louper de toute votre semaine. Tout en sachant que derri\u00e8re, on encha\u00eene avec le Desert Show, une \u00e9tape de plus dans le crade !\" \/>\n<meta property=\"og:url\" content=\"https:\/\/www.klan-d.net\/?page_id=85\" \/>\n<meta property=\"og:site_name\" content=\"Radio Klan-D\" \/>\n<meta property=\"article:publisher\" content=\"https:\/\/www.facebook.com\/radioclandestine\/\" \/>\n<meta property=\"article:modified_time\" content=\"2020-04-02T06:18:35+00:00\" \/>\n<meta property=\"og:image\" content=\"https:\/\/www.klan-d.net\/wp-content\/uploads\/2016\/09\/binary-code250px.jpg\" \/>\n\t<meta property=\"og:image:width\" content=\"250\" \/>\n\t<meta property=\"og:image:height\" content=\"240\" \/>\n\t<meta property=\"og:image:type\" content=\"image\/jpeg\" \/>\n<meta name=\"twitter:card\" content=\"summary_large_image\" \/>\n<meta name=\"twitter:site\" content=\"@RadioKlanD\" \/>\n<script type=\"application\/ld+json\" class=\"yoast-schema-graph\">{\"@context\":\"https:\\\/\\\/schema.org\",\"@graph\":[{\"@type\":\"WebPage\",\"@id\":\"https:\\\/\\\/www.klan-d.net\\\/?page_id=85\",\"url\":\"https:\\\/\\\/www.klan-d.net\\\/?page_id=85\",\"name\":\"The Binary Code &#8226; Radio Klan-D\",\"isPartOf\":{\"@id\":\"https:\\\/\\\/www.klan-d.net\\\/#website\"},\"primaryImageOfPage\":{\"@id\":\"https:\\\/\\\/www.klan-d.net\\\/?page_id=85#primaryimage\"},\"image\":{\"@id\":\"https:\\\/\\\/www.klan-d.net\\\/?page_id=85#primaryimage\"},\"thumbnailUrl\":\"https:\\\/\\\/www.klan-d.net\\\/wp-content\\\/uploads\\\/2016\\\/09\\\/binary-code250px.jpg\",\"datePublished\":\"2016-10-04T07:03:18+00:00\",\"dateModified\":\"2020-04-02T06:18:35+00:00\",\"description\":\"Tous les mardi, \u00e0 20H, dans The Binary Code, Flav' nous envoie du rock \\\/ m\u00e9tal \\\/ fusion des trucs bien crades ! Incontournable pour se muscler les cheveux.\",\"breadcrumb\":{\"@id\":\"https:\\\/\\\/www.klan-d.net\\\/?page_id=85#breadcrumb\"},\"inLanguage\":\"fr-FR\",\"potentialAction\":[{\"@type\":\"ReadAction\",\"target\":[\"https:\\\/\\\/www.klan-d.net\\\/?page_id=85\"]}]},{\"@type\":\"ImageObject\",\"inLanguage\":\"fr-FR\",\"@id\":\"https:\\\/\\\/www.klan-d.net\\\/?page_id=85#primaryimage\",\"url\":\"https:\\\/\\\/www.klan-d.net\\\/wp-content\\\/uploads\\\/2016\\\/09\\\/binary-code250px.jpg\",\"contentUrl\":\"https:\\\/\\\/www.klan-d.net\\\/wp-content\\\/uploads\\\/2016\\\/09\\\/binary-code250px.jpg\",\"width\":250,\"height\":240,\"caption\":\"Binary Code\"},{\"@type\":\"BreadcrumbList\",\"@id\":\"https:\\\/\\\/www.klan-d.net\\\/?page_id=85#breadcrumb\",\"itemListElement\":[{\"@type\":\"ListItem\",\"position\":1,\"name\":\"Accueil\",\"item\":\"https:\\\/\\\/www.klan-d.net\\\/\"},{\"@type\":\"ListItem\",\"position\":2,\"name\":\"Archives\",\"item\":\"https:\\\/\\\/www.klan-d.net\\\/?page_id=997\"},{\"@type\":\"ListItem\",\"position\":3,\"name\":\"The Binary Code\"}]},{\"@type\":\"WebSite\",\"@id\":\"https:\\\/\\\/www.klan-d.net\\\/#website\",\"url\":\"https:\\\/\\\/www.klan-d.net\\\/\",\"name\":\"Radio Klan-D\",\"description\":\"Webradio clandestine et ind\u00e9, partout, du old school hip hop, du boom bap et des vannes pourries !\",\"publisher\":{\"@id\":\"https:\\\/\\\/www.klan-d.net\\\/#organization\"},\"potentialAction\":[{\"@type\":\"SearchAction\",\"target\":{\"@type\":\"EntryPoint\",\"urlTemplate\":\"https:\\\/\\\/www.klan-d.net\\\/?s={search_term_string}\"},\"query-input\":{\"@type\":\"PropertyValueSpecification\",\"valueRequired\":true,\"valueName\":\"search_term_string\"}}],\"inLanguage\":\"fr-FR\"},{\"@type\":\"Organization\",\"@id\":\"https:\\\/\\\/www.klan-d.net\\\/#organization\",\"name\":\"Radio Klan-D\",\"url\":\"https:\\\/\\\/www.klan-d.net\\\/\",\"logo\":{\"@type\":\"ImageObject\",\"inLanguage\":\"fr-FR\",\"@id\":\"https:\\\/\\\/www.klan-d.net\\\/#\\\/schema\\\/logo\\\/image\\\/\",\"url\":\"https:\\\/\\\/www.klan-d.net\\\/wp-content\\\/uploads\\\/cropped-kland4.jpg\",\"contentUrl\":\"https:\\\/\\\/www.klan-d.net\\\/wp-content\\\/uploads\\\/cropped-kland4.jpg\",\"width\":512,\"height\":512,\"caption\":\"Radio Klan-D\"},\"image\":{\"@id\":\"https:\\\/\\\/www.klan-d.net\\\/#\\\/schema\\\/logo\\\/image\\\/\"},\"sameAs\":[\"https:\\\/\\\/www.facebook.com\\\/radioclandestine\\\/\",\"https:\\\/\\\/x.com\\\/RadioKlanD\",\"https:\\\/\\\/www.youtube.com\\\/channel\\\/UC2QoBtfYHnl9oWoPlvmaAEg\"]}]}<\/script>\n<!-- \/ Yoast SEO plugin. -->","yoast_head_json":{"title":"The Binary Code &#8226; Radio Klan-D","description":"Tous les mardi, \u00e0 20H, dans The Binary Code, Flav' nous envoie du rock \/ m\u00e9tal \/ fusion des trucs bien crades ! Incontournable pour se muscler les cheveux.","robots":{"index":"index","follow":"follow","max-snippet":"max-snippet:-1","max-image-preview":"max-image-preview:large","max-video-preview":"max-video-preview:-1"},"canonical":"https:\/\/www.klan-d.net\/?page_id=85","og_locale":"fr_FR","og_type":"article","og_title":"The Binary Code","og_description":"Tous les mardi, \u00e0 20H, dans le Binary Code, Flav' nous envoie du metal, de la fusion, des trucs bien crades ! C'est l'\u00e9mission rock \/ m\u00e9tal \/ fusion que vous ne pouvez pas louper de toute votre semaine. Tout en sachant que derri\u00e8re, on encha\u00eene avec le Desert Show, une \u00e9tape de plus dans le crade !","og_url":"https:\/\/www.klan-d.net\/?page_id=85","og_site_name":"Radio Klan-D","article_publisher":"https:\/\/www.facebook.com\/radioclandestine\/","article_modified_time":"2020-04-02T06:18:35+00:00","og_image":[{"width":250,"height":240,"url":"https:\/\/www.klan-d.net\/wp-content\/uploads\/2016\/09\/binary-code250px.jpg","type":"image\/jpeg"}],"twitter_card":"summary_large_image","twitter_site":"@RadioKlanD","schema":{"@context":"https:\/\/schema.org","@graph":[{"@type":"WebPage","@id":"https:\/\/www.klan-d.net\/?page_id=85","url":"https:\/\/www.klan-d.net\/?page_id=85","name":"The Binary Code &#8226; Radio Klan-D","isPartOf":{"@id":"https:\/\/www.klan-d.net\/#website"},"primaryImageOfPage":{"@id":"https:\/\/www.klan-d.net\/?page_id=85#primaryimage"},"image":{"@id":"https:\/\/www.klan-d.net\/?page_id=85#primaryimage"},"thumbnailUrl":"https:\/\/www.klan-d.net\/wp-content\/uploads\/2016\/09\/binary-code250px.jpg","datePublished":"2016-10-04T07:03:18+00:00","dateModified":"2020-04-02T06:18:35+00:00","description":"Tous les mardi, \u00e0 20H, dans The Binary Code, Flav' nous envoie du rock \/ m\u00e9tal \/ fusion des trucs bien crades ! Incontournable pour se muscler les cheveux.","breadcrumb":{"@id":"https:\/\/www.klan-d.net\/?page_id=85#breadcrumb"},"inLanguage":"fr-FR","potentialAction":[{"@type":"ReadAction","target":["https:\/\/www.klan-d.net\/?page_id=85"]}]},{"@type":"ImageObject","inLanguage":"fr-FR","@id":"https:\/\/www.klan-d.net\/?page_id=85#primaryimage","url":"https:\/\/www.klan-d.net\/wp-content\/uploads\/2016\/09\/binary-code250px.jpg","contentUrl":"https:\/\/www.klan-d.net\/wp-content\/uploads\/2016\/09\/binary-code250px.jpg","width":250,"height":240,"caption":"Binary Code"},{"@type":"BreadcrumbList","@id":"https:\/\/www.klan-d.net\/?page_id=85#breadcrumb","itemListElement":[{"@type":"ListItem","position":1,"name":"Accueil","item":"https:\/\/www.klan-d.net\/"},{"@type":"ListItem","position":2,"name":"Archives","item":"https:\/\/www.klan-d.net\/?page_id=997"},{"@type":"ListItem","position":3,"name":"The Binary Code"}]},{"@type":"WebSite","@id":"https:\/\/www.klan-d.net\/#website","url":"https:\/\/www.klan-d.net\/","name":"Radio Klan-D","description":"Webradio clandestine et ind\u00e9, partout, du old school hip hop, du boom bap et des vannes pourries !","publisher":{"@id":"https:\/\/www.klan-d.net\/#organization"},"potentialAction":[{"@type":"SearchAction","target":{"@type":"EntryPoint","urlTemplate":"https:\/\/www.klan-d.net\/?s={search_term_string}"},"query-input":{"@type":"PropertyValueSpecification","valueRequired":true,"valueName":"search_term_string"}}],"inLanguage":"fr-FR"},{"@type":"Organization","@id":"https:\/\/www.klan-d.net\/#organization","name":"Radio Klan-D","url":"https:\/\/www.klan-d.net\/","logo":{"@type":"ImageObject","inLanguage":"fr-FR","@id":"https:\/\/www.klan-d.net\/#\/schema\/logo\/image\/","url":"https:\/\/www.klan-d.net\/wp-content\/uploads\/cropped-kland4.jpg","contentUrl":"https:\/\/www.klan-d.net\/wp-content\/uploads\/cropped-kland4.jpg","width":512,"height":512,"caption":"Radio Klan-D"},"image":{"@id":"https:\/\/www.klan-d.net\/#\/schema\/logo\/image\/"},"sameAs":["https:\/\/www.facebook.com\/radioclandestine\/","https:\/\/x.com\/RadioKlanD","https:\/\/www.youtube.com\/channel\/UC2QoBtfYHnl9oWoPlvmaAEg"]}]}},"_links":{"self":[{"href":"https:\/\/www.klan-d.net\/index.php?rest_route=\/wp\/v2\/pages\/85","targetHints":{"allow":["GET"]}}],"collection":[{"href":"https:\/\/www.klan-d.net\/index.php?rest_route=\/wp\/v2\/pages"}],"about":[{"href":"https:\/\/www.klan-d.net\/index.php?rest_route=\/wp\/v2\/types\/page"}],"author":[{"embeddable":true,"href":"https:\/\/www.klan-d.net\/index.php?rest_route=\/wp\/v2\/users\/1"}],"replies":[{"embeddable":true,"href":"https:\/\/www.klan-d.net\/index.php?rest_route=%2Fwp%2Fv2%2Fcomments&post=85"}],"version-history":[{"count":0,"href":"https:\/\/www.klan-d.net\/index.php?rest_route=\/wp\/v2\/pages\/85\/revisions"}],"up":[{"embeddable":true,"href":"https:\/\/www.klan-d.net\/index.php?rest_route=\/wp\/v2\/pages\/997"}],"wp:attachment":[{"href":"https:\/\/www.klan-d.net\/index.php?rest_route=%2Fwp%2Fv2%2Fmedia&parent=85"}],"curies":[{"name":"wp","href":"https:\/\/api.w.org\/{rel}","templated":true}]}}