{"id":55,"date":"2016-10-04T07:51:38","date_gmt":"2016-10-04T05:51:38","guid":{"rendered":"http:\/\/127.0.0.1\/?page_id=55"},"modified":"2020-04-02T08:03:44","modified_gmt":"2020-04-02T06:03:44","slug":"le-chateau-blanc","status":"publish","type":"page","link":"https:\/\/www.klan-d.net\/?page_id=55","title":{"rendered":"Le Chateau Blanc"},"content":{"rendered":"<p><img loading=\"lazy\" decoding=\"async\" class=\"aligncenter size-full wp-image-41\" src=\"https:\/\/www.klan-d.net\/wp-content\/uploads\/2016\/09\/chateau-blanc250px.jpg\" alt=\"Chateau Blanc\" width=\"250\" height=\"250\" srcset=\"https:\/\/www.klan-d.net\/wp-content\/uploads\/2016\/09\/chateau-blanc250px.jpg 250w, https:\/\/www.klan-d.net\/wp-content\/uploads\/2016\/09\/chateau-blanc250px-150x150.jpg 150w\" sizes=\"auto, (max-width: 250px) 100vw, 250px\" \/><\/p>\n<hr>\n<p style=\"text-align: left;\">Tous les lundi \u00e0 18h30, retrouvez toute la team du Chateau Blanc pour une \u00e9mission hip-hop underground pointue \u00e0 base de nouveaux sons, interviews, freestyles et chroniques.<\/p>\n\n\n<hr class=\"wp-block-separator\"\/>\n\n\n\n<p class=\"has-text-color has-text-align-center has-vivid-red-color\">Sessions vid\u00e9os &#8212; <a href=\"https:\/\/www.klan-d.net\/?page_id=1283\"><u>Podcasts audios<\/u><\/a><\/p>\n\n\n\n<hr class=\"wp-block-separator\"\/>\n\n\n\n<figure class=\"wp-block-embed-youtube wp-block-embed is-type-video is-provider-youtube wp-embed-aspect-16-9 wp-has-aspect-ratio\"><div class=\"wp-block-embed__wrapper\">\n<div class=\"video-container\"><iframe loading=\"lazy\" title=\"Le Ch\u00e2teau Blanc - Freestyle de fin de saison 7 Face B - Radio Campus Amiens\" width=\"500\" height=\"281\" src=\"https:\/\/www.youtube.com\/embed\/JuId0ROBDd4?feature=oembed&#038;wmode=opaque\" frameborder=\"0\" allow=\"accelerometer; autoplay; clipboard-write; encrypted-media; gyroscope; picture-in-picture; web-share\" referrerpolicy=\"strict-origin-when-cross-origin\" allowfullscreen><\/iframe><\/div>\n<\/div><\/figure>\n\n\n\n<hr class=\"wp-block-separator\"\/>\n\n\n\n<figure class=\"wp-block-embed-youtube wp-block-embed is-type-video is-provider-youtube wp-embed-aspect-16-9 wp-has-aspect-ratio\"><div class=\"wp-block-embed__wrapper\">\n<div class=\"video-container\"><iframe loading=\"lazy\" title=\"Le Ch\u00e2teau Blanc - Freestyle de fin de saison 7 Face A - Radio Campus Amiens\" width=\"500\" height=\"281\" src=\"https:\/\/www.youtube.com\/embed\/4YC73SBDtew?feature=oembed&#038;wmode=opaque\" frameborder=\"0\" allow=\"accelerometer; autoplay; clipboard-write; encrypted-media; gyroscope; picture-in-picture; web-share\" referrerpolicy=\"strict-origin-when-cross-origin\" allowfullscreen><\/iframe><\/div>\n<\/div><\/figure>\n\n\n\n<hr class=\"wp-block-separator\"\/>\n\n\n\n<p><a href=\"https:\/\/www.youtube.com\/watch?v=y_EbLiSMEW8\">https:\/\/www.youtube.com\/watch?v=y_EbLiSMEW8<\/a><\/p>\n\n\n\n<hr class=\"wp-block-separator\"\/>\n\n\n\n<figure class=\"wp-block-embed-youtube wp-block-embed is-type-video is-provider-youtube wp-embed-aspect-16-9 wp-has-aspect-ratio\"><div class=\"wp-block-embed__wrapper\">\n<div class=\"video-container\"><iframe loading=\"lazy\" title=\"Le Ch\u00e2teau Blanc - Pestu &amp; Jeuno Freestyle Radio Campus Amiens\" width=\"500\" height=\"281\" src=\"https:\/\/www.youtube.com\/embed\/46xy04Y1Wss?feature=oembed&#038;wmode=opaque\" frameborder=\"0\" allow=\"accelerometer; autoplay; clipboard-write; encrypted-media; gyroscope; picture-in-picture; web-share\" referrerpolicy=\"strict-origin-when-cross-origin\" allowfullscreen><\/iframe><\/div>\n<\/div><\/figure>\n\n\n\n<hr class=\"wp-block-separator\"\/>\n","protected":false},"excerpt":{"rendered":"<p>Tous les lundi \u00e0 18h30, retrouvez toute la team du Chateau Blanc pour une \u00e9mission hip-hop underground pointue \u00e0 base de nouveaux sons, interviews, freestyles et chroniques. Sessions vid\u00e9os &#8212; Podcasts audios https:\/\/www.youtube.com\/watch?v=y_EbLiSMEW8<\/p>\n","protected":false},"author":1,"featured_media":0,"parent":1395,"menu_order":0,"comment_status":"open","ping_status":"closed","template":"","meta":{"footnotes":""},"class_list":["post-55","page","type-page","status-publish","hentry"],"yoast_head":"<!-- This site is optimized with the Yoast SEO plugin v27.4 - https:\/\/yoast.com\/product\/yoast-seo-wordpress\/ -->\n<title>Le Chateau Blanc - Archives Audios et Vid\u00e9os &#8226; Radio Klan-D<\/title>\n<meta name=\"description\" content=\"Tous les lundi \u00e0 18h30, retrouvez la team du Ch\u00e2teau Blanc pour une \u00e9mission hip-hop underground pointue \u00e0 base de nouveaux sons, interviews, freestyles...\" \/>\n<meta name=\"robots\" content=\"index, follow, max-snippet:-1, max-image-preview:large, max-video-preview:-1\" \/>\n<link rel=\"canonical\" href=\"https:\/\/www.klan-d.net\/?page_id=55\" \/>\n<meta property=\"og:locale\" content=\"fr_FR\" \/>\n<meta property=\"og:type\" content=\"article\" \/>\n<meta property=\"og:title\" content=\"Le Ch\u00e2teau Blanc\" \/>\n<meta property=\"og:description\" content=\"Tous les lundi \u00e0 18h30, retrouvez toute la team du Chateau Blanc pour une \u00e9mission hip-hop underground pointue \u00e0 base de nouveaux sons, interviews, freestyles et chroniques.\" \/>\n<meta property=\"og:url\" content=\"https:\/\/www.klan-d.net\/?page_id=55\" \/>\n<meta property=\"og:site_name\" content=\"Radio Klan-D\" \/>\n<meta property=\"article:publisher\" content=\"https:\/\/www.facebook.com\/radioclandestine\/\" \/>\n<meta property=\"article:modified_time\" content=\"2020-04-02T06:03:44+00:00\" \/>\n<meta property=\"og:image\" content=\"https:\/\/www.klan-d.net\/wp-content\/uploads\/kland4.jpg\" \/>\n\t<meta property=\"og:image:width\" content=\"1191\" \/>\n\t<meta property=\"og:image:height\" content=\"842\" \/>\n\t<meta property=\"og:image:type\" content=\"image\/jpeg\" \/>\n<meta name=\"twitter:card\" content=\"summary_large_image\" \/>\n<meta name=\"twitter:site\" content=\"@RadioKlanD\" \/>\n<script type=\"application\/ld+json\" class=\"yoast-schema-graph\">{\"@context\":\"https:\\\/\\\/schema.org\",\"@graph\":[{\"@type\":\"WebPage\",\"@id\":\"https:\\\/\\\/www.klan-d.net\\\/?page_id=55\",\"url\":\"https:\\\/\\\/www.klan-d.net\\\/?page_id=55\",\"name\":\"Le Chateau Blanc - Archives Audios et Vid\u00e9os &#8226; Radio Klan-D\",\"isPartOf\":{\"@id\":\"https:\\\/\\\/www.klan-d.net\\\/#website\"},\"primaryImageOfPage\":{\"@id\":\"https:\\\/\\\/www.klan-d.net\\\/?page_id=55#primaryimage\"},\"image\":{\"@id\":\"https:\\\/\\\/www.klan-d.net\\\/?page_id=55#primaryimage\"},\"thumbnailUrl\":\"https:\\\/\\\/www.klan-d.net\\\/wp-content\\\/uploads\\\/2016\\\/09\\\/chateau-blanc250px.jpg\",\"datePublished\":\"2016-10-04T05:51:38+00:00\",\"dateModified\":\"2020-04-02T06:03:44+00:00\",\"description\":\"Tous les lundi \u00e0 18h30, retrouvez la team du Ch\u00e2teau Blanc pour une \u00e9mission hip-hop underground pointue \u00e0 base de nouveaux sons, interviews, freestyles...\",\"breadcrumb\":{\"@id\":\"https:\\\/\\\/www.klan-d.net\\\/?page_id=55#breadcrumb\"},\"inLanguage\":\"fr-FR\",\"potentialAction\":[{\"@type\":\"ReadAction\",\"target\":[\"https:\\\/\\\/www.klan-d.net\\\/?page_id=55\"]}]},{\"@type\":\"ImageObject\",\"inLanguage\":\"fr-FR\",\"@id\":\"https:\\\/\\\/www.klan-d.net\\\/?page_id=55#primaryimage\",\"url\":\"https:\\\/\\\/www.klan-d.net\\\/wp-content\\\/uploads\\\/2016\\\/09\\\/chateau-blanc250px.jpg\",\"contentUrl\":\"https:\\\/\\\/www.klan-d.net\\\/wp-content\\\/uploads\\\/2016\\\/09\\\/chateau-blanc250px.jpg\",\"width\":250,\"height\":250,\"caption\":\"Ch\u00e2teau Blanc\"},{\"@type\":\"BreadcrumbList\",\"@id\":\"https:\\\/\\\/www.klan-d.net\\\/?page_id=55#breadcrumb\",\"itemListElement\":[{\"@type\":\"ListItem\",\"position\":1,\"name\":\"Accueil\",\"item\":\"https:\\\/\\\/www.klan-d.net\\\/\"},{\"@type\":\"ListItem\",\"position\":2,\"name\":\"Grille de Programmes\",\"item\":\"https:\\\/\\\/www.klan-d.net\\\/?page_id=1395\"},{\"@type\":\"ListItem\",\"position\":3,\"name\":\"Le Chateau Blanc\"}]},{\"@type\":\"WebSite\",\"@id\":\"https:\\\/\\\/www.klan-d.net\\\/#website\",\"url\":\"https:\\\/\\\/www.klan-d.net\\\/\",\"name\":\"Radio Klan-D\",\"description\":\"Webradio clandestine et ind\u00e9, partout, du old school hip hop, du boom bap et des vannes pourries !\",\"publisher\":{\"@id\":\"https:\\\/\\\/www.klan-d.net\\\/#organization\"},\"potentialAction\":[{\"@type\":\"SearchAction\",\"target\":{\"@type\":\"EntryPoint\",\"urlTemplate\":\"https:\\\/\\\/www.klan-d.net\\\/?s={search_term_string}\"},\"query-input\":{\"@type\":\"PropertyValueSpecification\",\"valueRequired\":true,\"valueName\":\"search_term_string\"}}],\"inLanguage\":\"fr-FR\"},{\"@type\":\"Organization\",\"@id\":\"https:\\\/\\\/www.klan-d.net\\\/#organization\",\"name\":\"Radio Klan-D\",\"url\":\"https:\\\/\\\/www.klan-d.net\\\/\",\"logo\":{\"@type\":\"ImageObject\",\"inLanguage\":\"fr-FR\",\"@id\":\"https:\\\/\\\/www.klan-d.net\\\/#\\\/schema\\\/logo\\\/image\\\/\",\"url\":\"https:\\\/\\\/www.klan-d.net\\\/wp-content\\\/uploads\\\/cropped-kland4.jpg\",\"contentUrl\":\"https:\\\/\\\/www.klan-d.net\\\/wp-content\\\/uploads\\\/cropped-kland4.jpg\",\"width\":512,\"height\":512,\"caption\":\"Radio Klan-D\"},\"image\":{\"@id\":\"https:\\\/\\\/www.klan-d.net\\\/#\\\/schema\\\/logo\\\/image\\\/\"},\"sameAs\":[\"https:\\\/\\\/www.facebook.com\\\/radioclandestine\\\/\",\"https:\\\/\\\/x.com\\\/RadioKlanD\",\"https:\\\/\\\/www.youtube.com\\\/channel\\\/UC2QoBtfYHnl9oWoPlvmaAEg\"]}]}<\/script>\n<!-- \/ Yoast SEO plugin. -->","yoast_head_json":{"title":"Le Chateau Blanc - Archives Audios et Vid\u00e9os &#8226; Radio Klan-D","description":"Tous les lundi \u00e0 18h30, retrouvez la team du Ch\u00e2teau Blanc pour une \u00e9mission hip-hop underground pointue \u00e0 base de nouveaux sons, interviews, freestyles...","robots":{"index":"index","follow":"follow","max-snippet":"max-snippet:-1","max-image-preview":"max-image-preview:large","max-video-preview":"max-video-preview:-1"},"canonical":"https:\/\/www.klan-d.net\/?page_id=55","og_locale":"fr_FR","og_type":"article","og_title":"Le Ch\u00e2teau Blanc","og_description":"Tous les lundi \u00e0 18h30, retrouvez toute la team du Chateau Blanc pour une \u00e9mission hip-hop underground pointue \u00e0 base de nouveaux sons, interviews, freestyles et chroniques.","og_url":"https:\/\/www.klan-d.net\/?page_id=55","og_site_name":"Radio Klan-D","article_publisher":"https:\/\/www.facebook.com\/radioclandestine\/","article_modified_time":"2020-04-02T06:03:44+00:00","og_image":[{"width":1191,"height":842,"url":"https:\/\/www.klan-d.net\/wp-content\/uploads\/kland4.jpg","type":"image\/jpeg"}],"twitter_card":"summary_large_image","twitter_site":"@RadioKlanD","schema":{"@context":"https:\/\/schema.org","@graph":[{"@type":"WebPage","@id":"https:\/\/www.klan-d.net\/?page_id=55","url":"https:\/\/www.klan-d.net\/?page_id=55","name":"Le Chateau Blanc - Archives Audios et Vid\u00e9os &#8226; Radio Klan-D","isPartOf":{"@id":"https:\/\/www.klan-d.net\/#website"},"primaryImageOfPage":{"@id":"https:\/\/www.klan-d.net\/?page_id=55#primaryimage"},"image":{"@id":"https:\/\/www.klan-d.net\/?page_id=55#primaryimage"},"thumbnailUrl":"https:\/\/www.klan-d.net\/wp-content\/uploads\/2016\/09\/chateau-blanc250px.jpg","datePublished":"2016-10-04T05:51:38+00:00","dateModified":"2020-04-02T06:03:44+00:00","description":"Tous les lundi \u00e0 18h30, retrouvez la team du Ch\u00e2teau Blanc pour une \u00e9mission hip-hop underground pointue \u00e0 base de nouveaux sons, interviews, freestyles...","breadcrumb":{"@id":"https:\/\/www.klan-d.net\/?page_id=55#breadcrumb"},"inLanguage":"fr-FR","potentialAction":[{"@type":"ReadAction","target":["https:\/\/www.klan-d.net\/?page_id=55"]}]},{"@type":"ImageObject","inLanguage":"fr-FR","@id":"https:\/\/www.klan-d.net\/?page_id=55#primaryimage","url":"https:\/\/www.klan-d.net\/wp-content\/uploads\/2016\/09\/chateau-blanc250px.jpg","contentUrl":"https:\/\/www.klan-d.net\/wp-content\/uploads\/2016\/09\/chateau-blanc250px.jpg","width":250,"height":250,"caption":"Ch\u00e2teau Blanc"},{"@type":"BreadcrumbList","@id":"https:\/\/www.klan-d.net\/?page_id=55#breadcrumb","itemListElement":[{"@type":"ListItem","position":1,"name":"Accueil","item":"https:\/\/www.klan-d.net\/"},{"@type":"ListItem","position":2,"name":"Grille de Programmes","item":"https:\/\/www.klan-d.net\/?page_id=1395"},{"@type":"ListItem","position":3,"name":"Le Chateau Blanc"}]},{"@type":"WebSite","@id":"https:\/\/www.klan-d.net\/#website","url":"https:\/\/www.klan-d.net\/","name":"Radio Klan-D","description":"Webradio clandestine et ind\u00e9, partout, du old school hip hop, du boom bap et des vannes pourries !","publisher":{"@id":"https:\/\/www.klan-d.net\/#organization"},"potentialAction":[{"@type":"SearchAction","target":{"@type":"EntryPoint","urlTemplate":"https:\/\/www.klan-d.net\/?s={search_term_string}"},"query-input":{"@type":"PropertyValueSpecification","valueRequired":true,"valueName":"search_term_string"}}],"inLanguage":"fr-FR"},{"@type":"Organization","@id":"https:\/\/www.klan-d.net\/#organization","name":"Radio Klan-D","url":"https:\/\/www.klan-d.net\/","logo":{"@type":"ImageObject","inLanguage":"fr-FR","@id":"https:\/\/www.klan-d.net\/#\/schema\/logo\/image\/","url":"https:\/\/www.klan-d.net\/wp-content\/uploads\/cropped-kland4.jpg","contentUrl":"https:\/\/www.klan-d.net\/wp-content\/uploads\/cropped-kland4.jpg","width":512,"height":512,"caption":"Radio Klan-D"},"image":{"@id":"https:\/\/www.klan-d.net\/#\/schema\/logo\/image\/"},"sameAs":["https:\/\/www.facebook.com\/radioclandestine\/","https:\/\/x.com\/RadioKlanD","https:\/\/www.youtube.com\/channel\/UC2QoBtfYHnl9oWoPlvmaAEg"]}]}},"_links":{"self":[{"href":"https:\/\/www.klan-d.net\/index.php?rest_route=\/wp\/v2\/pages\/55","targetHints":{"allow":["GET"]}}],"collection":[{"href":"https:\/\/www.klan-d.net\/index.php?rest_route=\/wp\/v2\/pages"}],"about":[{"href":"https:\/\/www.klan-d.net\/index.php?rest_route=\/wp\/v2\/types\/page"}],"author":[{"embeddable":true,"href":"https:\/\/www.klan-d.net\/index.php?rest_route=\/wp\/v2\/users\/1"}],"replies":[{"embeddable":true,"href":"https:\/\/www.klan-d.net\/index.php?rest_route=%2Fwp%2Fv2%2Fcomments&post=55"}],"version-history":[{"count":0,"href":"https:\/\/www.klan-d.net\/index.php?rest_route=\/wp\/v2\/pages\/55\/revisions"}],"up":[{"embeddable":true,"href":"https:\/\/www.klan-d.net\/index.php?rest_route=\/wp\/v2\/pages\/1395"}],"wp:attachment":[{"href":"https:\/\/www.klan-d.net\/index.php?rest_route=%2Fwp%2Fv2%2Fmedia&parent=55"}],"curies":[{"name":"wp","href":"https:\/\/api.w.org\/{rel}","templated":true}]}}