{"id":426,"date":"2017-04-04T07:12:14","date_gmt":"2017-04-04T05:12:14","guid":{"rendered":"https:\/\/www.klan-d.net\/?page_id=426"},"modified":"2019-09-17T06:56:30","modified_gmt":"2019-09-17T04:56:30","slug":"replays-videos","status":"publish","type":"page","link":"https:\/\/www.klan-d.net\/?page_id=426","title":{"rendered":"Replays Vid\u00e9os"},"content":{"rendered":"\n<div class=\"wp-block-image\"><figure class=\"aligncenter is-resized\"><img loading=\"lazy\" decoding=\"async\" src=\"https:\/\/www.klan-d.net\/wp-content\/uploads\/Klan-D-youtube-replays-1024x914.png\" alt=\"Replays Vid\u00e9os\" class=\"wp-image-427\" width=\"512\" height=\"457\" srcset=\"https:\/\/www.klan-d.net\/wp-content\/uploads\/Klan-D-youtube-replays-1024x914.png 1024w, https:\/\/www.klan-d.net\/wp-content\/uploads\/Klan-D-youtube-replays-300x268.png 300w, https:\/\/www.klan-d.net\/wp-content\/uploads\/Klan-D-youtube-replays-768x686.png 768w, https:\/\/www.klan-d.net\/wp-content\/uploads\/Klan-D-youtube-replays-168x150.png 168w, https:\/\/www.klan-d.net\/wp-content\/uploads\/Klan-D-youtube-replays-150x134.png 150w, https:\/\/www.klan-d.net\/wp-content\/uploads\/Klan-D-youtube-replays.png 1090w\" sizes=\"auto, (max-width: 512px) 100vw, 512px\" \/><\/figure><\/div>\n\n\n\n<p>Retrouvez ici tous les replays des \u00e9missions enregistr\u00e9es en vid\u00e9o, sales gueules incluses, ne pas jeter sur la voie publique.<\/p>\n\n\n\n<hr class=\"wp-block-separator\"\/>\n\n\n\n<figure class=\"wp-block-embed-youtube wp-block-embed is-type-video is-provider-youtube wp-embed-aspect-16-9 wp-has-aspect-ratio\"><div class=\"wp-block-embed__wrapper\">\n<div class=\"video-container\"><iframe loading=\"lazy\" title=\"Mac Baret Show - Avec Sam !\" width=\"500\" height=\"281\" src=\"https:\/\/www.youtube.com\/embed\/uiiRHxgTjmw?feature=oembed&#038;wmode=opaque\" frameborder=\"0\" allow=\"accelerometer; autoplay; clipboard-write; encrypted-media; gyroscope; picture-in-picture; web-share\" referrerpolicy=\"strict-origin-when-cross-origin\" allowfullscreen><\/iframe><\/div>\n<\/div><figcaption>Emission unique avec Sam, sp\u00e9cialiste Soul \/ Funk, dans laquelle il partage sa grande culture musicale en toute simplicit\u00e9, et en allant pisser quand je passe mes sons. RAH !<\/figcaption><\/figure>\n\n\n\n<hr class=\"wp-block-separator\"\/>\n\n\n\n<figure class=\"wp-block-embed-youtube wp-block-embed is-type-video is-provider-youtube wp-embed-aspect-16-9 wp-has-aspect-ratio\"><div class=\"wp-block-embed__wrapper\">\n<div class=\"video-container\"><iframe loading=\"lazy\" title=\"Cardio Jack - Freestyle Radio Klan-D\" width=\"500\" height=\"281\" src=\"https:\/\/www.youtube.com\/embed\/6WS70zwka-0?feature=oembed&#038;wmode=opaque\" frameborder=\"0\" allow=\"accelerometer; autoplay; clipboard-write; encrypted-media; gyroscope; picture-in-picture; web-share\" referrerpolicy=\"strict-origin-when-cross-origin\" allowfullscreen><\/iframe><\/div>\n<\/div><figcaption>Lors du passage de Cardio Jack dans les locaux, on l&rsquo;a pris au pi\u00e8ge avec une instru de 30 minutes qu&rsquo;il ne connaissait pas, et l&rsquo;moins qu&rsquo;on puisse dire, c&rsquo;est qu&rsquo;il s&rsquo;est pas laiss\u00e9 d\u00e9monter&#8230;<\/figcaption><\/figure>\n\n\n\n<hr class=\"wp-block-separator\"\/>\n\n\n\n<figure class=\"wp-block-embed-youtube wp-block-embed is-type-video is-provider-youtube wp-embed-aspect-16-9 wp-has-aspect-ratio\"><div class=\"wp-block-embed__wrapper\">\n<div class=\"video-container\"><iframe loading=\"lazy\" title=\"OP - J&#039;pense - Sur Radio Klan-D dans le Mac Baret Show\" width=\"500\" height=\"281\" src=\"https:\/\/www.youtube.com\/embed\/45Z5ystPpfw?feature=oembed&#038;wmode=opaque\" frameborder=\"0\" allow=\"accelerometer; autoplay; clipboard-write; encrypted-media; gyroscope; picture-in-picture; web-share\" referrerpolicy=\"strict-origin-when-cross-origin\" allowfullscreen><\/iframe><\/div>\n<\/div><figcaption>Clip mortel d&rsquo;OP qui interpr\u00e8te \u00ab\u00a0J&rsquo;Pense\u00a0\u00bb, constitu\u00e9 de pas mal de prises de vues deter p\u00e9cho par le talentueux DJ Sianur. Court, mais intense !<\/figcaption><\/figure>\n\n\n\n<hr class=\"wp-block-separator\"\/>\n\n\n\n<figure class=\"wp-block-embed-youtube wp-block-embed is-type-video is-provider-youtube wp-embed-aspect-16-9 wp-has-aspect-ratio\"><div class=\"wp-block-embed__wrapper\">\nhttps:\/\/www.youtube.com\/watch?v=pXrB41RbkzE\n<\/div><figcaption>Junior passe de l&rsquo;autre c\u00f4t\u00e9 de la barri\u00e8re et vient nous pr\u00e9senter son album \u00ab\u00a0Party Discipline\u00a0\u00bb, c&rsquo;est l&rsquo;occasion d&rsquo;un festival de petites culottes, d&rsquo;anecdotes improbables, et surtout d&rsquo;une session live beatmaking film\u00e9e \u00e0 l&rsquo;aide de deux cam\u00e9ras simultan\u00e9es !<\/figcaption><\/figure>\n\n\n\n<hr class=\"wp-block-separator\"\/>\n\n\n\n<figure class=\"wp-block-embed-youtube wp-block-embed is-type-video is-provider-youtube wp-embed-aspect-16-9 wp-has-aspect-ratio\"><div class=\"wp-block-embed__wrapper\">\n<div class=\"video-container\"><iframe loading=\"lazy\" title=\"Petit Pierre live \u00e0 150 BPM\" width=\"500\" height=\"281\" src=\"https:\/\/www.youtube.com\/embed\/UOcHjKY7Nac?feature=oembed&#038;wmode=opaque\" frameborder=\"0\" allow=\"accelerometer; autoplay; clipboard-write; encrypted-media; gyroscope; picture-in-picture; web-share\" referrerpolicy=\"strict-origin-when-cross-origin\" allowfullscreen><\/iframe><\/div>\n<\/div><figcaption>Petit Pierre, mec deter de la zique \u00e9lectro, est venu nous faire un paquet de sons en live avec son \u00e9quipement improbable, et taper la discute. Le tout&#8230; \u00e0 150 BPM SA MERE !<\/figcaption><\/figure>\n\n\n\n<hr class=\"wp-block-separator\"\/>\n\n\n\n<figure class=\"wp-block-embed-youtube wp-block-embed is-type-video is-provider-youtube wp-embed-aspect-16-9 wp-has-aspect-ratio\"><div class=\"wp-block-embed__wrapper\">\n<div class=\"video-container\"><iframe loading=\"lazy\" title=\"DjamHellVice en live dans le Mac Baret Show\" width=\"500\" height=\"281\" src=\"https:\/\/www.youtube.com\/embed\/kAr66wJtaoM?feature=oembed&#038;wmode=opaque\" frameborder=\"0\" allow=\"accelerometer; autoplay; clipboard-write; encrypted-media; gyroscope; picture-in-picture; web-share\" referrerpolicy=\"strict-origin-when-cross-origin\" allowfullscreen><\/iframe><\/div>\n<\/div><figcaption>DjamHellVice venait nous taper une version live d&rsquo;une track qui bute de son album Controverse !<\/figcaption><\/figure>\n\n\n\n<hr class=\"wp-block-separator\"\/>\n","protected":false},"excerpt":{"rendered":"<p>Retrouvez ici tous les replays des \u00e9missions enregistr\u00e9es en vid\u00e9o, sales gueules incluses, ne pas jeter sur la voie publique.<\/p>\n","protected":false},"author":1,"featured_media":0,"parent":58,"menu_order":0,"comment_status":"open","ping_status":"closed","template":"","meta":{"footnotes":""},"class_list":["post-426","page","type-page","status-publish","hentry"],"yoast_head":"<!-- This site is optimized with the Yoast SEO plugin v27.3 - https:\/\/yoast.com\/product\/yoast-seo-wordpress\/ -->\n<title>Replays Vid\u00e9os &#8226; Radio Klan-D<\/title>\n<meta name=\"description\" content=\"Retrouvez ici les Replays Vid\u00e9os des lives pass\u00e9s sur Radio Klan-D ! Sales gueules incluses, ne pas jeter sur la voie publique.\" \/>\n<meta name=\"robots\" content=\"index, follow, max-snippet:-1, max-image-preview:large, max-video-preview:-1\" \/>\n<link rel=\"canonical\" href=\"https:\/\/www.klan-d.net\/?page_id=426\" \/>\n<meta property=\"og:locale\" content=\"fr_FR\" \/>\n<meta property=\"og:type\" content=\"article\" \/>\n<meta property=\"og:title\" content=\"Radio Klan-D - Replays Vid\u00e9os\" \/>\n<meta property=\"og:description\" content=\"Retrouvez ici les replays vid\u00e9os des lives Klan-D ! Sales gueules incluses, ne pas jeter sur la voie publique.\" \/>\n<meta property=\"og:url\" content=\"https:\/\/www.klan-d.net\/?page_id=426\" \/>\n<meta property=\"og:site_name\" content=\"Radio Klan-D\" \/>\n<meta property=\"article:publisher\" content=\"https:\/\/www.facebook.com\/radioclandestine\/\" \/>\n<meta property=\"article:modified_time\" content=\"2019-09-17T04:56:30+00:00\" \/>\n<meta property=\"og:image\" content=\"https:\/\/www.klan-d.net\/wp-content\/uploads\/Klan-D-youtube-replays.png\" \/>\n\t<meta property=\"og:image:width\" content=\"1090\" \/>\n\t<meta property=\"og:image:height\" content=\"973\" \/>\n\t<meta property=\"og:image:type\" content=\"image\/png\" \/>\n<meta name=\"twitter:card\" content=\"summary_large_image\" \/>\n<meta name=\"twitter:site\" content=\"@RadioKlanD\" \/>\n<meta name=\"twitter:label1\" content=\"Dur\u00e9e de lecture estim\u00e9e\" \/>\n\t<meta name=\"twitter:data1\" content=\"1 minute\" \/>\n<script type=\"application\/ld+json\" class=\"yoast-schema-graph\">{\"@context\":\"https:\\\/\\\/schema.org\",\"@graph\":[{\"@type\":\"WebPage\",\"@id\":\"https:\\\/\\\/www.klan-d.net\\\/?page_id=426\",\"url\":\"https:\\\/\\\/www.klan-d.net\\\/?page_id=426\",\"name\":\"Replays Vid\u00e9os &#8226; Radio Klan-D\",\"isPartOf\":{\"@id\":\"https:\\\/\\\/www.klan-d.net\\\/#website\"},\"primaryImageOfPage\":{\"@id\":\"https:\\\/\\\/www.klan-d.net\\\/?page_id=426#primaryimage\"},\"image\":{\"@id\":\"https:\\\/\\\/www.klan-d.net\\\/?page_id=426#primaryimage\"},\"thumbnailUrl\":\"https:\\\/\\\/www.klan-d.net\\\/wp-content\\\/uploads\\\/Klan-D-youtube-replays-1024x914.png\",\"datePublished\":\"2017-04-04T05:12:14+00:00\",\"dateModified\":\"2019-09-17T04:56:30+00:00\",\"description\":\"Retrouvez ici les Replays Vid\u00e9os des lives pass\u00e9s sur Radio Klan-D ! Sales gueules incluses, ne pas jeter sur la voie publique.\",\"breadcrumb\":{\"@id\":\"https:\\\/\\\/www.klan-d.net\\\/?page_id=426#breadcrumb\"},\"inLanguage\":\"fr-FR\",\"potentialAction\":[{\"@type\":\"ReadAction\",\"target\":[\"https:\\\/\\\/www.klan-d.net\\\/?page_id=426\"]}]},{\"@type\":\"ImageObject\",\"inLanguage\":\"fr-FR\",\"@id\":\"https:\\\/\\\/www.klan-d.net\\\/?page_id=426#primaryimage\",\"url\":\"https:\\\/\\\/www.klan-d.net\\\/wp-content\\\/uploads\\\/Klan-D-youtube-replays.png\",\"contentUrl\":\"https:\\\/\\\/www.klan-d.net\\\/wp-content\\\/uploads\\\/Klan-D-youtube-replays.png\",\"width\":1090,\"height\":973,\"caption\":\"Replays Vid\u00e9os\"},{\"@type\":\"BreadcrumbList\",\"@id\":\"https:\\\/\\\/www.klan-d.net\\\/?page_id=426#breadcrumb\",\"itemListElement\":[{\"@type\":\"ListItem\",\"position\":1,\"name\":\"Accueil\",\"item\":\"https:\\\/\\\/www.klan-d.net\\\/\"},{\"@type\":\"ListItem\",\"position\":2,\"name\":\"Accueil\",\"item\":\"https:\\\/\\\/www.klan-d.net\\\/?page_id=58\"},{\"@type\":\"ListItem\",\"position\":3,\"name\":\"Replays Vid\u00e9os\"}]},{\"@type\":\"WebSite\",\"@id\":\"https:\\\/\\\/www.klan-d.net\\\/#website\",\"url\":\"https:\\\/\\\/www.klan-d.net\\\/\",\"name\":\"Radio Klan-D\",\"description\":\"Webradio clandestine et ind\u00e9, partout, du old school hip hop, du boom bap et des vannes pourries !\",\"publisher\":{\"@id\":\"https:\\\/\\\/www.klan-d.net\\\/#organization\"},\"potentialAction\":[{\"@type\":\"SearchAction\",\"target\":{\"@type\":\"EntryPoint\",\"urlTemplate\":\"https:\\\/\\\/www.klan-d.net\\\/?s={search_term_string}\"},\"query-input\":{\"@type\":\"PropertyValueSpecification\",\"valueRequired\":true,\"valueName\":\"search_term_string\"}}],\"inLanguage\":\"fr-FR\"},{\"@type\":\"Organization\",\"@id\":\"https:\\\/\\\/www.klan-d.net\\\/#organization\",\"name\":\"Radio Klan-D\",\"url\":\"https:\\\/\\\/www.klan-d.net\\\/\",\"logo\":{\"@type\":\"ImageObject\",\"inLanguage\":\"fr-FR\",\"@id\":\"https:\\\/\\\/www.klan-d.net\\\/#\\\/schema\\\/logo\\\/image\\\/\",\"url\":\"https:\\\/\\\/www.klan-d.net\\\/wp-content\\\/uploads\\\/cropped-kland4.jpg\",\"contentUrl\":\"https:\\\/\\\/www.klan-d.net\\\/wp-content\\\/uploads\\\/cropped-kland4.jpg\",\"width\":512,\"height\":512,\"caption\":\"Radio Klan-D\"},\"image\":{\"@id\":\"https:\\\/\\\/www.klan-d.net\\\/#\\\/schema\\\/logo\\\/image\\\/\"},\"sameAs\":[\"https:\\\/\\\/www.facebook.com\\\/radioclandestine\\\/\",\"https:\\\/\\\/x.com\\\/RadioKlanD\",\"https:\\\/\\\/www.youtube.com\\\/channel\\\/UC2QoBtfYHnl9oWoPlvmaAEg\"]}]}<\/script>\n<!-- \/ Yoast SEO plugin. -->","yoast_head_json":{"title":"Replays Vid\u00e9os &#8226; Radio Klan-D","description":"Retrouvez ici les Replays Vid\u00e9os des lives pass\u00e9s sur Radio Klan-D ! Sales gueules incluses, ne pas jeter sur la voie publique.","robots":{"index":"index","follow":"follow","max-snippet":"max-snippet:-1","max-image-preview":"max-image-preview:large","max-video-preview":"max-video-preview:-1"},"canonical":"https:\/\/www.klan-d.net\/?page_id=426","og_locale":"fr_FR","og_type":"article","og_title":"Radio Klan-D - Replays Vid\u00e9os","og_description":"Retrouvez ici les replays vid\u00e9os des lives Klan-D ! Sales gueules incluses, ne pas jeter sur la voie publique.","og_url":"https:\/\/www.klan-d.net\/?page_id=426","og_site_name":"Radio Klan-D","article_publisher":"https:\/\/www.facebook.com\/radioclandestine\/","article_modified_time":"2019-09-17T04:56:30+00:00","og_image":[{"width":1090,"height":973,"url":"https:\/\/www.klan-d.net\/wp-content\/uploads\/Klan-D-youtube-replays.png","type":"image\/png"}],"twitter_card":"summary_large_image","twitter_site":"@RadioKlanD","twitter_misc":{"Dur\u00e9e de lecture estim\u00e9e":"1 minute"},"schema":{"@context":"https:\/\/schema.org","@graph":[{"@type":"WebPage","@id":"https:\/\/www.klan-d.net\/?page_id=426","url":"https:\/\/www.klan-d.net\/?page_id=426","name":"Replays Vid\u00e9os &#8226; Radio Klan-D","isPartOf":{"@id":"https:\/\/www.klan-d.net\/#website"},"primaryImageOfPage":{"@id":"https:\/\/www.klan-d.net\/?page_id=426#primaryimage"},"image":{"@id":"https:\/\/www.klan-d.net\/?page_id=426#primaryimage"},"thumbnailUrl":"https:\/\/www.klan-d.net\/wp-content\/uploads\/Klan-D-youtube-replays-1024x914.png","datePublished":"2017-04-04T05:12:14+00:00","dateModified":"2019-09-17T04:56:30+00:00","description":"Retrouvez ici les Replays Vid\u00e9os des lives pass\u00e9s sur Radio Klan-D ! Sales gueules incluses, ne pas jeter sur la voie publique.","breadcrumb":{"@id":"https:\/\/www.klan-d.net\/?page_id=426#breadcrumb"},"inLanguage":"fr-FR","potentialAction":[{"@type":"ReadAction","target":["https:\/\/www.klan-d.net\/?page_id=426"]}]},{"@type":"ImageObject","inLanguage":"fr-FR","@id":"https:\/\/www.klan-d.net\/?page_id=426#primaryimage","url":"https:\/\/www.klan-d.net\/wp-content\/uploads\/Klan-D-youtube-replays.png","contentUrl":"https:\/\/www.klan-d.net\/wp-content\/uploads\/Klan-D-youtube-replays.png","width":1090,"height":973,"caption":"Replays Vid\u00e9os"},{"@type":"BreadcrumbList","@id":"https:\/\/www.klan-d.net\/?page_id=426#breadcrumb","itemListElement":[{"@type":"ListItem","position":1,"name":"Accueil","item":"https:\/\/www.klan-d.net\/"},{"@type":"ListItem","position":2,"name":"Accueil","item":"https:\/\/www.klan-d.net\/?page_id=58"},{"@type":"ListItem","position":3,"name":"Replays Vid\u00e9os"}]},{"@type":"WebSite","@id":"https:\/\/www.klan-d.net\/#website","url":"https:\/\/www.klan-d.net\/","name":"Radio Klan-D","description":"Webradio clandestine et ind\u00e9, partout, du old school hip hop, du boom bap et des vannes pourries !","publisher":{"@id":"https:\/\/www.klan-d.net\/#organization"},"potentialAction":[{"@type":"SearchAction","target":{"@type":"EntryPoint","urlTemplate":"https:\/\/www.klan-d.net\/?s={search_term_string}"},"query-input":{"@type":"PropertyValueSpecification","valueRequired":true,"valueName":"search_term_string"}}],"inLanguage":"fr-FR"},{"@type":"Organization","@id":"https:\/\/www.klan-d.net\/#organization","name":"Radio Klan-D","url":"https:\/\/www.klan-d.net\/","logo":{"@type":"ImageObject","inLanguage":"fr-FR","@id":"https:\/\/www.klan-d.net\/#\/schema\/logo\/image\/","url":"https:\/\/www.klan-d.net\/wp-content\/uploads\/cropped-kland4.jpg","contentUrl":"https:\/\/www.klan-d.net\/wp-content\/uploads\/cropped-kland4.jpg","width":512,"height":512,"caption":"Radio Klan-D"},"image":{"@id":"https:\/\/www.klan-d.net\/#\/schema\/logo\/image\/"},"sameAs":["https:\/\/www.facebook.com\/radioclandestine\/","https:\/\/x.com\/RadioKlanD","https:\/\/www.youtube.com\/channel\/UC2QoBtfYHnl9oWoPlvmaAEg"]}]}},"_links":{"self":[{"href":"https:\/\/www.klan-d.net\/index.php?rest_route=\/wp\/v2\/pages\/426","targetHints":{"allow":["GET"]}}],"collection":[{"href":"https:\/\/www.klan-d.net\/index.php?rest_route=\/wp\/v2\/pages"}],"about":[{"href":"https:\/\/www.klan-d.net\/index.php?rest_route=\/wp\/v2\/types\/page"}],"author":[{"embeddable":true,"href":"https:\/\/www.klan-d.net\/index.php?rest_route=\/wp\/v2\/users\/1"}],"replies":[{"embeddable":true,"href":"https:\/\/www.klan-d.net\/index.php?rest_route=%2Fwp%2Fv2%2Fcomments&post=426"}],"version-history":[{"count":0,"href":"https:\/\/www.klan-d.net\/index.php?rest_route=\/wp\/v2\/pages\/426\/revisions"}],"up":[{"embeddable":true,"href":"https:\/\/www.klan-d.net\/index.php?rest_route=\/wp\/v2\/pages\/58"}],"wp:attachment":[{"href":"https:\/\/www.klan-d.net\/index.php?rest_route=%2Fwp%2Fv2%2Fmedia&parent=426"}],"curies":[{"name":"wp","href":"https:\/\/api.w.org\/{rel}","templated":true}]}}