{"id":1929,"date":"2021-05-24T01:57:15","date_gmt":"2021-05-23T23:57:15","guid":{"rendered":"https:\/\/www.klan-d.net\/?page_id=1929"},"modified":"2021-07-16T03:53:27","modified_gmt":"2021-07-16T01:53:27","slug":"mac-baret-show-30-40","status":"publish","type":"page","link":"https:\/\/www.klan-d.net\/?page_id=1929","title":{"rendered":"Mac Baret Show  (#30 &#8211; #40)"},"content":{"rendered":"\n<div class=\"wp-block-image\"><figure class=\"aligncenter size-large\"><img loading=\"lazy\" decoding=\"async\" width=\"277\" height=\"277\" src=\"https:\/\/www.klan-d.net\/wp-content\/uploads\/MBS-Vign.png\" alt=\"Mac Baret Show\" class=\"wp-image-1002\" srcset=\"https:\/\/www.klan-d.net\/wp-content\/uploads\/MBS-Vign.png 277w, https:\/\/www.klan-d.net\/wp-content\/uploads\/MBS-Vign-150x150.png 150w, https:\/\/www.klan-d.net\/wp-content\/uploads\/MBS-Vign-160x160.png 160w\" sizes=\"auto, (max-width: 277px) 100vw, 277px\" \/><\/figure><\/div>\n\n\n\n<p>Le Mac Baret Show, tous les jeudi \u00e0 20H, envoie de la grosse old school bien grasse, avec des d\u00e9bats, parfois des invit\u00e9s, des d\u00e9bats sur le rap d&rsquo;aujourd&rsquo;hui ou d&rsquo;avant, une grosse dose de mauvaise foi, des freestyles, et des situations improbables.<\/p>\n\n\n\n<p>Environ deux heures de sons bien lourds, de vannes pourries, d&rsquo;invit\u00e9s, et de barrages en couilles.<\/p>\n\n\n\n<p>C&rsquo;est le Mac Baret Show, sur radio Klan-D.<\/p>\n\n\n\n<hr class=\"wp-block-separator\"\/>\n\n\n\n<p class=\"has-text-align-center has-vivid-red-color has-text-color\"><a href=\"https:\/\/www.klan-d.net\/?page_id=81\">1-10<\/a> &#8212; <a href=\"https:\/\/www.klan-d.net\/?page_id=1347\">10-20<\/a> &#8212; <a href=\"https:\/\/www.klan-d.net\/?page_id=1360\">20-30<\/a> &#8212; <strong>30 &#8211; 40<\/strong><\/p>\n\n\n\n<p class=\"has-text-align-center has-vivid-red-color has-text-color\"><a href=\"https:\/\/www.klan-d.net\/?page_id=1914\">Les sp\u00e9ciales Rap FR Ind\u00e9 avec G\u00e9n\u00e9ration Ind\u00e9pendance<\/a><\/p>\n\n\n\n<hr class=\"wp-block-separator\"\/>\n\n\n\n<figure class=\"wp-block-embed is-type-rich is-provider-mixcloud wp-block-embed-mixcloud wp-embed-aspect-21-9 wp-has-aspect-ratio\"><div class=\"wp-block-embed__wrapper\">\n<iframe loading=\"lazy\" title=\"Mac Baret Show #31 : Pas De Coke, Pas De Gluten, Mais Le Cartel Club\" width=\"100%\" height=\"120\" src=\"https:\/\/www.mixcloud.com\/widget\/iframe\/?feed=https%3A%2F%2Fwww.mixcloud.com%2Fbobmacbaret2%2Fmac-baret-show-31-pas-de-coke-pas-de-gluten-mais-le-cartel-club%2F&amp;hide_cover=1\" frameborder=\"0\" allow=\"encrypted-media; fullscreen; autoplay; idle-detection; speaker-selection; web-share;\"><\/iframe>\n<\/div><figcaption>#31 &#8211; Emission avec Guig&rsquo;Z qui nous pr\u00e9sente la mixtape de son crew Le Cartel Club<\/figcaption><\/figure>\n\n\n\n<hr class=\"wp-block-separator\"\/>\n\n\n\n<figure class=\"wp-block-embed is-type-rich is-provider-mixcloud wp-block-embed-mixcloud wp-embed-aspect-21-9 wp-has-aspect-ratio\"><div class=\"wp-block-embed__wrapper\">\n<iframe loading=\"lazy\" title=\"Mac Baret Show #32 : Corruption Vol.1, La Compil Avec Des Valises De Billets\" width=\"100%\" height=\"120\" src=\"https:\/\/www.mixcloud.com\/widget\/iframe\/?feed=https%3A%2F%2Fwww.mixcloud.com%2Fbobmacbaret2%2Fmac-baret-show-32-corruption-vol1-la-compil-avec-des-valises-de-billets%2F&amp;hide_cover=1\" frameborder=\"0\" allow=\"encrypted-media; fullscreen; autoplay; idle-detection; speaker-selection; web-share;\"><\/iframe>\n<\/div><figcaption>#32 &#8211; Pr\u00e9sentation de la compil \u00ab\u00a0Corruption Vol. 1\u00a0\u00bb de G\u00e9n\u00e9ration Ind\u00e9pendance<\/figcaption><\/figure>\n\n\n\n<hr class=\"wp-block-separator\"\/>\n\n\n\n<figure class=\"wp-block-embed is-type-rich is-provider-mixcloud wp-block-embed-mixcloud wp-embed-aspect-21-9 wp-has-aspect-ratio\"><div class=\"wp-block-embed__wrapper\">\n<iframe loading=\"lazy\" title=\"Mac Baret Show #33 - Corruption Partie 2 : On Traite La Police Et Darmanin\" width=\"100%\" height=\"120\" src=\"https:\/\/www.mixcloud.com\/widget\/iframe\/?feed=https%3A%2F%2Fwww.mixcloud.com%2Fbobmacbaret2%2Fmac-baret-show-33-corruption-partie-2-on-traite-la-police-et-darmanin%2F&amp;hide_cover=1\" frameborder=\"0\" allow=\"encrypted-media; fullscreen; autoplay; idle-detection; speaker-selection; web-share;\"><\/iframe>\n<\/div><figcaption>#33 &#8211; Pr\u00e9sentation de la compil \u00ab\u00a0Corruption Vol. 2\u00a0\u00bb avec G\u00e9n\u00e9ration Ind\u00e9pendance<\/figcaption><\/figure>\n\n\n\n<hr class=\"wp-block-separator\"\/>\n\n\n\n<figure class=\"wp-block-embed is-type-rich is-provider-mixcloud wp-block-embed-mixcloud wp-embed-aspect-21-9 wp-has-aspect-ratio\"><div class=\"wp-block-embed__wrapper\">\n<iframe loading=\"lazy\" title=\"Mac Baret Show #34 - Sp\u00e9 Rap Fr Ind\u00e9 Avec La Collab De G\u00e9n\u00e9ration Ind\u00e9pendance\" width=\"100%\" height=\"120\" src=\"https:\/\/www.mixcloud.com\/widget\/iframe\/?feed=https%3A%2F%2Fwww.mixcloud.com%2Fbobmacbaret2%2Fmac-baret-show-34-sp%25C3%25A9-rap-fr-ind%25C3%25A9-avec-la-collab-de-g%25C3%25A9n%25C3%25A9ration-ind%25C3%25A9pendance%2F&amp;hide_cover=1\" frameborder=\"0\" allow=\"encrypted-media; fullscreen; autoplay; idle-detection; speaker-selection; web-share;\"><\/iframe>\n<\/div><figcaption>Sp\u00e9 Rap FR Ind\u00e9 #1 feat G\u00e9n\u00e9ration Ind\u00e9pendance !<\/figcaption><\/figure>\n\n\n\n<hr class=\"wp-block-separator\"\/>\n\n\n\n<figure class=\"wp-block-embed is-type-rich is-provider-mixcloud wp-block-embed-mixcloud wp-embed-aspect-21-9 wp-has-aspect-ratio\"><div class=\"wp-block-embed__wrapper\">\n<iframe loading=\"lazy\" title=\"Mac Baret Show #35 - Sp\u00e9 Rap Fr Ind\u00e9 #2 Avec G\u00e9n\u00e9ration Ind\u00e9pendance\" width=\"100%\" height=\"120\" src=\"https:\/\/www.mixcloud.com\/widget\/iframe\/?feed=https%3A%2F%2Fwww.mixcloud.com%2Fbobmacbaret2%2Fmac-baret-show-35-sp%25C3%25A9-rap-fr-ind%25C3%25A9-2-avec-g%25C3%25A9n%25C3%25A9ration-ind%25C3%25A9pendance%2F&amp;hide_cover=1\" frameborder=\"0\" allow=\"encrypted-media; fullscreen; autoplay; idle-detection; speaker-selection; web-share;\"><\/iframe>\n<\/div><figcaption>Sp\u00e9 Rap FR Ind\u00e9 #2 feat G\u00e9n\u00e9ration Ind\u00e9pendance !<\/figcaption><\/figure>\n\n\n\n<hr class=\"wp-block-separator\"\/>\n\n\n\n<figure class=\"wp-block-embed is-type-rich is-provider-mixcloud wp-block-embed-mixcloud wp-embed-aspect-21-9 wp-has-aspect-ratio\"><div class=\"wp-block-embed__wrapper\">\n<iframe loading=\"lazy\" title=\"Mac Baret Show #36 - Sp\u00e9 Rap Fr Ind\u00e9 #3 : La Mission.\" width=\"100%\" height=\"120\" src=\"https:\/\/www.mixcloud.com\/widget\/iframe\/?feed=https%3A%2F%2Fwww.mixcloud.com%2Fbobmacbaret2%2Fmac-baret-show-36-sp%25C3%25A9-rap-fr-ind%25C3%25A9-3-la-mission%2F&amp;hide_cover=1\" frameborder=\"0\" allow=\"encrypted-media; fullscreen; autoplay; idle-detection; speaker-selection; web-share;\"><\/iframe>\n<\/div><figcaption>Sp\u00e9 Rap FR Ind\u00e9 #3<\/figcaption><\/figure>\n\n\n\n<hr class=\"wp-block-separator\"\/>\n\n\n\n<figure class=\"wp-block-embed is-type-rich is-provider-mixcloud wp-block-embed-mixcloud wp-embed-aspect-21-9 wp-has-aspect-ratio\"><div class=\"wp-block-embed__wrapper\">\n<iframe loading=\"lazy\" title=\"Mac Baret Show #37 - Sp\u00e9 Rap Ind\u00e9 #4 Avec G\u00e9neration Ind\u00e9pendance\" width=\"100%\" height=\"120\" src=\"https:\/\/www.mixcloud.com\/widget\/iframe\/?feed=https%3A%2F%2Fwww.mixcloud.com%2Fbobmacbaret2%2Fmac-baret-show-37-sp%25C3%25A9-rap-ind%25C3%25A9-4-avec-g%25C3%25A9neration-ind%25C3%25A9pendance%2F&amp;hide_cover=1\" frameborder=\"0\" allow=\"encrypted-media; fullscreen; autoplay; idle-detection; speaker-selection; web-share;\"><\/iframe>\n<\/div><figcaption>Sp\u00e9 Rap FR Ind\u00e9 #4<\/figcaption><\/figure>\n\n\n\n<hr class=\"wp-block-separator\"\/>\n\n\n\n<figure class=\"wp-block-embed is-type-rich is-provider-mixcloud wp-block-embed-mixcloud wp-embed-aspect-21-9 wp-has-aspect-ratio\"><div class=\"wp-block-embed__wrapper\">\n<iframe loading=\"lazy\" title=\"Mac Baret Show #38 : Sp\u00e9 Rap Fr Ind\u00e9 #5 Feat Generation Independance &amp; Darmanin\" width=\"100%\" height=\"120\" src=\"https:\/\/www.mixcloud.com\/widget\/iframe\/?feed=https%3A%2F%2Fwww.mixcloud.com%2Fbobmacbaret2%2Fmac-baret-show-38-sp%25C3%25A9-rap-fr-ind%25C3%25A9-5-feat-generation-independance-darmanin%2F&amp;hide_cover=1\" frameborder=\"0\" allow=\"encrypted-media; fullscreen; autoplay; idle-detection; speaker-selection; web-share;\"><\/iframe>\n<\/div><figcaption>Sp\u00e9 Rap FR Ind\u00e9 #5<\/figcaption><\/figure>\n\n\n\n<hr class=\"wp-block-separator\"\/>\n\n\n\n<figure class=\"wp-block-embed is-type-rich is-provider-mixcloud wp-block-embed-mixcloud wp-embed-aspect-21-9 wp-has-aspect-ratio\"><div class=\"wp-block-embed__wrapper\">\n<iframe loading=\"lazy\" title=\"Mac Baret Show #39 - Sp\u00e9 Rap Fr Ind\u00e9 #6 Feat Generation Independance\" width=\"100%\" height=\"120\" src=\"https:\/\/www.mixcloud.com\/widget\/iframe\/?feed=https%3A%2F%2Fwww.mixcloud.com%2Fbobmacbaret2%2Fmac-baret-show-39-sp%25C3%25A9-rap-fr-ind%25C3%25A9-6-feat-generation-independance%2F&amp;hide_cover=1\" frameborder=\"0\" allow=\"encrypted-media; fullscreen; autoplay; idle-detection; speaker-selection; web-share;\"><\/iframe>\n<\/div><figcaption>Sp\u00e9 Rap FR Ind\u00e9 #6<\/figcaption><\/figure>\n\n\n\n<hr class=\"wp-block-separator\"\/>\n\n\n\n<figure class=\"wp-block-embed is-type-rich is-provider-mixcloud wp-block-embed-mixcloud wp-embed-aspect-21-9 wp-has-aspect-ratio\"><div class=\"wp-block-embed__wrapper\">\n<iframe loading=\"lazy\" title=\"Mac Baret Show #40 - Sp\u00e9 Rap Fr Ind\u00e9 #7 Feat G\u00e9n\u00e9ration Ind\u00e9pendance\" width=\"100%\" height=\"120\" src=\"https:\/\/www.mixcloud.com\/widget\/iframe\/?feed=https%3A%2F%2Fwww.mixcloud.com%2Fbobmacbaret2%2Fmac-baret-show-40-sp%25C3%25A9-rap-fr-ind%25C3%25A9-7%2F&amp;hide_cover=1\" frameborder=\"0\" allow=\"encrypted-media; fullscreen; autoplay; idle-detection; speaker-selection; web-share;\"><\/iframe>\n<\/div><figcaption>Sp\u00e9 Rap FR Ind\u00e9 #7<\/figcaption><\/figure>\n\n\n\n<hr class=\"wp-block-separator\"\/>\n","protected":false},"excerpt":{"rendered":"<p>Le Mac Baret Show, tous les jeudi \u00e0 20H, envoie de la grosse old school bien grasse, avec des d\u00e9bats, parfois des invit\u00e9s, des d\u00e9bats sur le rap d&rsquo;aujourd&rsquo;hui ou d&rsquo;avant, une grosse dose&#46;&#46;&#46;<\/p>\n","protected":false},"author":1,"featured_media":0,"parent":81,"menu_order":0,"comment_status":"closed","ping_status":"closed","template":"","meta":{"footnotes":""},"class_list":["post-1929","page","type-page","status-publish","hentry"],"yoast_head":"<!-- This site is optimized with the Yoast SEO plugin v27.4 - https:\/\/yoast.com\/product\/yoast-seo-wordpress\/ -->\n<title>Mac Baret Show (#30 - #40) &#8226; Radio Klan-D<\/title>\n<meta name=\"robots\" content=\"index, follow, max-snippet:-1, max-image-preview:large, max-video-preview:-1\" \/>\n<link rel=\"canonical\" href=\"https:\/\/www.klan-d.net\/?page_id=1929\" \/>\n<meta property=\"og:locale\" content=\"fr_FR\" \/>\n<meta property=\"og:type\" content=\"article\" \/>\n<meta property=\"og:title\" content=\"Mac Baret Show (#30 - #40) &#8226; Radio Klan-D\" \/>\n<meta property=\"og:description\" content=\"Le Mac Baret Show, tous les jeudi \u00e0 20H, envoie de la grosse old school bien grasse, avec des d\u00e9bats, parfois des invit\u00e9s, des d\u00e9bats sur le rap d&rsquo;aujourd&rsquo;hui ou d&rsquo;avant, une grosse dose&#046;&#046;&#046;\" \/>\n<meta property=\"og:url\" content=\"https:\/\/www.klan-d.net\/?page_id=1929\" \/>\n<meta property=\"og:site_name\" content=\"Radio Klan-D\" \/>\n<meta property=\"article:publisher\" content=\"https:\/\/www.facebook.com\/radioclandestine\/\" \/>\n<meta property=\"article:modified_time\" content=\"2021-07-16T01:53:27+00:00\" \/>\n<meta property=\"og:image\" content=\"https:\/\/www.klan-d.net\/wp-content\/uploads\/MBS-Vign.png\" \/>\n<meta name=\"twitter:card\" content=\"summary_large_image\" \/>\n<meta name=\"twitter:site\" content=\"@RadioKlanD\" \/>\n<meta name=\"twitter:label1\" content=\"Dur\u00e9e de lecture estim\u00e9e\" \/>\n\t<meta name=\"twitter:data1\" content=\"1 minute\" \/>\n<script type=\"application\/ld+json\" class=\"yoast-schema-graph\">{\"@context\":\"https:\\\/\\\/schema.org\",\"@graph\":[{\"@type\":\"WebPage\",\"@id\":\"https:\\\/\\\/www.klan-d.net\\\/?page_id=1929\",\"url\":\"https:\\\/\\\/www.klan-d.net\\\/?page_id=1929\",\"name\":\"Mac Baret Show (#30 - #40) &#8226; Radio Klan-D\",\"isPartOf\":{\"@id\":\"https:\\\/\\\/www.klan-d.net\\\/#website\"},\"primaryImageOfPage\":{\"@id\":\"https:\\\/\\\/www.klan-d.net\\\/?page_id=1929#primaryimage\"},\"image\":{\"@id\":\"https:\\\/\\\/www.klan-d.net\\\/?page_id=1929#primaryimage\"},\"thumbnailUrl\":\"https:\\\/\\\/www.klan-d.net\\\/wp-content\\\/uploads\\\/MBS-Vign.png\",\"datePublished\":\"2021-05-23T23:57:15+00:00\",\"dateModified\":\"2021-07-16T01:53:27+00:00\",\"breadcrumb\":{\"@id\":\"https:\\\/\\\/www.klan-d.net\\\/?page_id=1929#breadcrumb\"},\"inLanguage\":\"fr-FR\",\"potentialAction\":[{\"@type\":\"ReadAction\",\"target\":[\"https:\\\/\\\/www.klan-d.net\\\/?page_id=1929\"]}]},{\"@type\":\"ImageObject\",\"inLanguage\":\"fr-FR\",\"@id\":\"https:\\\/\\\/www.klan-d.net\\\/?page_id=1929#primaryimage\",\"url\":\"https:\\\/\\\/www.klan-d.net\\\/wp-content\\\/uploads\\\/MBS-Vign.png\",\"contentUrl\":\"https:\\\/\\\/www.klan-d.net\\\/wp-content\\\/uploads\\\/MBS-Vign.png\",\"width\":277,\"height\":277,\"caption\":\"Mac Baret Show\"},{\"@type\":\"BreadcrumbList\",\"@id\":\"https:\\\/\\\/www.klan-d.net\\\/?page_id=1929#breadcrumb\",\"itemListElement\":[{\"@type\":\"ListItem\",\"position\":1,\"name\":\"Accueil\",\"item\":\"https:\\\/\\\/www.klan-d.net\\\/\"},{\"@type\":\"ListItem\",\"position\":2,\"name\":\"Grille de Programmes\",\"item\":\"https:\\\/\\\/www.klan-d.net\\\/?page_id=1395\"},{\"@type\":\"ListItem\",\"position\":3,\"name\":\"Mac Baret Show\",\"item\":\"https:\\\/\\\/www.klan-d.net\\\/?page_id=81\"},{\"@type\":\"ListItem\",\"position\":4,\"name\":\"Mac Baret Show (#30 &#8211; #40)\"}]},{\"@type\":\"WebSite\",\"@id\":\"https:\\\/\\\/www.klan-d.net\\\/#website\",\"url\":\"https:\\\/\\\/www.klan-d.net\\\/\",\"name\":\"Radio Klan-D\",\"description\":\"Webradio clandestine et ind\u00e9, partout, du old school hip hop, du boom bap et des vannes pourries !\",\"publisher\":{\"@id\":\"https:\\\/\\\/www.klan-d.net\\\/#organization\"},\"potentialAction\":[{\"@type\":\"SearchAction\",\"target\":{\"@type\":\"EntryPoint\",\"urlTemplate\":\"https:\\\/\\\/www.klan-d.net\\\/?s={search_term_string}\"},\"query-input\":{\"@type\":\"PropertyValueSpecification\",\"valueRequired\":true,\"valueName\":\"search_term_string\"}}],\"inLanguage\":\"fr-FR\"},{\"@type\":\"Organization\",\"@id\":\"https:\\\/\\\/www.klan-d.net\\\/#organization\",\"name\":\"Radio Klan-D\",\"url\":\"https:\\\/\\\/www.klan-d.net\\\/\",\"logo\":{\"@type\":\"ImageObject\",\"inLanguage\":\"fr-FR\",\"@id\":\"https:\\\/\\\/www.klan-d.net\\\/#\\\/schema\\\/logo\\\/image\\\/\",\"url\":\"https:\\\/\\\/www.klan-d.net\\\/wp-content\\\/uploads\\\/cropped-kland4.jpg\",\"contentUrl\":\"https:\\\/\\\/www.klan-d.net\\\/wp-content\\\/uploads\\\/cropped-kland4.jpg\",\"width\":512,\"height\":512,\"caption\":\"Radio Klan-D\"},\"image\":{\"@id\":\"https:\\\/\\\/www.klan-d.net\\\/#\\\/schema\\\/logo\\\/image\\\/\"},\"sameAs\":[\"https:\\\/\\\/www.facebook.com\\\/radioclandestine\\\/\",\"https:\\\/\\\/x.com\\\/RadioKlanD\",\"https:\\\/\\\/www.youtube.com\\\/channel\\\/UC2QoBtfYHnl9oWoPlvmaAEg\"]}]}<\/script>\n<!-- \/ Yoast SEO plugin. -->","yoast_head_json":{"title":"Mac Baret Show (#30 - #40) &#8226; Radio Klan-D","robots":{"index":"index","follow":"follow","max-snippet":"max-snippet:-1","max-image-preview":"max-image-preview:large","max-video-preview":"max-video-preview:-1"},"canonical":"https:\/\/www.klan-d.net\/?page_id=1929","og_locale":"fr_FR","og_type":"article","og_title":"Mac Baret Show (#30 - #40) &#8226; Radio Klan-D","og_description":"Le Mac Baret Show, tous les jeudi \u00e0 20H, envoie de la grosse old school bien grasse, avec des d\u00e9bats, parfois des invit\u00e9s, des d\u00e9bats sur le rap d&rsquo;aujourd&rsquo;hui ou d&rsquo;avant, une grosse dose&#46;&#46;&#46;","og_url":"https:\/\/www.klan-d.net\/?page_id=1929","og_site_name":"Radio Klan-D","article_publisher":"https:\/\/www.facebook.com\/radioclandestine\/","article_modified_time":"2021-07-16T01:53:27+00:00","og_image":[{"url":"https:\/\/www.klan-d.net\/wp-content\/uploads\/MBS-Vign.png","type":"","width":"","height":""}],"twitter_card":"summary_large_image","twitter_site":"@RadioKlanD","twitter_misc":{"Dur\u00e9e de lecture estim\u00e9e":"1 minute"},"schema":{"@context":"https:\/\/schema.org","@graph":[{"@type":"WebPage","@id":"https:\/\/www.klan-d.net\/?page_id=1929","url":"https:\/\/www.klan-d.net\/?page_id=1929","name":"Mac Baret Show (#30 - #40) &#8226; Radio Klan-D","isPartOf":{"@id":"https:\/\/www.klan-d.net\/#website"},"primaryImageOfPage":{"@id":"https:\/\/www.klan-d.net\/?page_id=1929#primaryimage"},"image":{"@id":"https:\/\/www.klan-d.net\/?page_id=1929#primaryimage"},"thumbnailUrl":"https:\/\/www.klan-d.net\/wp-content\/uploads\/MBS-Vign.png","datePublished":"2021-05-23T23:57:15+00:00","dateModified":"2021-07-16T01:53:27+00:00","breadcrumb":{"@id":"https:\/\/www.klan-d.net\/?page_id=1929#breadcrumb"},"inLanguage":"fr-FR","potentialAction":[{"@type":"ReadAction","target":["https:\/\/www.klan-d.net\/?page_id=1929"]}]},{"@type":"ImageObject","inLanguage":"fr-FR","@id":"https:\/\/www.klan-d.net\/?page_id=1929#primaryimage","url":"https:\/\/www.klan-d.net\/wp-content\/uploads\/MBS-Vign.png","contentUrl":"https:\/\/www.klan-d.net\/wp-content\/uploads\/MBS-Vign.png","width":277,"height":277,"caption":"Mac Baret Show"},{"@type":"BreadcrumbList","@id":"https:\/\/www.klan-d.net\/?page_id=1929#breadcrumb","itemListElement":[{"@type":"ListItem","position":1,"name":"Accueil","item":"https:\/\/www.klan-d.net\/"},{"@type":"ListItem","position":2,"name":"Grille de Programmes","item":"https:\/\/www.klan-d.net\/?page_id=1395"},{"@type":"ListItem","position":3,"name":"Mac Baret Show","item":"https:\/\/www.klan-d.net\/?page_id=81"},{"@type":"ListItem","position":4,"name":"Mac Baret Show (#30 &#8211; #40)"}]},{"@type":"WebSite","@id":"https:\/\/www.klan-d.net\/#website","url":"https:\/\/www.klan-d.net\/","name":"Radio Klan-D","description":"Webradio clandestine et ind\u00e9, partout, du old school hip hop, du boom bap et des vannes pourries !","publisher":{"@id":"https:\/\/www.klan-d.net\/#organization"},"potentialAction":[{"@type":"SearchAction","target":{"@type":"EntryPoint","urlTemplate":"https:\/\/www.klan-d.net\/?s={search_term_string}"},"query-input":{"@type":"PropertyValueSpecification","valueRequired":true,"valueName":"search_term_string"}}],"inLanguage":"fr-FR"},{"@type":"Organization","@id":"https:\/\/www.klan-d.net\/#organization","name":"Radio Klan-D","url":"https:\/\/www.klan-d.net\/","logo":{"@type":"ImageObject","inLanguage":"fr-FR","@id":"https:\/\/www.klan-d.net\/#\/schema\/logo\/image\/","url":"https:\/\/www.klan-d.net\/wp-content\/uploads\/cropped-kland4.jpg","contentUrl":"https:\/\/www.klan-d.net\/wp-content\/uploads\/cropped-kland4.jpg","width":512,"height":512,"caption":"Radio Klan-D"},"image":{"@id":"https:\/\/www.klan-d.net\/#\/schema\/logo\/image\/"},"sameAs":["https:\/\/www.facebook.com\/radioclandestine\/","https:\/\/x.com\/RadioKlanD","https:\/\/www.youtube.com\/channel\/UC2QoBtfYHnl9oWoPlvmaAEg"]}]}},"_links":{"self":[{"href":"https:\/\/www.klan-d.net\/index.php?rest_route=\/wp\/v2\/pages\/1929","targetHints":{"allow":["GET"]}}],"collection":[{"href":"https:\/\/www.klan-d.net\/index.php?rest_route=\/wp\/v2\/pages"}],"about":[{"href":"https:\/\/www.klan-d.net\/index.php?rest_route=\/wp\/v2\/types\/page"}],"author":[{"embeddable":true,"href":"https:\/\/www.klan-d.net\/index.php?rest_route=\/wp\/v2\/users\/1"}],"replies":[{"embeddable":true,"href":"https:\/\/www.klan-d.net\/index.php?rest_route=%2Fwp%2Fv2%2Fcomments&post=1929"}],"version-history":[{"count":2,"href":"https:\/\/www.klan-d.net\/index.php?rest_route=\/wp\/v2\/pages\/1929\/revisions"}],"predecessor-version":[{"id":1960,"href":"https:\/\/www.klan-d.net\/index.php?rest_route=\/wp\/v2\/pages\/1929\/revisions\/1960"}],"up":[{"embeddable":true,"href":"https:\/\/www.klan-d.net\/index.php?rest_route=\/wp\/v2\/pages\/81"}],"wp:attachment":[{"href":"https:\/\/www.klan-d.net\/index.php?rest_route=%2Fwp%2Fv2%2Fmedia&parent=1929"}],"curies":[{"name":"wp","href":"https:\/\/api.w.org\/{rel}","templated":true}]}}