{"id":1914,"date":"2021-05-24T00:06:35","date_gmt":"2021-05-23T22:06:35","guid":{"rendered":"https:\/\/www.klan-d.net\/?page_id=1914"},"modified":"2021-07-16T03:55:34","modified_gmt":"2021-07-16T01:55:34","slug":"mac-baret-show-les-speciales-rap-fr-inde","status":"publish","type":"page","link":"https:\/\/www.klan-d.net\/?page_id=1914","title":{"rendered":"Mac Baret Show &#8211; Les Sp\u00e9ciales Rap FR Ind\u00e9"},"content":{"rendered":"\n<p>Retrouvez ici les sp\u00e9ciales Rap FR Ind\u00e9pendant, \u00e9mission en collaboration (fort efficace !) avec Philippe de G\u00e9n\u00e9ration Ind\u00e9pendance, dont vous pouvez retrouver la page sur Facebook !<\/p>\n\n\n\n<figure class=\"wp-block-table aligncenter\"><table><tbody><tr><td><img loading=\"lazy\" decoding=\"async\" width=\"150\" height=\"150\" class=\"wp-image-1002\" style=\"width: 150px;\" src=\"https:\/\/www.klan-d.net\/wp-content\/uploads\/MBS-Vign.png\" alt=\"Mac Baret Show\" srcset=\"https:\/\/www.klan-d.net\/wp-content\/uploads\/MBS-Vign.png 277w, https:\/\/www.klan-d.net\/wp-content\/uploads\/MBS-Vign-150x150.png 150w, https:\/\/www.klan-d.net\/wp-content\/uploads\/MBS-Vign-160x160.png 160w\" sizes=\"auto, (max-width: 150px) 100vw, 150px\" \/><\/td><td><img loading=\"lazy\" decoding=\"async\" width=\"150\" height=\"149\" class=\"wp-image-1864\" style=\"width: 150px;\" src=\"https:\/\/www.klan-d.net\/wp-content\/uploads\/51369879_842614626070324_2172812689347182592_o.jpg\" alt=\"\" srcset=\"https:\/\/www.klan-d.net\/wp-content\/uploads\/51369879_842614626070324_2172812689347182592_o.jpg 1427w, https:\/\/www.klan-d.net\/wp-content\/uploads\/51369879_842614626070324_2172812689347182592_o-300x300.jpg 300w, https:\/\/www.klan-d.net\/wp-content\/uploads\/51369879_842614626070324_2172812689347182592_o-1024x1020.jpg 1024w, https:\/\/www.klan-d.net\/wp-content\/uploads\/51369879_842614626070324_2172812689347182592_o-150x150.jpg 150w, https:\/\/www.klan-d.net\/wp-content\/uploads\/51369879_842614626070324_2172812689347182592_o-768x765.jpg 768w, https:\/\/www.klan-d.net\/wp-content\/uploads\/51369879_842614626070324_2172812689347182592_o-160x160.jpg 160w, https:\/\/www.klan-d.net\/wp-content\/uploads\/51369879_842614626070324_2172812689347182592_o-320x320.jpg 320w\" sizes=\"auto, (max-width: 150px) 100vw, 150px\" \/><\/td><\/tr><\/tbody><\/table><\/figure>\n\n\n\n<hr class=\"wp-block-separator\"\/>\n\n\n\n<figure class=\"wp-block-embed is-type-rich is-provider-mixcloud wp-block-embed-mixcloud wp-embed-aspect-21-9 wp-has-aspect-ratio\"><div class=\"wp-block-embed__wrapper\">\n<iframe loading=\"lazy\" title=\"Mac Baret Show #34 - Sp\u00e9 Rap Fr Ind\u00e9 Avec La Collab De G\u00e9n\u00e9ration Ind\u00e9pendance\" width=\"100%\" height=\"120\" src=\"https:\/\/www.mixcloud.com\/widget\/iframe\/?feed=https%3A%2F%2Fwww.mixcloud.com%2Fbobmacbaret2%2Fmac-baret-show-34-sp%25C3%25A9-rap-fr-ind%25C3%25A9-avec-la-collab-de-g%25C3%25A9n%25C3%25A9ration-ind%25C3%25A9pendance%2F&amp;hide_cover=1\" frameborder=\"0\" allow=\"encrypted-media; fullscreen; autoplay; idle-detection; speaker-selection; web-share;\"><\/iframe>\n<\/div><figcaption>Emission #1 sp\u00e9ciale Rap FR Ind\u00e9 avec la participation de Philippe de G\u00e9n\u00e9ration Ind\u00e9pendance<\/figcaption><\/figure>\n\n\n\n<hr class=\"wp-block-separator\"\/>\n\n\n\n<figure class=\"wp-block-embed is-type-rich is-provider-mixcloud wp-block-embed-mixcloud wp-embed-aspect-21-9 wp-has-aspect-ratio\"><div class=\"wp-block-embed__wrapper\">\n<iframe loading=\"lazy\" title=\"Mac Baret Show #35 - Sp\u00e9 Rap Fr Ind\u00e9 #2 Avec G\u00e9n\u00e9ration Ind\u00e9pendance\" width=\"100%\" height=\"120\" src=\"https:\/\/www.mixcloud.com\/widget\/iframe\/?feed=https%3A%2F%2Fwww.mixcloud.com%2Fbobmacbaret2%2Fmac-baret-show-35-sp%25C3%25A9-rap-fr-ind%25C3%25A9-2-avec-g%25C3%25A9n%25C3%25A9ration-ind%25C3%25A9pendance%2F&amp;hide_cover=1\" frameborder=\"0\" allow=\"encrypted-media; fullscreen; autoplay; idle-detection; speaker-selection; web-share;\"><\/iframe>\n<\/div><figcaption>Emission #2 Sp\u00e9 Rap FR Ind\u00e9 &#8211; Toujours avec G\u00e9n\u00e9ration Ind\u00e9pendance<\/figcaption><\/figure>\n\n\n\n<hr class=\"wp-block-separator\"\/>\n\n\n\n<figure class=\"wp-block-embed is-type-rich is-provider-mixcloud wp-block-embed-mixcloud wp-embed-aspect-21-9 wp-has-aspect-ratio\"><div class=\"wp-block-embed__wrapper\">\n<iframe loading=\"lazy\" title=\"Mac Baret Show #36 - Sp\u00e9 Rap Fr Ind\u00e9 #3 : La Mission.\" width=\"100%\" height=\"120\" src=\"https:\/\/www.mixcloud.com\/widget\/iframe\/?feed=https%3A%2F%2Fwww.mixcloud.com%2Fbobmacbaret2%2Fmac-baret-show-36-sp%25C3%25A9-rap-fr-ind%25C3%25A9-3-la-mission%2F&amp;hide_cover=1\" frameborder=\"0\" allow=\"encrypted-media; fullscreen; autoplay; idle-detection; speaker-selection; web-share;\"><\/iframe>\n<\/div><figcaption>Sp\u00e9 Rap FR Ind\u00e9 #3<\/figcaption><\/figure>\n\n\n\n<hr class=\"wp-block-separator\"\/>\n\n\n\n<figure class=\"wp-block-embed is-type-rich is-provider-mixcloud wp-block-embed-mixcloud wp-embed-aspect-21-9 wp-has-aspect-ratio\"><div class=\"wp-block-embed__wrapper\">\n<iframe loading=\"lazy\" title=\"Mac Baret Show #37 - Sp\u00e9 Rap Ind\u00e9 #4 Avec G\u00e9neration Ind\u00e9pendance\" width=\"100%\" height=\"120\" src=\"https:\/\/www.mixcloud.com\/widget\/iframe\/?feed=https%3A%2F%2Fwww.mixcloud.com%2Fbobmacbaret2%2Fmac-baret-show-37-sp%25C3%25A9-rap-ind%25C3%25A9-4-avec-g%25C3%25A9neration-ind%25C3%25A9pendance%2F&amp;hide_cover=1\" frameborder=\"0\" allow=\"encrypted-media; fullscreen; autoplay; idle-detection; speaker-selection; web-share;\"><\/iframe>\n<\/div><figcaption>Sp\u00e9 Rap FR Ind\u00e9 #4<\/figcaption><\/figure>\n\n\n\n<hr class=\"wp-block-separator\"\/>\n\n\n\n<figure class=\"wp-block-embed is-type-rich is-provider-mixcloud wp-block-embed-mixcloud wp-embed-aspect-21-9 wp-has-aspect-ratio\"><div class=\"wp-block-embed__wrapper\">\n<iframe loading=\"lazy\" title=\"Mac Baret Show #38 : Sp\u00e9 Rap Fr Ind\u00e9 #5 Feat Generation Independance &amp; Darmanin\" width=\"100%\" height=\"120\" src=\"https:\/\/www.mixcloud.com\/widget\/iframe\/?feed=https%3A%2F%2Fwww.mixcloud.com%2Fbobmacbaret2%2Fmac-baret-show-38-sp%25C3%25A9-rap-fr-ind%25C3%25A9-5-feat-generation-independance-darmanin%2F&amp;hide_cover=1\" frameborder=\"0\" allow=\"encrypted-media; fullscreen; autoplay; idle-detection; speaker-selection; web-share;\"><\/iframe>\n<\/div><figcaption>Sp\u00e9 Rap FR Ind\u00e9 #5<\/figcaption><\/figure>\n\n\n\n<hr class=\"wp-block-separator\"\/>\n\n\n\n<figure class=\"wp-block-embed is-type-rich is-provider-mixcloud wp-block-embed-mixcloud wp-embed-aspect-21-9 wp-has-aspect-ratio\"><div class=\"wp-block-embed__wrapper\">\n<iframe loading=\"lazy\" title=\"Mac Baret Show #39 - Sp\u00e9 Rap Fr Ind\u00e9 #6 Feat Generation Independance\" width=\"100%\" height=\"120\" src=\"https:\/\/www.mixcloud.com\/widget\/iframe\/?feed=https%3A%2F%2Fwww.mixcloud.com%2Fbobmacbaret2%2Fmac-baret-show-39-sp%25C3%25A9-rap-fr-ind%25C3%25A9-6-feat-generation-independance%2F&amp;hide_cover=1\" frameborder=\"0\" allow=\"encrypted-media; fullscreen; autoplay; idle-detection; speaker-selection; web-share;\"><\/iframe>\n<\/div><figcaption>Sp\u00e9 Rap FR Ind\u00e9 #6<\/figcaption><\/figure>\n\n\n\n<hr class=\"wp-block-separator\"\/>\n\n\n\n<figure class=\"wp-block-embed is-type-rich is-provider-mixcloud wp-block-embed-mixcloud wp-embed-aspect-21-9 wp-has-aspect-ratio\"><div class=\"wp-block-embed__wrapper\">\n<iframe loading=\"lazy\" title=\"Mac Baret Show #40 - Sp\u00e9 Rap Fr Ind\u00e9 #7 Feat G\u00e9n\u00e9ration Ind\u00e9pendance\" width=\"100%\" height=\"120\" src=\"https:\/\/www.mixcloud.com\/widget\/iframe\/?feed=https%3A%2F%2Fwww.mixcloud.com%2Fbobmacbaret2%2Fmac-baret-show-40-sp%25C3%25A9-rap-fr-ind%25C3%25A9-7%2F&amp;hide_cover=1\" frameborder=\"0\" allow=\"encrypted-media; fullscreen; autoplay; idle-detection; speaker-selection; web-share;\"><\/iframe>\n<\/div><figcaption>Sp\u00e9 Rap FR Ind\u00e9 #7<\/figcaption><\/figure>\n\n\n\n<hr class=\"wp-block-separator\"\/>\n","protected":false},"excerpt":{"rendered":"<p>Retrouvez ici les sp\u00e9ciales Rap FR Ind\u00e9pendant, \u00e9mission en collaboration (fort efficace !) avec Philippe de G\u00e9n\u00e9ration Ind\u00e9pendance, dont vous pouvez retrouver la page sur Facebook !<\/p>\n","protected":false},"author":1,"featured_media":0,"parent":81,"menu_order":0,"comment_status":"closed","ping_status":"closed","template":"","meta":{"footnotes":""},"class_list":["post-1914","page","type-page","status-publish","hentry"],"yoast_head":"<!-- This site is optimized with the Yoast SEO plugin v27.4 - https:\/\/yoast.com\/product\/yoast-seo-wordpress\/ -->\n<title>Mac Baret Show - Les Sp\u00e9ciales Rap FR Ind\u00e9 &#8226; Radio Klan-D<\/title>\n<meta name=\"robots\" content=\"index, follow, max-snippet:-1, max-image-preview:large, max-video-preview:-1\" \/>\n<link rel=\"canonical\" href=\"https:\/\/www.klan-d.net\/?page_id=1914\" \/>\n<meta property=\"og:locale\" content=\"fr_FR\" \/>\n<meta property=\"og:type\" content=\"article\" \/>\n<meta property=\"og:title\" content=\"Mac Baret Show - Les Sp\u00e9ciales Rap FR Ind\u00e9 &#8226; Radio Klan-D\" \/>\n<meta property=\"og:description\" content=\"Retrouvez ici les sp\u00e9ciales Rap FR Ind\u00e9pendant, \u00e9mission en collaboration (fort efficace !) avec Philippe de G\u00e9n\u00e9ration Ind\u00e9pendance, dont vous pouvez retrouver la page sur Facebook !\" \/>\n<meta property=\"og:url\" content=\"https:\/\/www.klan-d.net\/?page_id=1914\" \/>\n<meta property=\"og:site_name\" content=\"Radio Klan-D\" \/>\n<meta property=\"article:publisher\" content=\"https:\/\/www.facebook.com\/radioclandestine\/\" \/>\n<meta property=\"article:modified_time\" content=\"2021-07-16T01:55:34+00:00\" \/>\n<meta property=\"og:image\" content=\"https:\/\/www.klan-d.net\/wp-content\/uploads\/MBS-Vign.png\" \/>\n<meta name=\"twitter:card\" content=\"summary_large_image\" \/>\n<meta name=\"twitter:site\" content=\"@RadioKlanD\" \/>\n<meta name=\"twitter:label1\" content=\"Dur\u00e9e de lecture estim\u00e9e\" \/>\n\t<meta name=\"twitter:data1\" content=\"1 minute\" \/>\n<script type=\"application\/ld+json\" class=\"yoast-schema-graph\">{\"@context\":\"https:\\\/\\\/schema.org\",\"@graph\":[{\"@type\":\"WebPage\",\"@id\":\"https:\\\/\\\/www.klan-d.net\\\/?page_id=1914\",\"url\":\"https:\\\/\\\/www.klan-d.net\\\/?page_id=1914\",\"name\":\"Mac Baret Show - Les Sp\u00e9ciales Rap FR Ind\u00e9 &#8226; Radio Klan-D\",\"isPartOf\":{\"@id\":\"https:\\\/\\\/www.klan-d.net\\\/#website\"},\"primaryImageOfPage\":{\"@id\":\"https:\\\/\\\/www.klan-d.net\\\/?page_id=1914#primaryimage\"},\"image\":{\"@id\":\"https:\\\/\\\/www.klan-d.net\\\/?page_id=1914#primaryimage\"},\"thumbnailUrl\":\"https:\\\/\\\/www.klan-d.net\\\/wp-content\\\/uploads\\\/MBS-Vign.png\",\"datePublished\":\"2021-05-23T22:06:35+00:00\",\"dateModified\":\"2021-07-16T01:55:34+00:00\",\"breadcrumb\":{\"@id\":\"https:\\\/\\\/www.klan-d.net\\\/?page_id=1914#breadcrumb\"},\"inLanguage\":\"fr-FR\",\"potentialAction\":[{\"@type\":\"ReadAction\",\"target\":[\"https:\\\/\\\/www.klan-d.net\\\/?page_id=1914\"]}]},{\"@type\":\"ImageObject\",\"inLanguage\":\"fr-FR\",\"@id\":\"https:\\\/\\\/www.klan-d.net\\\/?page_id=1914#primaryimage\",\"url\":\"https:\\\/\\\/www.klan-d.net\\\/wp-content\\\/uploads\\\/MBS-Vign.png\",\"contentUrl\":\"https:\\\/\\\/www.klan-d.net\\\/wp-content\\\/uploads\\\/MBS-Vign.png\",\"width\":277,\"height\":277,\"caption\":\"Mac Baret Show\"},{\"@type\":\"BreadcrumbList\",\"@id\":\"https:\\\/\\\/www.klan-d.net\\\/?page_id=1914#breadcrumb\",\"itemListElement\":[{\"@type\":\"ListItem\",\"position\":1,\"name\":\"Accueil\",\"item\":\"https:\\\/\\\/www.klan-d.net\\\/\"},{\"@type\":\"ListItem\",\"position\":2,\"name\":\"Grille de Programmes\",\"item\":\"https:\\\/\\\/www.klan-d.net\\\/?page_id=1395\"},{\"@type\":\"ListItem\",\"position\":3,\"name\":\"Mac Baret Show\",\"item\":\"https:\\\/\\\/www.klan-d.net\\\/?page_id=81\"},{\"@type\":\"ListItem\",\"position\":4,\"name\":\"Mac Baret Show &#8211; Les Sp\u00e9ciales Rap FR Ind\u00e9\"}]},{\"@type\":\"WebSite\",\"@id\":\"https:\\\/\\\/www.klan-d.net\\\/#website\",\"url\":\"https:\\\/\\\/www.klan-d.net\\\/\",\"name\":\"Radio Klan-D\",\"description\":\"Webradio clandestine et ind\u00e9, partout, du old school hip hop, du boom bap et des vannes pourries !\",\"publisher\":{\"@id\":\"https:\\\/\\\/www.klan-d.net\\\/#organization\"},\"potentialAction\":[{\"@type\":\"SearchAction\",\"target\":{\"@type\":\"EntryPoint\",\"urlTemplate\":\"https:\\\/\\\/www.klan-d.net\\\/?s={search_term_string}\"},\"query-input\":{\"@type\":\"PropertyValueSpecification\",\"valueRequired\":true,\"valueName\":\"search_term_string\"}}],\"inLanguage\":\"fr-FR\"},{\"@type\":\"Organization\",\"@id\":\"https:\\\/\\\/www.klan-d.net\\\/#organization\",\"name\":\"Radio Klan-D\",\"url\":\"https:\\\/\\\/www.klan-d.net\\\/\",\"logo\":{\"@type\":\"ImageObject\",\"inLanguage\":\"fr-FR\",\"@id\":\"https:\\\/\\\/www.klan-d.net\\\/#\\\/schema\\\/logo\\\/image\\\/\",\"url\":\"https:\\\/\\\/www.klan-d.net\\\/wp-content\\\/uploads\\\/cropped-kland4.jpg\",\"contentUrl\":\"https:\\\/\\\/www.klan-d.net\\\/wp-content\\\/uploads\\\/cropped-kland4.jpg\",\"width\":512,\"height\":512,\"caption\":\"Radio Klan-D\"},\"image\":{\"@id\":\"https:\\\/\\\/www.klan-d.net\\\/#\\\/schema\\\/logo\\\/image\\\/\"},\"sameAs\":[\"https:\\\/\\\/www.facebook.com\\\/radioclandestine\\\/\",\"https:\\\/\\\/x.com\\\/RadioKlanD\",\"https:\\\/\\\/www.youtube.com\\\/channel\\\/UC2QoBtfYHnl9oWoPlvmaAEg\"]}]}<\/script>\n<!-- \/ Yoast SEO plugin. -->","yoast_head_json":{"title":"Mac Baret Show - Les Sp\u00e9ciales Rap FR Ind\u00e9 &#8226; Radio Klan-D","robots":{"index":"index","follow":"follow","max-snippet":"max-snippet:-1","max-image-preview":"max-image-preview:large","max-video-preview":"max-video-preview:-1"},"canonical":"https:\/\/www.klan-d.net\/?page_id=1914","og_locale":"fr_FR","og_type":"article","og_title":"Mac Baret Show - Les Sp\u00e9ciales Rap FR Ind\u00e9 &#8226; Radio Klan-D","og_description":"Retrouvez ici les sp\u00e9ciales Rap FR Ind\u00e9pendant, \u00e9mission en collaboration (fort efficace !) avec Philippe de G\u00e9n\u00e9ration Ind\u00e9pendance, dont vous pouvez retrouver la page sur Facebook !","og_url":"https:\/\/www.klan-d.net\/?page_id=1914","og_site_name":"Radio Klan-D","article_publisher":"https:\/\/www.facebook.com\/radioclandestine\/","article_modified_time":"2021-07-16T01:55:34+00:00","og_image":[{"url":"https:\/\/www.klan-d.net\/wp-content\/uploads\/MBS-Vign.png","type":"","width":"","height":""}],"twitter_card":"summary_large_image","twitter_site":"@RadioKlanD","twitter_misc":{"Dur\u00e9e de lecture estim\u00e9e":"1 minute"},"schema":{"@context":"https:\/\/schema.org","@graph":[{"@type":"WebPage","@id":"https:\/\/www.klan-d.net\/?page_id=1914","url":"https:\/\/www.klan-d.net\/?page_id=1914","name":"Mac Baret Show - Les Sp\u00e9ciales Rap FR Ind\u00e9 &#8226; Radio Klan-D","isPartOf":{"@id":"https:\/\/www.klan-d.net\/#website"},"primaryImageOfPage":{"@id":"https:\/\/www.klan-d.net\/?page_id=1914#primaryimage"},"image":{"@id":"https:\/\/www.klan-d.net\/?page_id=1914#primaryimage"},"thumbnailUrl":"https:\/\/www.klan-d.net\/wp-content\/uploads\/MBS-Vign.png","datePublished":"2021-05-23T22:06:35+00:00","dateModified":"2021-07-16T01:55:34+00:00","breadcrumb":{"@id":"https:\/\/www.klan-d.net\/?page_id=1914#breadcrumb"},"inLanguage":"fr-FR","potentialAction":[{"@type":"ReadAction","target":["https:\/\/www.klan-d.net\/?page_id=1914"]}]},{"@type":"ImageObject","inLanguage":"fr-FR","@id":"https:\/\/www.klan-d.net\/?page_id=1914#primaryimage","url":"https:\/\/www.klan-d.net\/wp-content\/uploads\/MBS-Vign.png","contentUrl":"https:\/\/www.klan-d.net\/wp-content\/uploads\/MBS-Vign.png","width":277,"height":277,"caption":"Mac Baret Show"},{"@type":"BreadcrumbList","@id":"https:\/\/www.klan-d.net\/?page_id=1914#breadcrumb","itemListElement":[{"@type":"ListItem","position":1,"name":"Accueil","item":"https:\/\/www.klan-d.net\/"},{"@type":"ListItem","position":2,"name":"Grille de Programmes","item":"https:\/\/www.klan-d.net\/?page_id=1395"},{"@type":"ListItem","position":3,"name":"Mac Baret Show","item":"https:\/\/www.klan-d.net\/?page_id=81"},{"@type":"ListItem","position":4,"name":"Mac Baret Show &#8211; Les Sp\u00e9ciales Rap FR Ind\u00e9"}]},{"@type":"WebSite","@id":"https:\/\/www.klan-d.net\/#website","url":"https:\/\/www.klan-d.net\/","name":"Radio Klan-D","description":"Webradio clandestine et ind\u00e9, partout, du old school hip hop, du boom bap et des vannes pourries !","publisher":{"@id":"https:\/\/www.klan-d.net\/#organization"},"potentialAction":[{"@type":"SearchAction","target":{"@type":"EntryPoint","urlTemplate":"https:\/\/www.klan-d.net\/?s={search_term_string}"},"query-input":{"@type":"PropertyValueSpecification","valueRequired":true,"valueName":"search_term_string"}}],"inLanguage":"fr-FR"},{"@type":"Organization","@id":"https:\/\/www.klan-d.net\/#organization","name":"Radio Klan-D","url":"https:\/\/www.klan-d.net\/","logo":{"@type":"ImageObject","inLanguage":"fr-FR","@id":"https:\/\/www.klan-d.net\/#\/schema\/logo\/image\/","url":"https:\/\/www.klan-d.net\/wp-content\/uploads\/cropped-kland4.jpg","contentUrl":"https:\/\/www.klan-d.net\/wp-content\/uploads\/cropped-kland4.jpg","width":512,"height":512,"caption":"Radio Klan-D"},"image":{"@id":"https:\/\/www.klan-d.net\/#\/schema\/logo\/image\/"},"sameAs":["https:\/\/www.facebook.com\/radioclandestine\/","https:\/\/x.com\/RadioKlanD","https:\/\/www.youtube.com\/channel\/UC2QoBtfYHnl9oWoPlvmaAEg"]}]}},"_links":{"self":[{"href":"https:\/\/www.klan-d.net\/index.php?rest_route=\/wp\/v2\/pages\/1914","targetHints":{"allow":["GET"]}}],"collection":[{"href":"https:\/\/www.klan-d.net\/index.php?rest_route=\/wp\/v2\/pages"}],"about":[{"href":"https:\/\/www.klan-d.net\/index.php?rest_route=\/wp\/v2\/types\/page"}],"author":[{"embeddable":true,"href":"https:\/\/www.klan-d.net\/index.php?rest_route=\/wp\/v2\/users\/1"}],"replies":[{"embeddable":true,"href":"https:\/\/www.klan-d.net\/index.php?rest_route=%2Fwp%2Fv2%2Fcomments&post=1914"}],"version-history":[{"count":3,"href":"https:\/\/www.klan-d.net\/index.php?rest_route=\/wp\/v2\/pages\/1914\/revisions"}],"predecessor-version":[{"id":1961,"href":"https:\/\/www.klan-d.net\/index.php?rest_route=\/wp\/v2\/pages\/1914\/revisions\/1961"}],"up":[{"embeddable":true,"href":"https:\/\/www.klan-d.net\/index.php?rest_route=\/wp\/v2\/pages\/81"}],"wp:attachment":[{"href":"https:\/\/www.klan-d.net\/index.php?rest_route=%2Fwp%2Fv2%2Fmedia&parent=1914"}],"curies":[{"name":"wp","href":"https:\/\/api.w.org\/{rel}","templated":true}]}}