{"id":171,"date":"2017-01-14T19:12:57","date_gmt":"2017-01-14T18:12:57","guid":{"rendered":"http:\/\/www.klan-d.net\/?page_id=171"},"modified":"2020-04-02T08:17:33","modified_gmt":"2020-04-02T06:17:33","slug":"les-tontons-tailleurs","status":"publish","type":"page","link":"https:\/\/www.klan-d.net\/?page_id=171","title":{"rendered":"Les Tontons Tailleurs"},"content":{"rendered":"<hr>\n<p style=\"text-align: left;\">Tous les&nbsp;dimanche \u00e0 18h, retrouvrez la bande des Tontons Tailleurs, attabl\u00e9s autour d&rsquo;un petit sky ou d&rsquo;une tisane. Ils sont pr\u00eats \u00e0 envoyer du gros son, et bien sur tailler la musique de merdes des autres! A la fin de l&rsquo;ann\u00e9e on fait les comptes et le pire tonton paye sa tourn\u00e9e!<\/p>\n<hr>\n<p style=\"text-align: left;\"><strong>Les Tontons Tailleurs&nbsp;#4 &#8211; Tonton V-Nerf s&rsquo;enfonce dans l&rsquo;abysse<\/strong><\/p>\n<p><iframe loading=\"lazy\" src=\"https:\/\/www.mixcloud.com\/widget\/iframe\/?feed=https%3A%2F%2Fwww.mixcloud.com%2FRadio_Klan_D%2Fles-tontons-tailleurs-4-tonton-v-nerf-senfonce-dans-labysse%2F&amp;hide_cover=1&amp;light=1\" width=\"100%\" height=\"120\" frameborder=\"0\"><\/iframe><\/p>\n<p style=\"text-align: left;\"><strong>Les Tontons Tailleurs&nbsp;#3 &#8211; Tonton V-Nerf au bord de l&rsquo;exclusion<\/strong><\/p>\n<p><iframe loading=\"lazy\" src=\"https:\/\/www.mixcloud.com\/widget\/iframe\/?feed=https%3A%2F%2Fwww.mixcloud.com%2FRadio_Klan_D%2Fles-tontons-tailleurs-3-tonton-v-nerf-au-bord-de-lexclusion%2F&amp;hide_cover=1&amp;light=1\" width=\"100%\" height=\"120\" frameborder=\"0\"><\/iframe><\/p>\n<p style=\"text-align: left;\"><strong>Les Tontons Tailleurs&nbsp;#2 &#8211; Tonton O&rsquo;Gust le voleur de rondelles!<\/strong><\/p>\n<p><iframe loading=\"lazy\" src=\"https:\/\/www.mixcloud.com\/widget\/iframe\/?feed=https%3A%2F%2Fwww.mixcloud.com%2FRadio_Klan_D%2Fles-tontons-tailleurs-2-tonton-ogust-le-voleur-de-rondelles%2F&amp;hide_cover=1&amp;light=1\" width=\"100%\" height=\"120\" frameborder=\"0\"><\/iframe><\/p>\n<p style=\"text-align: left;\"><strong>Les Tontons Tailleurs&nbsp;#1 &#8211; Inauguration en grandes pompes<\/strong><\/p>\n<p><iframe loading=\"lazy\" src=\"https:\/\/www.mixcloud.com\/widget\/iframe\/?feed=https%3A%2F%2Fwww.mixcloud.com%2FRadio_Klan_D%2Fles-tontons-tailleurs-1%2F&amp;hide_cover=1&amp;light=1\" width=\"100%\" height=\"120\" frameborder=\"0\"><\/iframe><\/p>\n","protected":false},"excerpt":{"rendered":"<p>Tous les&nbsp;dimanche \u00e0 18h, retrouvrez la bande des Tontons Tailleurs, attabl\u00e9s autour d&rsquo;un petit sky ou d&rsquo;une tisane. Ils sont pr\u00eats \u00e0 envoyer du gros son, et bien sur tailler la musique de merdes&#46;&#46;&#46;<\/p>\n","protected":false},"author":1,"featured_media":167,"parent":997,"menu_order":0,"comment_status":"closed","ping_status":"closed","template":"","meta":{"footnotes":""},"class_list":["post-171","page","type-page","status-publish","has-post-thumbnail","hentry"],"yoast_head":"<!-- This site is optimized with the Yoast SEO plugin v27.3 - https:\/\/yoast.com\/product\/yoast-seo-wordpress\/ -->\n<title>Les Tontons Tailleurs &#8226; Radio Klan-D<\/title>\n<meta name=\"description\" content=\"Tous les dimanche \u00e0 18h, retrouvez la bande des Tontons Tailleurs, attabl\u00e9s autour d&#039;un petit sky. Ils sont pr\u00eats \u00e0 tailler la musique de merdes des autres!\" \/>\n<meta name=\"robots\" content=\"index, follow, max-snippet:-1, max-image-preview:large, max-video-preview:-1\" \/>\n<link rel=\"canonical\" href=\"https:\/\/www.klan-d.net\/?page_id=171\" \/>\n<meta property=\"og:locale\" content=\"fr_FR\" \/>\n<meta property=\"og:type\" content=\"article\" \/>\n<meta property=\"og:title\" content=\"Les Tontons Tailleurs\" \/>\n<meta property=\"og:description\" content=\"Tous les dimanche \u00e0 18h, retrouvrez la bande des Tontons Tailleurs, attabl\u00e9s autour d&#039;un petit sky ou d&#039;une tisane. Ils sont pr\u00eats \u00e0 envoyer du gros son, et bien sur tailler la musique de merdes des autres! A la fin de l&#039;ann\u00e9e on fait les comptes et le pire tonton paye sa tourn\u00e9e!\" \/>\n<meta property=\"og:url\" content=\"https:\/\/www.klan-d.net\/?page_id=171\" \/>\n<meta property=\"og:site_name\" content=\"Radio Klan-D\" \/>\n<meta property=\"article:publisher\" content=\"https:\/\/www.facebook.com\/radioclandestine\/\" \/>\n<meta property=\"article:modified_time\" content=\"2020-04-02T06:17:33+00:00\" \/>\n<meta property=\"og:image\" content=\"https:\/\/www.klan-d.net\/wp-content\/uploads\/TONTONS-TAILLEURS-LOGO.jpg\" \/>\n\t<meta property=\"og:image:width\" content=\"2160\" \/>\n\t<meta property=\"og:image:height\" content=\"2892\" \/>\n\t<meta property=\"og:image:type\" content=\"image\/jpeg\" \/>\n<meta name=\"twitter:card\" content=\"summary_large_image\" \/>\n<meta name=\"twitter:site\" content=\"@RadioKlanD\" \/>\n<script type=\"application\/ld+json\" class=\"yoast-schema-graph\">{\"@context\":\"https:\\\/\\\/schema.org\",\"@graph\":[{\"@type\":\"WebPage\",\"@id\":\"https:\\\/\\\/www.klan-d.net\\\/?page_id=171\",\"url\":\"https:\\\/\\\/www.klan-d.net\\\/?page_id=171\",\"name\":\"Les Tontons Tailleurs &#8226; Radio Klan-D\",\"isPartOf\":{\"@id\":\"https:\\\/\\\/www.klan-d.net\\\/#website\"},\"primaryImageOfPage\":{\"@id\":\"https:\\\/\\\/www.klan-d.net\\\/?page_id=171#primaryimage\"},\"image\":{\"@id\":\"https:\\\/\\\/www.klan-d.net\\\/?page_id=171#primaryimage\"},\"thumbnailUrl\":\"https:\\\/\\\/www.klan-d.net\\\/wp-content\\\/uploads\\\/TONTONS-TAILLEURS-LOGO.jpg\",\"datePublished\":\"2017-01-14T18:12:57+00:00\",\"dateModified\":\"2020-04-02T06:17:33+00:00\",\"description\":\"Tous les dimanche \u00e0 18h, retrouvez la bande des Tontons Tailleurs, attabl\u00e9s autour d'un petit sky. Ils sont pr\u00eats \u00e0 tailler la musique de merdes des autres!\",\"breadcrumb\":{\"@id\":\"https:\\\/\\\/www.klan-d.net\\\/?page_id=171#breadcrumb\"},\"inLanguage\":\"fr-FR\",\"potentialAction\":[{\"@type\":\"ReadAction\",\"target\":[\"https:\\\/\\\/www.klan-d.net\\\/?page_id=171\"]}]},{\"@type\":\"ImageObject\",\"inLanguage\":\"fr-FR\",\"@id\":\"https:\\\/\\\/www.klan-d.net\\\/?page_id=171#primaryimage\",\"url\":\"https:\\\/\\\/www.klan-d.net\\\/wp-content\\\/uploads\\\/TONTONS-TAILLEURS-LOGO.jpg\",\"contentUrl\":\"https:\\\/\\\/www.klan-d.net\\\/wp-content\\\/uploads\\\/TONTONS-TAILLEURS-LOGO.jpg\",\"width\":2160,\"height\":2892},{\"@type\":\"BreadcrumbList\",\"@id\":\"https:\\\/\\\/www.klan-d.net\\\/?page_id=171#breadcrumb\",\"itemListElement\":[{\"@type\":\"ListItem\",\"position\":1,\"name\":\"Accueil\",\"item\":\"https:\\\/\\\/www.klan-d.net\\\/\"},{\"@type\":\"ListItem\",\"position\":2,\"name\":\"Archives\",\"item\":\"https:\\\/\\\/www.klan-d.net\\\/?page_id=997\"},{\"@type\":\"ListItem\",\"position\":3,\"name\":\"Les Tontons Tailleurs\"}]},{\"@type\":\"WebSite\",\"@id\":\"https:\\\/\\\/www.klan-d.net\\\/#website\",\"url\":\"https:\\\/\\\/www.klan-d.net\\\/\",\"name\":\"Radio Klan-D\",\"description\":\"Webradio clandestine et ind\u00e9, partout, du old school hip hop, du boom bap et des vannes pourries !\",\"publisher\":{\"@id\":\"https:\\\/\\\/www.klan-d.net\\\/#organization\"},\"potentialAction\":[{\"@type\":\"SearchAction\",\"target\":{\"@type\":\"EntryPoint\",\"urlTemplate\":\"https:\\\/\\\/www.klan-d.net\\\/?s={search_term_string}\"},\"query-input\":{\"@type\":\"PropertyValueSpecification\",\"valueRequired\":true,\"valueName\":\"search_term_string\"}}],\"inLanguage\":\"fr-FR\"},{\"@type\":\"Organization\",\"@id\":\"https:\\\/\\\/www.klan-d.net\\\/#organization\",\"name\":\"Radio Klan-D\",\"url\":\"https:\\\/\\\/www.klan-d.net\\\/\",\"logo\":{\"@type\":\"ImageObject\",\"inLanguage\":\"fr-FR\",\"@id\":\"https:\\\/\\\/www.klan-d.net\\\/#\\\/schema\\\/logo\\\/image\\\/\",\"url\":\"https:\\\/\\\/www.klan-d.net\\\/wp-content\\\/uploads\\\/cropped-kland4.jpg\",\"contentUrl\":\"https:\\\/\\\/www.klan-d.net\\\/wp-content\\\/uploads\\\/cropped-kland4.jpg\",\"width\":512,\"height\":512,\"caption\":\"Radio Klan-D\"},\"image\":{\"@id\":\"https:\\\/\\\/www.klan-d.net\\\/#\\\/schema\\\/logo\\\/image\\\/\"},\"sameAs\":[\"https:\\\/\\\/www.facebook.com\\\/radioclandestine\\\/\",\"https:\\\/\\\/x.com\\\/RadioKlanD\",\"https:\\\/\\\/www.youtube.com\\\/channel\\\/UC2QoBtfYHnl9oWoPlvmaAEg\"]}]}<\/script>\n<!-- \/ Yoast SEO plugin. -->","yoast_head_json":{"title":"Les Tontons Tailleurs &#8226; Radio Klan-D","description":"Tous les dimanche \u00e0 18h, retrouvez la bande des Tontons Tailleurs, attabl\u00e9s autour d'un petit sky. Ils sont pr\u00eats \u00e0 tailler la musique de merdes des autres!","robots":{"index":"index","follow":"follow","max-snippet":"max-snippet:-1","max-image-preview":"max-image-preview:large","max-video-preview":"max-video-preview:-1"},"canonical":"https:\/\/www.klan-d.net\/?page_id=171","og_locale":"fr_FR","og_type":"article","og_title":"Les Tontons Tailleurs","og_description":"Tous les dimanche \u00e0 18h, retrouvrez la bande des Tontons Tailleurs, attabl\u00e9s autour d'un petit sky ou d'une tisane. Ils sont pr\u00eats \u00e0 envoyer du gros son, et bien sur tailler la musique de merdes des autres! A la fin de l'ann\u00e9e on fait les comptes et le pire tonton paye sa tourn\u00e9e!","og_url":"https:\/\/www.klan-d.net\/?page_id=171","og_site_name":"Radio Klan-D","article_publisher":"https:\/\/www.facebook.com\/radioclandestine\/","article_modified_time":"2020-04-02T06:17:33+00:00","og_image":[{"width":2160,"height":2892,"url":"https:\/\/www.klan-d.net\/wp-content\/uploads\/TONTONS-TAILLEURS-LOGO.jpg","type":"image\/jpeg"}],"twitter_card":"summary_large_image","twitter_site":"@RadioKlanD","schema":{"@context":"https:\/\/schema.org","@graph":[{"@type":"WebPage","@id":"https:\/\/www.klan-d.net\/?page_id=171","url":"https:\/\/www.klan-d.net\/?page_id=171","name":"Les Tontons Tailleurs &#8226; Radio Klan-D","isPartOf":{"@id":"https:\/\/www.klan-d.net\/#website"},"primaryImageOfPage":{"@id":"https:\/\/www.klan-d.net\/?page_id=171#primaryimage"},"image":{"@id":"https:\/\/www.klan-d.net\/?page_id=171#primaryimage"},"thumbnailUrl":"https:\/\/www.klan-d.net\/wp-content\/uploads\/TONTONS-TAILLEURS-LOGO.jpg","datePublished":"2017-01-14T18:12:57+00:00","dateModified":"2020-04-02T06:17:33+00:00","description":"Tous les dimanche \u00e0 18h, retrouvez la bande des Tontons Tailleurs, attabl\u00e9s autour d'un petit sky. Ils sont pr\u00eats \u00e0 tailler la musique de merdes des autres!","breadcrumb":{"@id":"https:\/\/www.klan-d.net\/?page_id=171#breadcrumb"},"inLanguage":"fr-FR","potentialAction":[{"@type":"ReadAction","target":["https:\/\/www.klan-d.net\/?page_id=171"]}]},{"@type":"ImageObject","inLanguage":"fr-FR","@id":"https:\/\/www.klan-d.net\/?page_id=171#primaryimage","url":"https:\/\/www.klan-d.net\/wp-content\/uploads\/TONTONS-TAILLEURS-LOGO.jpg","contentUrl":"https:\/\/www.klan-d.net\/wp-content\/uploads\/TONTONS-TAILLEURS-LOGO.jpg","width":2160,"height":2892},{"@type":"BreadcrumbList","@id":"https:\/\/www.klan-d.net\/?page_id=171#breadcrumb","itemListElement":[{"@type":"ListItem","position":1,"name":"Accueil","item":"https:\/\/www.klan-d.net\/"},{"@type":"ListItem","position":2,"name":"Archives","item":"https:\/\/www.klan-d.net\/?page_id=997"},{"@type":"ListItem","position":3,"name":"Les Tontons Tailleurs"}]},{"@type":"WebSite","@id":"https:\/\/www.klan-d.net\/#website","url":"https:\/\/www.klan-d.net\/","name":"Radio Klan-D","description":"Webradio clandestine et ind\u00e9, partout, du old school hip hop, du boom bap et des vannes pourries !","publisher":{"@id":"https:\/\/www.klan-d.net\/#organization"},"potentialAction":[{"@type":"SearchAction","target":{"@type":"EntryPoint","urlTemplate":"https:\/\/www.klan-d.net\/?s={search_term_string}"},"query-input":{"@type":"PropertyValueSpecification","valueRequired":true,"valueName":"search_term_string"}}],"inLanguage":"fr-FR"},{"@type":"Organization","@id":"https:\/\/www.klan-d.net\/#organization","name":"Radio Klan-D","url":"https:\/\/www.klan-d.net\/","logo":{"@type":"ImageObject","inLanguage":"fr-FR","@id":"https:\/\/www.klan-d.net\/#\/schema\/logo\/image\/","url":"https:\/\/www.klan-d.net\/wp-content\/uploads\/cropped-kland4.jpg","contentUrl":"https:\/\/www.klan-d.net\/wp-content\/uploads\/cropped-kland4.jpg","width":512,"height":512,"caption":"Radio Klan-D"},"image":{"@id":"https:\/\/www.klan-d.net\/#\/schema\/logo\/image\/"},"sameAs":["https:\/\/www.facebook.com\/radioclandestine\/","https:\/\/x.com\/RadioKlanD","https:\/\/www.youtube.com\/channel\/UC2QoBtfYHnl9oWoPlvmaAEg"]}]}},"_links":{"self":[{"href":"https:\/\/www.klan-d.net\/index.php?rest_route=\/wp\/v2\/pages\/171","targetHints":{"allow":["GET"]}}],"collection":[{"href":"https:\/\/www.klan-d.net\/index.php?rest_route=\/wp\/v2\/pages"}],"about":[{"href":"https:\/\/www.klan-d.net\/index.php?rest_route=\/wp\/v2\/types\/page"}],"author":[{"embeddable":true,"href":"https:\/\/www.klan-d.net\/index.php?rest_route=\/wp\/v2\/users\/1"}],"replies":[{"embeddable":true,"href":"https:\/\/www.klan-d.net\/index.php?rest_route=%2Fwp%2Fv2%2Fcomments&post=171"}],"version-history":[{"count":0,"href":"https:\/\/www.klan-d.net\/index.php?rest_route=\/wp\/v2\/pages\/171\/revisions"}],"up":[{"embeddable":true,"href":"https:\/\/www.klan-d.net\/index.php?rest_route=\/wp\/v2\/pages\/997"}],"wp:featuredmedia":[{"embeddable":true,"href":"https:\/\/www.klan-d.net\/index.php?rest_route=\/wp\/v2\/media\/167"}],"wp:attachment":[{"href":"https:\/\/www.klan-d.net\/index.php?rest_route=%2Fwp%2Fv2%2Fmedia&parent=171"}],"curies":[{"name":"wp","href":"https:\/\/api.w.org\/{rel}","templated":true}]}}