{"id":1508,"date":"2019-12-22T10:04:38","date_gmt":"2019-12-22T09:04:38","guid":{"rendered":"https:\/\/www.klan-d.net\/?page_id=1508"},"modified":"2020-04-02T05:02:22","modified_gmt":"2020-04-02T03:02:22","slug":"a-labordage-21-30","status":"publish","type":"page","link":"https:\/\/www.klan-d.net\/?page_id=1508","title":{"rendered":"A l&rsquo;abordage ! (#21 &#8211; #30)"},"content":{"rendered":"\n<figure class=\"wp-block-image size-large\"><img loading=\"lazy\" decoding=\"async\" width=\"1024\" height=\"579\" src=\"https:\/\/www.klan-d.net\/wp-content\/uploads\/abordage-1-1024x579.jpg\" alt=\"\" class=\"wp-image-1401\" srcset=\"https:\/\/www.klan-d.net\/wp-content\/uploads\/abordage-1-1024x579.jpg 1024w, https:\/\/www.klan-d.net\/wp-content\/uploads\/abordage-1-300x170.jpg 300w, https:\/\/www.klan-d.net\/wp-content\/uploads\/abordage-1-768x434.jpg 768w, https:\/\/www.klan-d.net\/wp-content\/uploads\/abordage-1.jpg 1974w\" sizes=\"auto, (max-width: 1024px) 100vw, 1024px\" \/><figcaption> Tous les dimanche, 21h \u00e0 peu pr\u00e8s, les pirates avin\u00e9s Guik&rsquo;Z et Trep1  prennent d&rsquo;assaut l&rsquo;antenne par (quasi) surprise pour balancer du rap  saaaaaaaale et souterrain ! <\/figcaption><\/figure>\n\n\n\n<p> Ambiance jambe de bois et rhum de pirate, c&rsquo;est le meilleur moyen de finir son week-end dans la bonne humeur ! <\/p>\n\n\n\n<hr class=\"wp-block-separator\"\/>\n\n\n\n<p class=\"has-text-color has-text-align-center has-vivid-red-color\"><strong><a href=\"https:\/\/www.klan-d.net\/?page_id=1400\"><u>1 &#8211; 10<\/u><\/a> &#8212; <a href=\"https:\/\/www.klan-d.net\/?page_id=1413\"><u>11-20<\/u><\/a> &#8212; <em>21 &#8211; 30<\/em> &#8212; <u><a href=\"https:\/\/www.klan-d.net\/?page_id=1583\">31-40<\/a><\/u> &#8212; <a href=\"https:\/\/www.klan-d.net\/?page_id=1417\"><u>Sp\u00e9ciales<\/u><\/a><\/strong><\/p>\n\n\n\n<hr class=\"wp-block-separator\"\/>\n\n\n\n<figure class=\"wp-block-embed-mixcloud wp-block-embed is-type-rich is-provider-mixcloud wp-embed-aspect-21-9 wp-has-aspect-ratio\"><div class=\"wp-block-embed__wrapper\">\n<iframe loading=\"lazy\" title=\"A L&#039;Abordage Episode 21: Les Pirates Avin\u00e9s\" width=\"100%\" height=\"120\" src=\"https:\/\/www.mixcloud.com\/widget\/iframe\/?feed=https%3A%2F%2Fwww.mixcloud.com%2FA_L_ABORDAGE%2Fa-labordage-episode-21-les-pirates-avin%25C3%25A9s%2F&amp;hide_cover=1\" frameborder=\"0\" allow=\"encrypted-media; fullscreen; autoplay; idle-detection; speaker-selection; web-share;\"><\/iframe>\n<\/div><\/figure>\n\n\n\n<hr class=\"wp-block-separator\"\/>\n\n\n\n<figure class=\"wp-block-embed-mixcloud wp-block-embed is-type-rich is-provider-mixcloud wp-embed-aspect-21-9 wp-has-aspect-ratio\"><div class=\"wp-block-embed__wrapper\">\n<iframe loading=\"lazy\" title=\"A L&#039;Abordage Episode 22: Une Fin Sans Micro (Klan-D Max)\" width=\"100%\" height=\"120\" src=\"https:\/\/www.mixcloud.com\/widget\/iframe\/?feed=https%3A%2F%2Fwww.mixcloud.com%2FA_L_ABORDAGE%2Fa-labordage-episode-22-une-fin-sans-micro-klan-d-max%2F&amp;hide_cover=1\" frameborder=\"0\" allow=\"encrypted-media; fullscreen; autoplay; idle-detection; speaker-selection; web-share;\"><\/iframe>\n<\/div><\/figure>\n\n\n\n<hr class=\"wp-block-separator\"\/>\n\n\n\n<figure class=\"wp-block-embed-mixcloud wp-block-embed is-type-rich is-provider-mixcloud wp-embed-aspect-21-9 wp-has-aspect-ratio\"><div class=\"wp-block-embed__wrapper\">\n<iframe loading=\"lazy\" title=\"A L&#039;Abordage Episode 23 : Le Trio Gagnant (Feat Larry Monde)\" width=\"100%\" height=\"120\" src=\"https:\/\/www.mixcloud.com\/widget\/iframe\/?feed=https%3A%2F%2Fwww.mixcloud.com%2FA_L_ABORDAGE%2Fa-labordage-episode-23-le-trio-gagnant-feat-larry-monde%2F&amp;hide_cover=1\" frameborder=\"0\" allow=\"encrypted-media; fullscreen; autoplay; idle-detection; speaker-selection; web-share;\"><\/iframe>\n<\/div><\/figure>\n\n\n\n<hr class=\"wp-block-separator\"\/>\n\n\n\n<figure class=\"wp-block-embed-mixcloud wp-block-embed is-type-rich is-provider-mixcloud wp-embed-aspect-21-9 wp-has-aspect-ratio\"><div class=\"wp-block-embed__wrapper\">\n<iframe loading=\"lazy\" title=\"A L&#039;Abordage Episode 24 :Du Rhum Des Jingles Et Des Gif\" width=\"100%\" height=\"120\" src=\"https:\/\/www.mixcloud.com\/widget\/iframe\/?feed=https%3A%2F%2Fwww.mixcloud.com%2FA_L_ABORDAGE%2Fa-labordage-episode-24-du-rhum-des-jingles-et-des-gif%2F&amp;hide_cover=1\" frameborder=\"0\" allow=\"encrypted-media; fullscreen; autoplay; idle-detection; speaker-selection; web-share;\"><\/iframe>\n<\/div><\/figure>\n\n\n\n<hr class=\"wp-block-separator\"\/>\n\n\n\n<figure class=\"wp-block-embed-mixcloud wp-block-embed is-type-rich is-provider-mixcloud wp-embed-aspect-21-9 wp-has-aspect-ratio\"><div class=\"wp-block-embed__wrapper\">\n<iframe loading=\"lazy\" title=\"A L&#039;Abordage Episode 25 : Un Chat De Folie (Fallait Etre La Pendant Le Live :P)\" width=\"100%\" height=\"120\" src=\"https:\/\/www.mixcloud.com\/widget\/iframe\/?feed=https%3A%2F%2Fwww.mixcloud.com%2FA_L_ABORDAGE%2Fa-labordage-episode-25-un-chat-de-folie-fallait-etre-la-pendant-le-live-p%2F&amp;hide_cover=1\" frameborder=\"0\" allow=\"encrypted-media; fullscreen; autoplay; idle-detection; speaker-selection; web-share;\"><\/iframe>\n<\/div><\/figure>\n\n\n\n<hr class=\"wp-block-separator\"\/>\n\n\n\n<figure class=\"wp-block-embed-mixcloud wp-block-embed is-type-rich is-provider-mixcloud wp-embed-aspect-21-9 wp-has-aspect-ratio\"><div class=\"wp-block-embed__wrapper\">\n<iframe loading=\"lazy\" title=\"A L&#039;Abordage Episode 26 :  Comment Ca A L&#039;Abordage ??\" width=\"100%\" height=\"120\" src=\"https:\/\/www.mixcloud.com\/widget\/iframe\/?feed=https%3A%2F%2Fwww.mixcloud.com%2FA_L_ABORDAGE%2Fa-labordage-episode-25-comment-ca-a-labordage%2F&amp;hide_cover=1\" frameborder=\"0\" allow=\"encrypted-media; fullscreen; autoplay; idle-detection; speaker-selection; web-share;\"><\/iframe>\n<\/div><\/figure>\n\n\n\n<hr class=\"wp-block-separator\"\/>\n\n\n\n<figure class=\"wp-block-embed-mixcloud wp-block-embed is-type-rich is-provider-mixcloud wp-embed-aspect-21-9 wp-has-aspect-ratio\"><div class=\"wp-block-embed__wrapper\">\n<iframe loading=\"lazy\" title=\"A L&#039;Abordage Episode  27 : Beaucoup Beaucoup Trop D&#039;Alcool\" width=\"100%\" height=\"120\" src=\"https:\/\/www.mixcloud.com\/widget\/iframe\/?feed=https%3A%2F%2Fwww.mixcloud.com%2FA_L_ABORDAGE%2Fa-labordage-episode-27-beaucoup-beaucoup-trop-dalcool%2F&amp;hide_cover=1\" frameborder=\"0\" allow=\"encrypted-media; fullscreen; autoplay; idle-detection; speaker-selection; web-share;\"><\/iframe>\n<\/div><\/figure>\n\n\n\n<hr class=\"wp-block-separator\"\/>\n\n\n\n<figure class=\"wp-block-embed-mixcloud wp-block-embed is-type-rich is-provider-mixcloud wp-embed-aspect-21-9 wp-has-aspect-ratio\"><div class=\"wp-block-embed__wrapper\">\n<iframe loading=\"lazy\" title=\"A L&#039;Abordage Episode 28: Des Pirates Sachant Pirater\" width=\"100%\" height=\"120\" src=\"https:\/\/www.mixcloud.com\/widget\/iframe\/?feed=https%3A%2F%2Fwww.mixcloud.com%2FA_L_ABORDAGE%2Fa-labordage-episode-28-des-pirates-sachant-pirater%2F&amp;hide_cover=1\" frameborder=\"0\" allow=\"encrypted-media; fullscreen; autoplay; idle-detection; speaker-selection; web-share;\"><\/iframe>\n<\/div><\/figure>\n\n\n\n<hr class=\"wp-block-separator\"\/>\n\n\n\n<figure class=\"wp-block-embed-mixcloud wp-block-embed is-type-rich is-provider-mixcloud wp-embed-aspect-21-9 wp-has-aspect-ratio\"><div class=\"wp-block-embed__wrapper\">\n<iframe loading=\"lazy\" title=\"A L&#039;Abordage Episode  29 : La Travers\u00e9e Au Vin De Noix\" width=\"100%\" height=\"120\" src=\"https:\/\/www.mixcloud.com\/widget\/iframe\/?feed=https%3A%2F%2Fwww.mixcloud.com%2FA_L_ABORDAGE%2Fa-labordage-episode-30-la-travers%25C3%25A9e-au-vin-de-noix%2F&amp;hide_cover=1\" frameborder=\"0\" allow=\"encrypted-media; fullscreen; autoplay; idle-detection; speaker-selection; web-share;\"><\/iframe>\n<\/div><\/figure>\n\n\n\n<hr class=\"wp-block-separator\"\/>\n\n\n\n<figure class=\"wp-block-embed-mixcloud wp-block-embed is-type-rich is-provider-mixcloud wp-embed-aspect-21-9 wp-has-aspect-ratio\"><div class=\"wp-block-embed__wrapper\">\n<iframe loading=\"lazy\" title=\"A L&#039;Abordage Episode 30 : Exclu Pirate Pour Pirates Exclus\" width=\"100%\" height=\"120\" src=\"https:\/\/www.mixcloud.com\/widget\/iframe\/?feed=https%3A%2F%2Fwww.mixcloud.com%2FA_L_ABORDAGE%2Fa-labordage-episode-30-exclu-pirate-pour-pirates-exclus%2F&amp;hide_cover=1\" frameborder=\"0\" allow=\"encrypted-media; fullscreen; autoplay; idle-detection; speaker-selection; web-share;\"><\/iframe>\n<\/div><\/figure>\n\n\n\n<hr class=\"wp-block-separator\"\/>\n","protected":false},"excerpt":{"rendered":"<p>Ambiance jambe de bois et rhum de pirate, c&rsquo;est le meilleur moyen de finir son week-end dans la bonne humeur ! 1 &#8211; 10 &#8212; 11-20 &#8212; 21 &#8211; 30 &#8212; 31-40 &#8212; Sp\u00e9ciales<\/p>\n","protected":false},"author":1,"featured_media":0,"parent":1400,"menu_order":0,"comment_status":"closed","ping_status":"closed","template":"","meta":{"footnotes":""},"class_list":["post-1508","page","type-page","status-publish","hentry"],"yoast_head":"<!-- This site is optimized with the Yoast SEO plugin v27.4 - https:\/\/yoast.com\/product\/yoast-seo-wordpress\/ -->\n<title>A l&#039;abordage ! (#21 - #30) &#8226; Radio Klan-D<\/title>\n<meta name=\"robots\" content=\"index, follow, max-snippet:-1, max-image-preview:large, max-video-preview:-1\" \/>\n<link rel=\"canonical\" href=\"https:\/\/www.klan-d.net\/?page_id=1508\" \/>\n<meta property=\"og:locale\" content=\"fr_FR\" \/>\n<meta property=\"og:type\" content=\"article\" \/>\n<meta property=\"og:title\" content=\"A l&#039;abordage ! (#21 - #30) &#8226; Radio Klan-D\" \/>\n<meta property=\"og:description\" content=\"Ambiance jambe de bois et rhum de pirate, c&rsquo;est le meilleur moyen de finir son week-end dans la bonne humeur ! 1 &#8211; 10 &#8212; 11-20 &#8212; 21 &#8211; 30 &#8212; 31-40 &#8212; Sp\u00e9ciales\" \/>\n<meta property=\"og:url\" content=\"https:\/\/www.klan-d.net\/?page_id=1508\" \/>\n<meta property=\"og:site_name\" content=\"Radio Klan-D\" \/>\n<meta property=\"article:publisher\" content=\"https:\/\/www.facebook.com\/radioclandestine\/\" \/>\n<meta property=\"article:modified_time\" content=\"2020-04-02T03:02:22+00:00\" \/>\n<meta property=\"og:image\" content=\"https:\/\/www.klan-d.net\/wp-content\/uploads\/abordage-1-1024x579.jpg\" \/>\n<meta name=\"twitter:card\" content=\"summary_large_image\" \/>\n<meta name=\"twitter:site\" content=\"@RadioKlanD\" \/>\n<meta name=\"twitter:label1\" content=\"Dur\u00e9e de lecture estim\u00e9e\" \/>\n\t<meta name=\"twitter:data1\" content=\"1 minute\" \/>\n<script type=\"application\/ld+json\" class=\"yoast-schema-graph\">{\"@context\":\"https:\\\/\\\/schema.org\",\"@graph\":[{\"@type\":\"WebPage\",\"@id\":\"https:\\\/\\\/www.klan-d.net\\\/?page_id=1508\",\"url\":\"https:\\\/\\\/www.klan-d.net\\\/?page_id=1508\",\"name\":\"A l'abordage ! (#21 - #30) &#8226; Radio Klan-D\",\"isPartOf\":{\"@id\":\"https:\\\/\\\/www.klan-d.net\\\/#website\"},\"primaryImageOfPage\":{\"@id\":\"https:\\\/\\\/www.klan-d.net\\\/?page_id=1508#primaryimage\"},\"image\":{\"@id\":\"https:\\\/\\\/www.klan-d.net\\\/?page_id=1508#primaryimage\"},\"thumbnailUrl\":\"https:\\\/\\\/www.klan-d.net\\\/wp-content\\\/uploads\\\/abordage-1-1024x579.jpg\",\"datePublished\":\"2019-12-22T09:04:38+00:00\",\"dateModified\":\"2020-04-02T03:02:22+00:00\",\"breadcrumb\":{\"@id\":\"https:\\\/\\\/www.klan-d.net\\\/?page_id=1508#breadcrumb\"},\"inLanguage\":\"fr-FR\",\"potentialAction\":[{\"@type\":\"ReadAction\",\"target\":[\"https:\\\/\\\/www.klan-d.net\\\/?page_id=1508\"]}]},{\"@type\":\"ImageObject\",\"inLanguage\":\"fr-FR\",\"@id\":\"https:\\\/\\\/www.klan-d.net\\\/?page_id=1508#primaryimage\",\"url\":\"https:\\\/\\\/www.klan-d.net\\\/wp-content\\\/uploads\\\/abordage-1.jpg\",\"contentUrl\":\"https:\\\/\\\/www.klan-d.net\\\/wp-content\\\/uploads\\\/abordage-1.jpg\",\"width\":1974,\"height\":1116},{\"@type\":\"BreadcrumbList\",\"@id\":\"https:\\\/\\\/www.klan-d.net\\\/?page_id=1508#breadcrumb\",\"itemListElement\":[{\"@type\":\"ListItem\",\"position\":1,\"name\":\"Accueil\",\"item\":\"https:\\\/\\\/www.klan-d.net\\\/\"},{\"@type\":\"ListItem\",\"position\":2,\"name\":\"Grille de Programmes\",\"item\":\"https:\\\/\\\/www.klan-d.net\\\/?page_id=1395\"},{\"@type\":\"ListItem\",\"position\":3,\"name\":\"A l&#8217;abordage ! (#1 &#8211; #10)\",\"item\":\"https:\\\/\\\/www.klan-d.net\\\/?page_id=1400\"},{\"@type\":\"ListItem\",\"position\":4,\"name\":\"A l&#8217;abordage ! (#21 &#8211; #30)\"}]},{\"@type\":\"WebSite\",\"@id\":\"https:\\\/\\\/www.klan-d.net\\\/#website\",\"url\":\"https:\\\/\\\/www.klan-d.net\\\/\",\"name\":\"Radio Klan-D\",\"description\":\"Webradio clandestine et ind\u00e9, partout, du old school hip hop, du boom bap et des vannes pourries !\",\"publisher\":{\"@id\":\"https:\\\/\\\/www.klan-d.net\\\/#organization\"},\"potentialAction\":[{\"@type\":\"SearchAction\",\"target\":{\"@type\":\"EntryPoint\",\"urlTemplate\":\"https:\\\/\\\/www.klan-d.net\\\/?s={search_term_string}\"},\"query-input\":{\"@type\":\"PropertyValueSpecification\",\"valueRequired\":true,\"valueName\":\"search_term_string\"}}],\"inLanguage\":\"fr-FR\"},{\"@type\":\"Organization\",\"@id\":\"https:\\\/\\\/www.klan-d.net\\\/#organization\",\"name\":\"Radio Klan-D\",\"url\":\"https:\\\/\\\/www.klan-d.net\\\/\",\"logo\":{\"@type\":\"ImageObject\",\"inLanguage\":\"fr-FR\",\"@id\":\"https:\\\/\\\/www.klan-d.net\\\/#\\\/schema\\\/logo\\\/image\\\/\",\"url\":\"https:\\\/\\\/www.klan-d.net\\\/wp-content\\\/uploads\\\/cropped-kland4.jpg\",\"contentUrl\":\"https:\\\/\\\/www.klan-d.net\\\/wp-content\\\/uploads\\\/cropped-kland4.jpg\",\"width\":512,\"height\":512,\"caption\":\"Radio Klan-D\"},\"image\":{\"@id\":\"https:\\\/\\\/www.klan-d.net\\\/#\\\/schema\\\/logo\\\/image\\\/\"},\"sameAs\":[\"https:\\\/\\\/www.facebook.com\\\/radioclandestine\\\/\",\"https:\\\/\\\/x.com\\\/RadioKlanD\",\"https:\\\/\\\/www.youtube.com\\\/channel\\\/UC2QoBtfYHnl9oWoPlvmaAEg\"]}]}<\/script>\n<!-- \/ Yoast SEO plugin. -->","yoast_head_json":{"title":"A l'abordage ! (#21 - #30) &#8226; Radio Klan-D","robots":{"index":"index","follow":"follow","max-snippet":"max-snippet:-1","max-image-preview":"max-image-preview:large","max-video-preview":"max-video-preview:-1"},"canonical":"https:\/\/www.klan-d.net\/?page_id=1508","og_locale":"fr_FR","og_type":"article","og_title":"A l'abordage ! (#21 - #30) &#8226; Radio Klan-D","og_description":"Ambiance jambe de bois et rhum de pirate, c&rsquo;est le meilleur moyen de finir son week-end dans la bonne humeur ! 1 &#8211; 10 &#8212; 11-20 &#8212; 21 &#8211; 30 &#8212; 31-40 &#8212; Sp\u00e9ciales","og_url":"https:\/\/www.klan-d.net\/?page_id=1508","og_site_name":"Radio Klan-D","article_publisher":"https:\/\/www.facebook.com\/radioclandestine\/","article_modified_time":"2020-04-02T03:02:22+00:00","og_image":[{"url":"https:\/\/www.klan-d.net\/wp-content\/uploads\/abordage-1-1024x579.jpg","type":"","width":"","height":""}],"twitter_card":"summary_large_image","twitter_site":"@RadioKlanD","twitter_misc":{"Dur\u00e9e de lecture estim\u00e9e":"1 minute"},"schema":{"@context":"https:\/\/schema.org","@graph":[{"@type":"WebPage","@id":"https:\/\/www.klan-d.net\/?page_id=1508","url":"https:\/\/www.klan-d.net\/?page_id=1508","name":"A l'abordage ! (#21 - #30) &#8226; Radio Klan-D","isPartOf":{"@id":"https:\/\/www.klan-d.net\/#website"},"primaryImageOfPage":{"@id":"https:\/\/www.klan-d.net\/?page_id=1508#primaryimage"},"image":{"@id":"https:\/\/www.klan-d.net\/?page_id=1508#primaryimage"},"thumbnailUrl":"https:\/\/www.klan-d.net\/wp-content\/uploads\/abordage-1-1024x579.jpg","datePublished":"2019-12-22T09:04:38+00:00","dateModified":"2020-04-02T03:02:22+00:00","breadcrumb":{"@id":"https:\/\/www.klan-d.net\/?page_id=1508#breadcrumb"},"inLanguage":"fr-FR","potentialAction":[{"@type":"ReadAction","target":["https:\/\/www.klan-d.net\/?page_id=1508"]}]},{"@type":"ImageObject","inLanguage":"fr-FR","@id":"https:\/\/www.klan-d.net\/?page_id=1508#primaryimage","url":"https:\/\/www.klan-d.net\/wp-content\/uploads\/abordage-1.jpg","contentUrl":"https:\/\/www.klan-d.net\/wp-content\/uploads\/abordage-1.jpg","width":1974,"height":1116},{"@type":"BreadcrumbList","@id":"https:\/\/www.klan-d.net\/?page_id=1508#breadcrumb","itemListElement":[{"@type":"ListItem","position":1,"name":"Accueil","item":"https:\/\/www.klan-d.net\/"},{"@type":"ListItem","position":2,"name":"Grille de Programmes","item":"https:\/\/www.klan-d.net\/?page_id=1395"},{"@type":"ListItem","position":3,"name":"A l&#8217;abordage ! (#1 &#8211; #10)","item":"https:\/\/www.klan-d.net\/?page_id=1400"},{"@type":"ListItem","position":4,"name":"A l&#8217;abordage ! (#21 &#8211; #30)"}]},{"@type":"WebSite","@id":"https:\/\/www.klan-d.net\/#website","url":"https:\/\/www.klan-d.net\/","name":"Radio Klan-D","description":"Webradio clandestine et ind\u00e9, partout, du old school hip hop, du boom bap et des vannes pourries !","publisher":{"@id":"https:\/\/www.klan-d.net\/#organization"},"potentialAction":[{"@type":"SearchAction","target":{"@type":"EntryPoint","urlTemplate":"https:\/\/www.klan-d.net\/?s={search_term_string}"},"query-input":{"@type":"PropertyValueSpecification","valueRequired":true,"valueName":"search_term_string"}}],"inLanguage":"fr-FR"},{"@type":"Organization","@id":"https:\/\/www.klan-d.net\/#organization","name":"Radio Klan-D","url":"https:\/\/www.klan-d.net\/","logo":{"@type":"ImageObject","inLanguage":"fr-FR","@id":"https:\/\/www.klan-d.net\/#\/schema\/logo\/image\/","url":"https:\/\/www.klan-d.net\/wp-content\/uploads\/cropped-kland4.jpg","contentUrl":"https:\/\/www.klan-d.net\/wp-content\/uploads\/cropped-kland4.jpg","width":512,"height":512,"caption":"Radio Klan-D"},"image":{"@id":"https:\/\/www.klan-d.net\/#\/schema\/logo\/image\/"},"sameAs":["https:\/\/www.facebook.com\/radioclandestine\/","https:\/\/x.com\/RadioKlanD","https:\/\/www.youtube.com\/channel\/UC2QoBtfYHnl9oWoPlvmaAEg"]}]}},"_links":{"self":[{"href":"https:\/\/www.klan-d.net\/index.php?rest_route=\/wp\/v2\/pages\/1508","targetHints":{"allow":["GET"]}}],"collection":[{"href":"https:\/\/www.klan-d.net\/index.php?rest_route=\/wp\/v2\/pages"}],"about":[{"href":"https:\/\/www.klan-d.net\/index.php?rest_route=\/wp\/v2\/types\/page"}],"author":[{"embeddable":true,"href":"https:\/\/www.klan-d.net\/index.php?rest_route=\/wp\/v2\/users\/1"}],"replies":[{"embeddable":true,"href":"https:\/\/www.klan-d.net\/index.php?rest_route=%2Fwp%2Fv2%2Fcomments&post=1508"}],"version-history":[{"count":0,"href":"https:\/\/www.klan-d.net\/index.php?rest_route=\/wp\/v2\/pages\/1508\/revisions"}],"up":[{"embeddable":true,"href":"https:\/\/www.klan-d.net\/index.php?rest_route=\/wp\/v2\/pages\/1400"}],"wp:attachment":[{"href":"https:\/\/www.klan-d.net\/index.php?rest_route=%2Fwp%2Fv2%2Fmedia&parent=1508"}],"curies":[{"name":"wp","href":"https:\/\/api.w.org\/{rel}","templated":true}]}}