{"id":144,"date":"2016-12-13T01:52:20","date_gmt":"2016-12-13T00:52:20","guid":{"rendered":"http:\/\/www.klan-d.net\/?page_id=144"},"modified":"2020-04-02T08:19:34","modified_gmt":"2020-04-02T06:19:34","slug":"the-desert-show","status":"publish","type":"page","link":"https:\/\/www.klan-d.net\/?page_id=144","title":{"rendered":"The Desert Show"},"content":{"rendered":"<hr>\n<p style=\"text-align: left;\">Tous les mardi \u00e0 21h, c&rsquo;est le rendez-vous de tous les fans de stoner rock, de doom, de sludge, de rock psych\u00e9 ou progressif, bref de trucs sales et barr\u00e9s!<\/p>\n<hr>\n<p style=\"text-align: left;\"><strong>The Desert Show #13<\/strong><\/p>\n<p style=\"text-align: left;\"><iframe loading=\"lazy\" src=\"https:\/\/www.mixcloud.com\/widget\/iframe\/?feed=https%3A%2F%2Fwww.mixcloud.com%2FRadio_Klan_D%2Fthe-desert-show-13%2F&amp;hide_cover=1&amp;light=1\" width=\"100%\" height=\"120\" frameborder=\"0\"><\/iframe><\/p>\n<p style=\"text-align: left;\"><strong>The Desert Show #12<\/strong><\/p>\n<p style=\"text-align: left;\"><iframe loading=\"lazy\" src=\"https:\/\/www.mixcloud.com\/widget\/iframe\/?feed=https%3A%2F%2Fwww.mixcloud.com%2FRadio_Klan_D%2Fthe-desert-show-12%2F&amp;hide_cover=1&amp;light=1\" width=\"100%\" height=\"120\" frameborder=\"0\"><\/iframe><\/p>\n<p style=\"text-align: left;\"><strong>The Desert Show #11<\/strong><\/p>\n<p style=\"text-align: left;\"><iframe loading=\"lazy\" src=\"https:\/\/www.mixcloud.com\/widget\/iframe\/?feed=https%3A%2F%2Fwww.mixcloud.com%2FRadio_Klan_D%2Fthe-desert-show-11%2F&amp;hide_cover=1&amp;light=1\" width=\"100%\" height=\"120\" frameborder=\"0\"><\/iframe><\/p>\n<p style=\"text-align: left;\"><strong>The Desert Show #10<\/strong><\/p>\n<p style=\"text-align: left;\"><iframe loading=\"lazy\" src=\"https:\/\/www.mixcloud.com\/widget\/iframe\/?feed=https%3A%2F%2Fwww.mixcloud.com%2FRadio_Klan_D%2Fthe-desert-show-10%2F&amp;hide_cover=1&amp;light=1\" width=\"100%\" height=\"120\" frameborder=\"0\"><\/iframe><\/p>\n<p style=\"text-align: left;\"><strong>The Desert Show #8 &#8211; Sp\u00e9ciale Reprises<\/strong><\/p>\n<p style=\"text-align: left;\"><iframe loading=\"lazy\" src=\"https:\/\/www.mixcloud.com\/widget\/iframe\/?feed=https%3A%2F%2Fwww.mixcloud.com%2FRadio_Klan_D%2Fthe-desert-show-8-sp%25C3%25A9ciale-reprises%2F&amp;hide_cover=1&amp;light=1\" width=\"100%\" height=\"120\" frameborder=\"0\"><\/iframe><\/p>\n<p style=\"text-align: left;\"><strong>The Desert Show #7<\/strong><\/p>\n<p style=\"text-align: left;\"><iframe loading=\"lazy\" src=\"https:\/\/www.mixcloud.com\/widget\/iframe\/?feed=https%3A%2F%2Fwww.mixcloud.com%2FRadio_Klan_D%2Fthe-desert-show-7%2F&amp;hide_cover=1&amp;light=1\" width=\"100%\" height=\"120\" frameborder=\"0\"><\/iframe><\/p>\n<p style=\"text-align: left;\"><strong>The Desert Show #6 &#8211; The Longest Hour<\/strong><\/p>\n<p style=\"text-align: left;\"><iframe loading=\"lazy\" src=\"https:\/\/www.mixcloud.com\/widget\/iframe\/?feed=https%3A%2F%2Fwww.mixcloud.com%2FRadio_Klan_D%2Fthe-desert-show-6-the-longest-hour%2F&amp;hide_cover=1&amp;light=1\" width=\"100%\" height=\"120\" frameborder=\"0\"><\/iframe><\/p>\n<p style=\"text-align: left;\"><strong>The Desert Show #5<\/strong><\/p>\n<p style=\"text-align: left;\"><iframe loading=\"lazy\" src=\"https:\/\/www.mixcloud.com\/widget\/iframe\/?feed=https%3A%2F%2Fwww.mixcloud.com%2FRadio_Klan_D%2Fthe-desert-show-5%2F&amp;hide_cover=1&amp;light=1\" width=\"100%\" height=\"120\" frameborder=\"0\"><\/iframe><\/p>\n<p style=\"text-align: left;\"><strong>The Desert Show #4<\/strong><\/p>\n<p style=\"text-align: left;\"><iframe loading=\"lazy\" src=\"https:\/\/www.mixcloud.com\/widget\/iframe\/?feed=https%3A%2F%2Fbeta.mixcloud.com%2FRadio_Klan_D%2Fthe-desert-show-4%2F&amp;hide_cover=1&amp;light=1\" width=\"100%\" height=\"120\" frameborder=\"0\"><\/iframe><\/p>\n<p style=\"text-align: left;\"><strong>The Desert Show #3<\/strong><\/p>\n<p style=\"text-align: left;\"><iframe loading=\"lazy\" src=\"https:\/\/www.mixcloud.com\/widget\/iframe\/?feed=https%3A%2F%2Fwww.mixcloud.com%2FRadio_Klan_D%2Fthe-desert-show-3%2F&amp;hide_cover=1&amp;light=1\" width=\"100%\" height=\"120\" frameborder=\"0\"><\/iframe><\/p>\n<p>&nbsp;<\/p>\n<p style=\"text-align: left;\"><strong>The Desert Show #2<\/strong><\/p>\n<p style=\"text-align: left;\"><iframe loading=\"lazy\" src=\"https:\/\/www.mixcloud.com\/widget\/iframe\/?feed=https%3A%2F%2Fwww.mixcloud.com%2FRadio_Klan_D%2Fthe-desert-show-2%2F&amp;hide_cover=1&amp;light=1\" width=\"100%\" height=\"120\" frameborder=\"0\"><\/iframe><\/p>\n<p>&nbsp;<\/p>\n<p style=\"text-align: left;\"><strong>The Desert Show #1 &#8211; Inauguration<\/strong><\/p>\n<p style=\"text-align: left;\"><iframe loading=\"lazy\" src=\"https:\/\/www.mixcloud.com\/widget\/iframe\/?feed=https%3A%2F%2Fwww.mixcloud.com%2FRadio_Klan_D%2Fthe-desert-show-1-inauguration%2F&amp;hide_cover=1&amp;light=1\" width=\"100%\" height=\"120\" frameborder=\"0\"><\/iframe><\/p>\n","protected":false},"excerpt":{"rendered":"<p>Tous les mardi \u00e0 21h, c&rsquo;est le rendez-vous de tous les fans de stoner rock, de doom, de sludge, de rock psych\u00e9 ou progressif, bref de trucs sales et barr\u00e9s! The Desert Show #13&#46;&#46;&#46;<\/p>\n","protected":false},"author":1,"featured_media":150,"parent":997,"menu_order":0,"comment_status":"closed","ping_status":"closed","template":"","meta":{"footnotes":""},"class_list":["post-144","page","type-page","status-publish","has-post-thumbnail","hentry"],"yoast_head":"<!-- This site is optimized with the Yoast SEO plugin v27.3 - https:\/\/yoast.com\/product\/yoast-seo-wordpress\/ -->\n<title>The Desert Show &#8226; Radio Klan-D<\/title>\n<meta name=\"description\" content=\"Tous les mardi \u00e0 21h, The Desert Show, rendez-vous de tous fans de stoner rock, de doom, de sludge, de rock psych\u00e9 ou progressif, de trucs sales et barr\u00e9s!\" \/>\n<meta name=\"robots\" content=\"index, follow, max-snippet:-1, max-image-preview:large, max-video-preview:-1\" \/>\n<link rel=\"canonical\" href=\"https:\/\/www.klan-d.net\/?page_id=144\" \/>\n<meta property=\"og:locale\" content=\"fr_FR\" \/>\n<meta property=\"og:type\" content=\"article\" \/>\n<meta property=\"og:title\" content=\"The Desert Show\" \/>\n<meta property=\"og:description\" content=\"Tous les mardi \u00e0 21h, The Desert Show, le rendez-vous de tous les fans de stoner rock, de doom, de sludge, de rock psych\u00e9 ou progressif, de trucs sales et barr\u00e9s!\" \/>\n<meta property=\"og:url\" content=\"https:\/\/www.klan-d.net\/?page_id=144\" \/>\n<meta property=\"og:site_name\" content=\"Radio Klan-D\" \/>\n<meta property=\"article:publisher\" content=\"https:\/\/www.facebook.com\/radioclandestine\/\" \/>\n<meta property=\"article:modified_time\" content=\"2020-04-02T06:19:34+00:00\" \/>\n<meta property=\"og:image\" content=\"https:\/\/www.klan-d.net\/wp-content\/uploads\/etiquette-1.jpg\" \/>\n\t<meta property=\"og:image:width\" content=\"300\" \/>\n\t<meta property=\"og:image:height\" content=\"300\" \/>\n\t<meta property=\"og:image:type\" content=\"image\/jpeg\" \/>\n<meta name=\"twitter:card\" content=\"summary_large_image\" \/>\n<meta name=\"twitter:site\" content=\"@RadioKlanD\" \/>\n<script type=\"application\/ld+json\" class=\"yoast-schema-graph\">{\"@context\":\"https:\\\/\\\/schema.org\",\"@graph\":[{\"@type\":\"WebPage\",\"@id\":\"https:\\\/\\\/www.klan-d.net\\\/?page_id=144\",\"url\":\"https:\\\/\\\/www.klan-d.net\\\/?page_id=144\",\"name\":\"The Desert Show &#8226; Radio Klan-D\",\"isPartOf\":{\"@id\":\"https:\\\/\\\/www.klan-d.net\\\/#website\"},\"primaryImageOfPage\":{\"@id\":\"https:\\\/\\\/www.klan-d.net\\\/?page_id=144#primaryimage\"},\"image\":{\"@id\":\"https:\\\/\\\/www.klan-d.net\\\/?page_id=144#primaryimage\"},\"thumbnailUrl\":\"https:\\\/\\\/www.klan-d.net\\\/wp-content\\\/uploads\\\/etiquette-1.jpg\",\"datePublished\":\"2016-12-13T00:52:20+00:00\",\"dateModified\":\"2020-04-02T06:19:34+00:00\",\"description\":\"Tous les mardi \u00e0 21h, The Desert Show, rendez-vous de tous fans de stoner rock, de doom, de sludge, de rock psych\u00e9 ou progressif, de trucs sales et barr\u00e9s!\",\"breadcrumb\":{\"@id\":\"https:\\\/\\\/www.klan-d.net\\\/?page_id=144#breadcrumb\"},\"inLanguage\":\"fr-FR\",\"potentialAction\":[{\"@type\":\"ReadAction\",\"target\":[\"https:\\\/\\\/www.klan-d.net\\\/?page_id=144\"]}]},{\"@type\":\"ImageObject\",\"inLanguage\":\"fr-FR\",\"@id\":\"https:\\\/\\\/www.klan-d.net\\\/?page_id=144#primaryimage\",\"url\":\"https:\\\/\\\/www.klan-d.net\\\/wp-content\\\/uploads\\\/etiquette-1.jpg\",\"contentUrl\":\"https:\\\/\\\/www.klan-d.net\\\/wp-content\\\/uploads\\\/etiquette-1.jpg\",\"width\":300,\"height\":300,\"caption\":\"The Desert Show\"},{\"@type\":\"BreadcrumbList\",\"@id\":\"https:\\\/\\\/www.klan-d.net\\\/?page_id=144#breadcrumb\",\"itemListElement\":[{\"@type\":\"ListItem\",\"position\":1,\"name\":\"Accueil\",\"item\":\"https:\\\/\\\/www.klan-d.net\\\/\"},{\"@type\":\"ListItem\",\"position\":2,\"name\":\"Archives\",\"item\":\"https:\\\/\\\/www.klan-d.net\\\/?page_id=997\"},{\"@type\":\"ListItem\",\"position\":3,\"name\":\"The Desert Show\"}]},{\"@type\":\"WebSite\",\"@id\":\"https:\\\/\\\/www.klan-d.net\\\/#website\",\"url\":\"https:\\\/\\\/www.klan-d.net\\\/\",\"name\":\"Radio Klan-D\",\"description\":\"Webradio clandestine et ind\u00e9, partout, du old school hip hop, du boom bap et des vannes pourries !\",\"publisher\":{\"@id\":\"https:\\\/\\\/www.klan-d.net\\\/#organization\"},\"potentialAction\":[{\"@type\":\"SearchAction\",\"target\":{\"@type\":\"EntryPoint\",\"urlTemplate\":\"https:\\\/\\\/www.klan-d.net\\\/?s={search_term_string}\"},\"query-input\":{\"@type\":\"PropertyValueSpecification\",\"valueRequired\":true,\"valueName\":\"search_term_string\"}}],\"inLanguage\":\"fr-FR\"},{\"@type\":\"Organization\",\"@id\":\"https:\\\/\\\/www.klan-d.net\\\/#organization\",\"name\":\"Radio Klan-D\",\"url\":\"https:\\\/\\\/www.klan-d.net\\\/\",\"logo\":{\"@type\":\"ImageObject\",\"inLanguage\":\"fr-FR\",\"@id\":\"https:\\\/\\\/www.klan-d.net\\\/#\\\/schema\\\/logo\\\/image\\\/\",\"url\":\"https:\\\/\\\/www.klan-d.net\\\/wp-content\\\/uploads\\\/cropped-kland4.jpg\",\"contentUrl\":\"https:\\\/\\\/www.klan-d.net\\\/wp-content\\\/uploads\\\/cropped-kland4.jpg\",\"width\":512,\"height\":512,\"caption\":\"Radio Klan-D\"},\"image\":{\"@id\":\"https:\\\/\\\/www.klan-d.net\\\/#\\\/schema\\\/logo\\\/image\\\/\"},\"sameAs\":[\"https:\\\/\\\/www.facebook.com\\\/radioclandestine\\\/\",\"https:\\\/\\\/x.com\\\/RadioKlanD\",\"https:\\\/\\\/www.youtube.com\\\/channel\\\/UC2QoBtfYHnl9oWoPlvmaAEg\"]}]}<\/script>\n<!-- \/ Yoast SEO plugin. -->","yoast_head_json":{"title":"The Desert Show &#8226; Radio Klan-D","description":"Tous les mardi \u00e0 21h, The Desert Show, rendez-vous de tous fans de stoner rock, de doom, de sludge, de rock psych\u00e9 ou progressif, de trucs sales et barr\u00e9s!","robots":{"index":"index","follow":"follow","max-snippet":"max-snippet:-1","max-image-preview":"max-image-preview:large","max-video-preview":"max-video-preview:-1"},"canonical":"https:\/\/www.klan-d.net\/?page_id=144","og_locale":"fr_FR","og_type":"article","og_title":"The Desert Show","og_description":"Tous les mardi \u00e0 21h, The Desert Show, le rendez-vous de tous les fans de stoner rock, de doom, de sludge, de rock psych\u00e9 ou progressif, de trucs sales et barr\u00e9s!","og_url":"https:\/\/www.klan-d.net\/?page_id=144","og_site_name":"Radio Klan-D","article_publisher":"https:\/\/www.facebook.com\/radioclandestine\/","article_modified_time":"2020-04-02T06:19:34+00:00","og_image":[{"width":300,"height":300,"url":"https:\/\/www.klan-d.net\/wp-content\/uploads\/etiquette-1.jpg","type":"image\/jpeg"}],"twitter_card":"summary_large_image","twitter_site":"@RadioKlanD","schema":{"@context":"https:\/\/schema.org","@graph":[{"@type":"WebPage","@id":"https:\/\/www.klan-d.net\/?page_id=144","url":"https:\/\/www.klan-d.net\/?page_id=144","name":"The Desert Show &#8226; Radio Klan-D","isPartOf":{"@id":"https:\/\/www.klan-d.net\/#website"},"primaryImageOfPage":{"@id":"https:\/\/www.klan-d.net\/?page_id=144#primaryimage"},"image":{"@id":"https:\/\/www.klan-d.net\/?page_id=144#primaryimage"},"thumbnailUrl":"https:\/\/www.klan-d.net\/wp-content\/uploads\/etiquette-1.jpg","datePublished":"2016-12-13T00:52:20+00:00","dateModified":"2020-04-02T06:19:34+00:00","description":"Tous les mardi \u00e0 21h, The Desert Show, rendez-vous de tous fans de stoner rock, de doom, de sludge, de rock psych\u00e9 ou progressif, de trucs sales et barr\u00e9s!","breadcrumb":{"@id":"https:\/\/www.klan-d.net\/?page_id=144#breadcrumb"},"inLanguage":"fr-FR","potentialAction":[{"@type":"ReadAction","target":["https:\/\/www.klan-d.net\/?page_id=144"]}]},{"@type":"ImageObject","inLanguage":"fr-FR","@id":"https:\/\/www.klan-d.net\/?page_id=144#primaryimage","url":"https:\/\/www.klan-d.net\/wp-content\/uploads\/etiquette-1.jpg","contentUrl":"https:\/\/www.klan-d.net\/wp-content\/uploads\/etiquette-1.jpg","width":300,"height":300,"caption":"The Desert Show"},{"@type":"BreadcrumbList","@id":"https:\/\/www.klan-d.net\/?page_id=144#breadcrumb","itemListElement":[{"@type":"ListItem","position":1,"name":"Accueil","item":"https:\/\/www.klan-d.net\/"},{"@type":"ListItem","position":2,"name":"Archives","item":"https:\/\/www.klan-d.net\/?page_id=997"},{"@type":"ListItem","position":3,"name":"The Desert Show"}]},{"@type":"WebSite","@id":"https:\/\/www.klan-d.net\/#website","url":"https:\/\/www.klan-d.net\/","name":"Radio Klan-D","description":"Webradio clandestine et ind\u00e9, partout, du old school hip hop, du boom bap et des vannes pourries !","publisher":{"@id":"https:\/\/www.klan-d.net\/#organization"},"potentialAction":[{"@type":"SearchAction","target":{"@type":"EntryPoint","urlTemplate":"https:\/\/www.klan-d.net\/?s={search_term_string}"},"query-input":{"@type":"PropertyValueSpecification","valueRequired":true,"valueName":"search_term_string"}}],"inLanguage":"fr-FR"},{"@type":"Organization","@id":"https:\/\/www.klan-d.net\/#organization","name":"Radio Klan-D","url":"https:\/\/www.klan-d.net\/","logo":{"@type":"ImageObject","inLanguage":"fr-FR","@id":"https:\/\/www.klan-d.net\/#\/schema\/logo\/image\/","url":"https:\/\/www.klan-d.net\/wp-content\/uploads\/cropped-kland4.jpg","contentUrl":"https:\/\/www.klan-d.net\/wp-content\/uploads\/cropped-kland4.jpg","width":512,"height":512,"caption":"Radio Klan-D"},"image":{"@id":"https:\/\/www.klan-d.net\/#\/schema\/logo\/image\/"},"sameAs":["https:\/\/www.facebook.com\/radioclandestine\/","https:\/\/x.com\/RadioKlanD","https:\/\/www.youtube.com\/channel\/UC2QoBtfYHnl9oWoPlvmaAEg"]}]}},"_links":{"self":[{"href":"https:\/\/www.klan-d.net\/index.php?rest_route=\/wp\/v2\/pages\/144","targetHints":{"allow":["GET"]}}],"collection":[{"href":"https:\/\/www.klan-d.net\/index.php?rest_route=\/wp\/v2\/pages"}],"about":[{"href":"https:\/\/www.klan-d.net\/index.php?rest_route=\/wp\/v2\/types\/page"}],"author":[{"embeddable":true,"href":"https:\/\/www.klan-d.net\/index.php?rest_route=\/wp\/v2\/users\/1"}],"replies":[{"embeddable":true,"href":"https:\/\/www.klan-d.net\/index.php?rest_route=%2Fwp%2Fv2%2Fcomments&post=144"}],"version-history":[{"count":0,"href":"https:\/\/www.klan-d.net\/index.php?rest_route=\/wp\/v2\/pages\/144\/revisions"}],"up":[{"embeddable":true,"href":"https:\/\/www.klan-d.net\/index.php?rest_route=\/wp\/v2\/pages\/997"}],"wp:featuredmedia":[{"embeddable":true,"href":"https:\/\/www.klan-d.net\/index.php?rest_route=\/wp\/v2\/media\/150"}],"wp:attachment":[{"href":"https:\/\/www.klan-d.net\/index.php?rest_route=%2Fwp%2Fv2%2Fmedia&parent=144"}],"curies":[{"name":"wp","href":"https:\/\/api.w.org\/{rel}","templated":true}]}}