{"id":1360,"date":"2019-09-17T06:22:48","date_gmt":"2019-09-17T04:22:48","guid":{"rendered":"https:\/\/www.klan-d.net\/?page_id=1360"},"modified":"2021-05-24T01:59:56","modified_gmt":"2021-05-23T23:59:56","slug":"mac-baret-show-20-30","status":"publish","type":"page","link":"https:\/\/www.klan-d.net\/?page_id=1360","title":{"rendered":"Mac Baret Show (#20 &#8211; #30)"},"content":{"rendered":"\n<div class=\"wp-block-image\"><figure class=\"aligncenter\"><img loading=\"lazy\" decoding=\"async\" width=\"277\" height=\"277\" src=\"https:\/\/www.klan-d.net\/wp-content\/uploads\/MBS-Vign.png\" alt=\"Mac Baret Show\" class=\"wp-image-1002\" srcset=\"https:\/\/www.klan-d.net\/wp-content\/uploads\/MBS-Vign.png 277w, https:\/\/www.klan-d.net\/wp-content\/uploads\/MBS-Vign-150x150.png 150w, https:\/\/www.klan-d.net\/wp-content\/uploads\/MBS-Vign-160x160.png 160w\" sizes=\"auto, (max-width: 277px) 100vw, 277px\" \/><\/figure><\/div>\n\n\n\n<p>Le Mac Baret Show, tous les jeudi \u00e0 20H, envoie de la grosse old school bien grasse, avec des d\u00e9bats, parfois des invit\u00e9s, des d\u00e9bats sur le rap d&rsquo;aujourd&rsquo;hui ou d&rsquo;avant, une grosse dose de mauvaise foi, des freestyles, et des situations improbables.<\/p>\n\n\n\n<p>Environ deux heures de sons bien lourds, de vannes pourries, d&rsquo;invit\u00e9s, et de barrages en couilles.<\/p>\n\n\n\n<p>C&rsquo;est le Mac Baret Show, sur radio Klan-D.<\/p>\n\n\n\n<hr class=\"wp-block-separator\"\/>\n\n\n\n<p class=\"has-text-align-center has-vivid-red-color has-text-color\"><a href=\"https:\/\/www.klan-d.net\/?page_id=81\"><u>1-10<\/u><\/a> &#8212; <a href=\"https:\/\/www.klan-d.net\/?page_id=1347\"><u>10-20<\/u><\/a> &#8212; <strong>20-30<\/strong> &#8212; <u><a href=\"https:\/\/www.klan-d.net\/?page_id=1929\">30 &#8211; 40<\/a><\/u><\/p>\n\n\n\n<p class=\"has-text-align-center has-vivid-red-color has-text-color\"><u><a href=\"https:\/\/www.klan-d.net\/?page_id=1914\">Les sp\u00e9ciales Rap FR Ind\u00e9 avec G\u00e9n\u00e9ration Ind\u00e9pendance<\/a><\/u><\/p>\n\n\n\n<hr class=\"wp-block-separator\"\/>\n\n\n\n<p><a href=\"https:\/\/www.mixcloud.com\/bobmacbaret2\/mac-baret-show-21-petit-\u00e9chauffement-avec-sam\/\">https:\/\/www.mixcloud.com\/bobmacbaret2\/mac-baret-show-21-petit-\u00e9chauffement-avec-sam\/<\/a><\/p>\n\n\n\n<hr class=\"wp-block-separator\"\/>\n\n\n\n<figure class=\"wp-block-embed is-type-rich is-provider-mixcloud wp-block-embed-mixcloud wp-embed-aspect-21-9 wp-has-aspect-ratio\"><div class=\"wp-block-embed__wrapper\">\n<iframe loading=\"lazy\" title=\"Mac Baret Show #22 - Tout, Tout Seul, Comme Guik&#039;z !\" width=\"100%\" height=\"120\" src=\"https:\/\/www.mixcloud.com\/widget\/iframe\/?feed=https%3A%2F%2Fwww.mixcloud.com%2FRadio_Klan_D%2Fmac-baret-show-22-tout-tout-seul-comme-guikz%2F&amp;hide_cover=1\" frameborder=\"0\" allow=\"encrypted-media; fullscreen; autoplay; idle-detection; speaker-selection; web-share;\"><\/iframe>\n<\/div><figcaption>#22 &#8211; en mode solo, m\u00eame pour faire la vaisselle&#8230;<\/figcaption><\/figure>\n\n\n\n<hr class=\"wp-block-separator\"\/>\n\n\n\n<figure class=\"wp-block-embed is-type-rich is-provider-mixcloud wp-block-embed-mixcloud wp-embed-aspect-21-9 wp-has-aspect-ratio\"><div class=\"wp-block-embed__wrapper\">\n<iframe loading=\"lazy\" title=\"Mac Baret Show #23 - Back To Boom Bap &amp; Old School\" width=\"100%\" height=\"120\" src=\"https:\/\/www.mixcloud.com\/widget\/iframe\/?feed=https%3A%2F%2Fwww.mixcloud.com%2Fbobmacbaret2%2Fmac-baret-show-23-back-to-boom-bap-old-school%2F&amp;hide_cover=1\" frameborder=\"0\" allow=\"encrypted-media; fullscreen; autoplay; idle-detection; speaker-selection; web-share;\"><\/iframe>\n<\/div><figcaption>#23 &#8211; Retour non pas aux pyramides, mais aux basiques du MBS..<\/figcaption><\/figure>\n\n\n\n<hr class=\"wp-block-separator\"\/>\n\n\n\n<figure class=\"wp-block-embed is-type-rich is-provider-mixcloud wp-block-embed-mixcloud wp-embed-aspect-21-9 wp-has-aspect-ratio\"><div class=\"wp-block-embed__wrapper\">\n<iframe loading=\"lazy\" title=\"Mac Baret Show #24 : Pas Tout Seul, Mais Avec Guik&#039;z Et Trep1\" width=\"100%\" height=\"120\" src=\"https:\/\/www.mixcloud.com\/widget\/iframe\/?feed=https%3A%2F%2Fwww.mixcloud.com%2Fbobmacbaret2%2Fmac-baret-show-24-pas-tout-seul-mais-avec-guikz-et-trep1%2F&amp;hide_cover=1\" frameborder=\"0\" allow=\"encrypted-media; fullscreen; autoplay; idle-detection; speaker-selection; web-share;\"><\/iframe>\n<\/div><figcaption>#24 &#8211; une recontre extra. Deux bons gaillards, bon esprit et talentueux. A pas louper. <\/figcaption><\/figure>\n\n\n\n<hr class=\"wp-block-separator\"\/>\n\n\n\n<figure class=\"wp-block-embed is-type-rich is-provider-mixcloud wp-block-embed-mixcloud wp-embed-aspect-21-9 wp-has-aspect-ratio\"><div class=\"wp-block-embed__wrapper\">\n<iframe loading=\"lazy\" title=\"Mac Baret Show #25 : Guik&#039;z, Trep1, Rudy&#039;rudz Et Des Doses De Patron\" width=\"100%\" height=\"120\" src=\"https:\/\/www.mixcloud.com\/widget\/iframe\/?feed=https%3A%2F%2Fwww.mixcloud.com%2Fbobmacbaret2%2Fmac-baret-show-25-guikz-trep1-rudyrudz-et-des-doses-de-patron%2F&amp;hide_cover=1\" frameborder=\"0\" allow=\"encrypted-media; fullscreen; autoplay; idle-detection; speaker-selection; web-share;\"><\/iframe>\n<\/div><figcaption>#25 &#8211; Parait que je dose trop mes verres&#8230; les origines de la l\u00e9gende du sac de couchage. Mais chut. <\/figcaption><\/figure>\n\n\n\n<hr class=\"wp-block-separator\"\/>\n\n\n\n<figure class=\"wp-block-embed is-type-rich is-provider-mixcloud wp-block-embed-mixcloud wp-embed-aspect-21-9 wp-has-aspect-ratio\"><div class=\"wp-block-embed__wrapper\">\n<iframe loading=\"lazy\" title=\"Mac Baret Show #26 : Cardio Jack Et Ghostrack Retournent Klan-D\" width=\"100%\" height=\"120\" src=\"https:\/\/www.mixcloud.com\/widget\/iframe\/?feed=https%3A%2F%2Fwww.mixcloud.com%2Fbobmacbaret2%2Fmac-baret-show-26-cardio-jack-et-ghostrack-retournent-klan-d%2F&amp;hide_cover=1\" frameborder=\"0\" allow=\"encrypted-media; fullscreen; autoplay; idle-detection; speaker-selection; web-share;\"><\/iframe>\n<\/div><figcaption>#26 &#8211; Emission de qualit\u00e9, avec deux rappeurs de talent. Que demander de plus ?<\/figcaption><\/figure>\n\n\n\n<hr class=\"wp-block-separator\"\/>\n\n\n\n<figure class=\"wp-block-embed is-type-rich is-provider-mixcloud wp-block-embed-mixcloud wp-embed-aspect-21-9 wp-has-aspect-ratio\"><div class=\"wp-block-embed__wrapper\">\n<iframe loading=\"lazy\" title=\"Mac Baret Show #27 - Guik&#039;z Et Trep1 Reviennent Dans Le Stud Et L&#039;Ethylisme Est Avanc\u00e9 !\" width=\"100%\" height=\"120\" src=\"https:\/\/www.mixcloud.com\/widget\/iframe\/?feed=https%3A%2F%2Fwww.mixcloud.com%2Fbobmacbaret2%2Fmac-baret-show-27-guikz-et-trep1-reviennent-dans-le-stud-et-lethylisme-est-avanc%25C3%25A9%2F&amp;hide_cover=1\" frameborder=\"0\" allow=\"encrypted-media; fullscreen; autoplay; idle-detection; speaker-selection; web-share;\"><\/iframe>\n<\/div><figcaption>#27 &#8211; Le retour des malandrins&#8230; bien arros\u00e9. <\/figcaption><\/figure>\n\n\n\n<hr class=\"wp-block-separator\"\/>\n\n\n\n<figure class=\"wp-block-embed is-type-rich is-provider-mixcloud wp-block-embed-mixcloud wp-embed-aspect-21-9 wp-has-aspect-ratio\"><div class=\"wp-block-embed__wrapper\">\n<iframe loading=\"lazy\" title=\"Mac Baret Show #28 - Guig&#039;z \/ Cartel Club Le Mexicain, Micros Foireux, Et Tequila !\" width=\"100%\" height=\"120\" src=\"https:\/\/www.mixcloud.com\/widget\/iframe\/?feed=https%3A%2F%2Fwww.mixcloud.com%2Fbobmacbaret2%2Fmac-baret-show-28-guigz-cartel-club-le-mexicain-micros-foireux-et-tequila%2F&amp;hide_cover=1\" frameborder=\"0\" allow=\"encrypted-media; fullscreen; autoplay; idle-detection; speaker-selection; web-share;\"><\/iframe>\n<\/div><figcaption>#28 &#8211; Le jour o\u00f9 Mac d\u00e9couvrit que l&rsquo;alcool \u00e0 l&rsquo;antenne, c&rsquo;est pas une bonne id\u00e9e. Avec le soutien d&rsquo;Ali Mac Beats.<\/figcaption><\/figure>\n\n\n\n<hr class=\"wp-block-separator\"\/>\n\n\n\n<figure class=\"wp-block-embed is-type-rich is-provider-mixcloud wp-block-embed-mixcloud wp-embed-aspect-21-9 wp-has-aspect-ratio\"><div class=\"wp-block-embed__wrapper\">\n<iframe loading=\"lazy\" title=\"Mac Baret Show #29 - Des Grands M\u00e8res, De La West Et Du G-Funk, Et Des Gros Mots\" width=\"100%\" height=\"120\" src=\"https:\/\/www.mixcloud.com\/widget\/iframe\/?feed=https%3A%2F%2Fwww.mixcloud.com%2Fbobmacbaret2%2Fmac-baret-show-29-des-grands-m%25C3%25A8res-de-la-west-et-du-g-funk-et-des-gros-mots%2F&amp;hide_cover=1\" frameborder=\"0\" allow=\"encrypted-media; fullscreen; autoplay; idle-detection; speaker-selection; web-share;\"><\/iframe>\n<\/div><figcaption>#29 &#8211; Derni\u00e8re \u00e9mission bourr\u00e9, mais qui claque bien sa m\u00e8re quand m\u00eame gr\u00e2ce \u00e0 Tony !<\/figcaption><\/figure>\n\n\n\n<hr class=\"wp-block-separator\"\/>\n\n\n\n<figure class=\"wp-block-embed is-type-rich is-provider-mixcloud wp-block-embed-mixcloud wp-embed-aspect-21-9 wp-has-aspect-ratio\"><div class=\"wp-block-embed__wrapper\">\n<iframe loading=\"lazy\" title=\"Mac Baret Show #30 : Mr Lecorcher, Episode 2. 0% Alcool, 200% Cassage De Vieilles.\" width=\"100%\" height=\"120\" src=\"https:\/\/www.mixcloud.com\/widget\/iframe\/?feed=https%3A%2F%2Fwww.mixcloud.com%2Fbobmacbaret2%2Fmac-baret-show-30-mr-lecorcher-episode-2-0-alcool-200-cassage-de-vieilles%2F&amp;hide_cover=1\" frameborder=\"0\" allow=\"encrypted-media; fullscreen; autoplay; idle-detection; speaker-selection; web-share;\"><\/iframe>\n<\/div><figcaption>#30 &#8211; 0% ALCOOL &#8211; 200% CASSAGE DE VIEILLES<\/figcaption><\/figure>\n\n\n\n<hr class=\"wp-block-separator\"\/>\n\n\n\n<p><\/p>\n","protected":false},"excerpt":{"rendered":"<p>Le Mac Baret Show, tous les jeudi \u00e0 20H, envoie de la grosse old school bien grasse, avec des d\u00e9bats, parfois des invit\u00e9s, des d\u00e9bats sur le rap d&rsquo;aujourd&rsquo;hui ou d&rsquo;avant, une grosse dose&#46;&#46;&#46;<\/p>\n","protected":false},"author":1,"featured_media":0,"parent":81,"menu_order":0,"comment_status":"open","ping_status":"closed","template":"","meta":{"footnotes":""},"class_list":["post-1360","page","type-page","status-publish","hentry"],"yoast_head":"<!-- This site is optimized with the Yoast SEO plugin v27.4 - https:\/\/yoast.com\/product\/yoast-seo-wordpress\/ -->\n<title>Mac Baret Show (#20 - #30) &#8226; Radio Klan-D<\/title>\n<meta name=\"description\" content=\"Le Mac Baret Show, tous les jeudi \u00e0 20H, envoie de la grosse old school bien grasse, avec des d\u00e9bats, parfois des invit\u00e9s, des d\u00e9bats,des freestyles...\" \/>\n<meta name=\"robots\" content=\"index, follow, max-snippet:-1, max-image-preview:large, max-video-preview:-1\" \/>\n<link rel=\"canonical\" href=\"https:\/\/www.klan-d.net\/?page_id=1360\" \/>\n<meta property=\"og:locale\" content=\"fr_FR\" \/>\n<meta property=\"og:type\" content=\"article\" \/>\n<meta property=\"og:title\" content=\"Le Mac Baret Show #20 - #30\" \/>\n<meta property=\"og:description\" content=\"Le Mac Baret Show, tous les jeudi \u00e0 20H, envoie de la grosse old school bien grasse, avec des d\u00e9bats, parfois des invit\u00e9s, des d\u00e9bats,des freestyles...\" \/>\n<meta property=\"og:url\" content=\"https:\/\/www.klan-d.net\/?page_id=1360\" \/>\n<meta property=\"og:site_name\" content=\"Radio Klan-D\" \/>\n<meta property=\"article:publisher\" content=\"https:\/\/www.facebook.com\/radioclandestine\/\" \/>\n<meta property=\"article:modified_time\" content=\"2021-05-23T23:59:56+00:00\" \/>\n<meta property=\"og:image\" content=\"https:\/\/www.klan-d.net\/wp-content\/uploads\/MBS-Vign.png\" \/>\n\t<meta property=\"og:image:width\" content=\"277\" \/>\n\t<meta property=\"og:image:height\" content=\"277\" \/>\n\t<meta property=\"og:image:type\" content=\"image\/png\" \/>\n<meta name=\"twitter:card\" content=\"summary_large_image\" \/>\n<meta name=\"twitter:site\" content=\"@RadioKlanD\" \/>\n<meta name=\"twitter:label1\" content=\"Dur\u00e9e de lecture estim\u00e9e\" \/>\n\t<meta name=\"twitter:data1\" content=\"2 minutes\" \/>\n<script type=\"application\/ld+json\" class=\"yoast-schema-graph\">{\"@context\":\"https:\\\/\\\/schema.org\",\"@graph\":[{\"@type\":\"WebPage\",\"@id\":\"https:\\\/\\\/www.klan-d.net\\\/?page_id=1360\",\"url\":\"https:\\\/\\\/www.klan-d.net\\\/?page_id=1360\",\"name\":\"Mac Baret Show (#20 - #30) &#8226; Radio Klan-D\",\"isPartOf\":{\"@id\":\"https:\\\/\\\/www.klan-d.net\\\/#website\"},\"primaryImageOfPage\":{\"@id\":\"https:\\\/\\\/www.klan-d.net\\\/?page_id=1360#primaryimage\"},\"image\":{\"@id\":\"https:\\\/\\\/www.klan-d.net\\\/?page_id=1360#primaryimage\"},\"thumbnailUrl\":\"https:\\\/\\\/www.klan-d.net\\\/wp-content\\\/uploads\\\/MBS-Vign.png\",\"datePublished\":\"2019-09-17T04:22:48+00:00\",\"dateModified\":\"2021-05-23T23:59:56+00:00\",\"description\":\"Le Mac Baret Show, tous les jeudi \u00e0 20H, envoie de la grosse old school bien grasse, avec des d\u00e9bats, parfois des invit\u00e9s, des d\u00e9bats,des freestyles...\",\"breadcrumb\":{\"@id\":\"https:\\\/\\\/www.klan-d.net\\\/?page_id=1360#breadcrumb\"},\"inLanguage\":\"fr-FR\",\"potentialAction\":[{\"@type\":\"ReadAction\",\"target\":[\"https:\\\/\\\/www.klan-d.net\\\/?page_id=1360\"]}]},{\"@type\":\"ImageObject\",\"inLanguage\":\"fr-FR\",\"@id\":\"https:\\\/\\\/www.klan-d.net\\\/?page_id=1360#primaryimage\",\"url\":\"https:\\\/\\\/www.klan-d.net\\\/wp-content\\\/uploads\\\/MBS-Vign.png\",\"contentUrl\":\"https:\\\/\\\/www.klan-d.net\\\/wp-content\\\/uploads\\\/MBS-Vign.png\",\"width\":277,\"height\":277,\"caption\":\"Mac Baret Show\"},{\"@type\":\"BreadcrumbList\",\"@id\":\"https:\\\/\\\/www.klan-d.net\\\/?page_id=1360#breadcrumb\",\"itemListElement\":[{\"@type\":\"ListItem\",\"position\":1,\"name\":\"Accueil\",\"item\":\"https:\\\/\\\/www.klan-d.net\\\/\"},{\"@type\":\"ListItem\",\"position\":2,\"name\":\"Grille de Programmes\",\"item\":\"https:\\\/\\\/www.klan-d.net\\\/?page_id=1395\"},{\"@type\":\"ListItem\",\"position\":3,\"name\":\"Mac Baret Show\",\"item\":\"https:\\\/\\\/www.klan-d.net\\\/?page_id=81\"},{\"@type\":\"ListItem\",\"position\":4,\"name\":\"Mac Baret Show (#20 &#8211; #30)\"}]},{\"@type\":\"WebSite\",\"@id\":\"https:\\\/\\\/www.klan-d.net\\\/#website\",\"url\":\"https:\\\/\\\/www.klan-d.net\\\/\",\"name\":\"Radio Klan-D\",\"description\":\"Webradio clandestine et ind\u00e9, partout, du old school hip hop, du boom bap et des vannes pourries !\",\"publisher\":{\"@id\":\"https:\\\/\\\/www.klan-d.net\\\/#organization\"},\"potentialAction\":[{\"@type\":\"SearchAction\",\"target\":{\"@type\":\"EntryPoint\",\"urlTemplate\":\"https:\\\/\\\/www.klan-d.net\\\/?s={search_term_string}\"},\"query-input\":{\"@type\":\"PropertyValueSpecification\",\"valueRequired\":true,\"valueName\":\"search_term_string\"}}],\"inLanguage\":\"fr-FR\"},{\"@type\":\"Organization\",\"@id\":\"https:\\\/\\\/www.klan-d.net\\\/#organization\",\"name\":\"Radio Klan-D\",\"url\":\"https:\\\/\\\/www.klan-d.net\\\/\",\"logo\":{\"@type\":\"ImageObject\",\"inLanguage\":\"fr-FR\",\"@id\":\"https:\\\/\\\/www.klan-d.net\\\/#\\\/schema\\\/logo\\\/image\\\/\",\"url\":\"https:\\\/\\\/www.klan-d.net\\\/wp-content\\\/uploads\\\/cropped-kland4.jpg\",\"contentUrl\":\"https:\\\/\\\/www.klan-d.net\\\/wp-content\\\/uploads\\\/cropped-kland4.jpg\",\"width\":512,\"height\":512,\"caption\":\"Radio Klan-D\"},\"image\":{\"@id\":\"https:\\\/\\\/www.klan-d.net\\\/#\\\/schema\\\/logo\\\/image\\\/\"},\"sameAs\":[\"https:\\\/\\\/www.facebook.com\\\/radioclandestine\\\/\",\"https:\\\/\\\/x.com\\\/RadioKlanD\",\"https:\\\/\\\/www.youtube.com\\\/channel\\\/UC2QoBtfYHnl9oWoPlvmaAEg\"]}]}<\/script>\n<!-- \/ Yoast SEO plugin. -->","yoast_head_json":{"title":"Mac Baret Show (#20 - #30) &#8226; Radio Klan-D","description":"Le Mac Baret Show, tous les jeudi \u00e0 20H, envoie de la grosse old school bien grasse, avec des d\u00e9bats, parfois des invit\u00e9s, des d\u00e9bats,des freestyles...","robots":{"index":"index","follow":"follow","max-snippet":"max-snippet:-1","max-image-preview":"max-image-preview:large","max-video-preview":"max-video-preview:-1"},"canonical":"https:\/\/www.klan-d.net\/?page_id=1360","og_locale":"fr_FR","og_type":"article","og_title":"Le Mac Baret Show #20 - #30","og_description":"Le Mac Baret Show, tous les jeudi \u00e0 20H, envoie de la grosse old school bien grasse, avec des d\u00e9bats, parfois des invit\u00e9s, des d\u00e9bats,des freestyles...","og_url":"https:\/\/www.klan-d.net\/?page_id=1360","og_site_name":"Radio Klan-D","article_publisher":"https:\/\/www.facebook.com\/radioclandestine\/","article_modified_time":"2021-05-23T23:59:56+00:00","og_image":[{"width":277,"height":277,"url":"https:\/\/www.klan-d.net\/wp-content\/uploads\/MBS-Vign.png","type":"image\/png"}],"twitter_card":"summary_large_image","twitter_site":"@RadioKlanD","twitter_misc":{"Dur\u00e9e de lecture estim\u00e9e":"2 minutes"},"schema":{"@context":"https:\/\/schema.org","@graph":[{"@type":"WebPage","@id":"https:\/\/www.klan-d.net\/?page_id=1360","url":"https:\/\/www.klan-d.net\/?page_id=1360","name":"Mac Baret Show (#20 - #30) &#8226; Radio Klan-D","isPartOf":{"@id":"https:\/\/www.klan-d.net\/#website"},"primaryImageOfPage":{"@id":"https:\/\/www.klan-d.net\/?page_id=1360#primaryimage"},"image":{"@id":"https:\/\/www.klan-d.net\/?page_id=1360#primaryimage"},"thumbnailUrl":"https:\/\/www.klan-d.net\/wp-content\/uploads\/MBS-Vign.png","datePublished":"2019-09-17T04:22:48+00:00","dateModified":"2021-05-23T23:59:56+00:00","description":"Le Mac Baret Show, tous les jeudi \u00e0 20H, envoie de la grosse old school bien grasse, avec des d\u00e9bats, parfois des invit\u00e9s, des d\u00e9bats,des freestyles...","breadcrumb":{"@id":"https:\/\/www.klan-d.net\/?page_id=1360#breadcrumb"},"inLanguage":"fr-FR","potentialAction":[{"@type":"ReadAction","target":["https:\/\/www.klan-d.net\/?page_id=1360"]}]},{"@type":"ImageObject","inLanguage":"fr-FR","@id":"https:\/\/www.klan-d.net\/?page_id=1360#primaryimage","url":"https:\/\/www.klan-d.net\/wp-content\/uploads\/MBS-Vign.png","contentUrl":"https:\/\/www.klan-d.net\/wp-content\/uploads\/MBS-Vign.png","width":277,"height":277,"caption":"Mac Baret Show"},{"@type":"BreadcrumbList","@id":"https:\/\/www.klan-d.net\/?page_id=1360#breadcrumb","itemListElement":[{"@type":"ListItem","position":1,"name":"Accueil","item":"https:\/\/www.klan-d.net\/"},{"@type":"ListItem","position":2,"name":"Grille de Programmes","item":"https:\/\/www.klan-d.net\/?page_id=1395"},{"@type":"ListItem","position":3,"name":"Mac Baret Show","item":"https:\/\/www.klan-d.net\/?page_id=81"},{"@type":"ListItem","position":4,"name":"Mac Baret Show (#20 &#8211; #30)"}]},{"@type":"WebSite","@id":"https:\/\/www.klan-d.net\/#website","url":"https:\/\/www.klan-d.net\/","name":"Radio Klan-D","description":"Webradio clandestine et ind\u00e9, partout, du old school hip hop, du boom bap et des vannes pourries !","publisher":{"@id":"https:\/\/www.klan-d.net\/#organization"},"potentialAction":[{"@type":"SearchAction","target":{"@type":"EntryPoint","urlTemplate":"https:\/\/www.klan-d.net\/?s={search_term_string}"},"query-input":{"@type":"PropertyValueSpecification","valueRequired":true,"valueName":"search_term_string"}}],"inLanguage":"fr-FR"},{"@type":"Organization","@id":"https:\/\/www.klan-d.net\/#organization","name":"Radio Klan-D","url":"https:\/\/www.klan-d.net\/","logo":{"@type":"ImageObject","inLanguage":"fr-FR","@id":"https:\/\/www.klan-d.net\/#\/schema\/logo\/image\/","url":"https:\/\/www.klan-d.net\/wp-content\/uploads\/cropped-kland4.jpg","contentUrl":"https:\/\/www.klan-d.net\/wp-content\/uploads\/cropped-kland4.jpg","width":512,"height":512,"caption":"Radio Klan-D"},"image":{"@id":"https:\/\/www.klan-d.net\/#\/schema\/logo\/image\/"},"sameAs":["https:\/\/www.facebook.com\/radioclandestine\/","https:\/\/x.com\/RadioKlanD","https:\/\/www.youtube.com\/channel\/UC2QoBtfYHnl9oWoPlvmaAEg"]}]}},"_links":{"self":[{"href":"https:\/\/www.klan-d.net\/index.php?rest_route=\/wp\/v2\/pages\/1360","targetHints":{"allow":["GET"]}}],"collection":[{"href":"https:\/\/www.klan-d.net\/index.php?rest_route=\/wp\/v2\/pages"}],"about":[{"href":"https:\/\/www.klan-d.net\/index.php?rest_route=\/wp\/v2\/types\/page"}],"author":[{"embeddable":true,"href":"https:\/\/www.klan-d.net\/index.php?rest_route=\/wp\/v2\/users\/1"}],"replies":[{"embeddable":true,"href":"https:\/\/www.klan-d.net\/index.php?rest_route=%2Fwp%2Fv2%2Fcomments&post=1360"}],"version-history":[{"count":5,"href":"https:\/\/www.klan-d.net\/index.php?rest_route=\/wp\/v2\/pages\/1360\/revisions"}],"predecessor-version":[{"id":1932,"href":"https:\/\/www.klan-d.net\/index.php?rest_route=\/wp\/v2\/pages\/1360\/revisions\/1932"}],"up":[{"embeddable":true,"href":"https:\/\/www.klan-d.net\/index.php?rest_route=\/wp\/v2\/pages\/81"}],"wp:attachment":[{"href":"https:\/\/www.klan-d.net\/index.php?rest_route=%2Fwp%2Fv2%2Fmedia&parent=1360"}],"curies":[{"name":"wp","href":"https:\/\/api.w.org\/{rel}","templated":true}]}}