{"id":1238,"date":"2019-06-21T16:04:53","date_gmt":"2019-06-21T14:04:53","guid":{"rendered":"https:\/\/www.klan-d.net\/?page_id=1238"},"modified":"2021-04-19T04:54:37","modified_gmt":"2021-04-19T02:54:37","slug":"la-boutique-klan-d","status":"publish","type":"page","link":"https:\/\/www.klan-d.net\/?page_id=1238","title":{"rendered":"La Boutique Klan-D"},"content":{"rendered":"\n<hr class=\"wp-block-separator\"\/>\n\n\n\n<div class=\"wp-block-image is-style-default\"><figure class=\"aligncenter size-large\"><img loading=\"lazy\" decoding=\"async\" width=\"756\" height=\"342\" src=\"https:\/\/www.klan-d.net\/wp-content\/uploads\/boutiquedeter-1.png\" alt=\"Boutique Klan-D\" class=\"wp-image-1733\" srcset=\"https:\/\/www.klan-d.net\/wp-content\/uploads\/boutiquedeter-1.png 756w, https:\/\/www.klan-d.net\/wp-content\/uploads\/boutiquedeter-1-300x136.png 300w\" sizes=\"auto, (max-width: 756px) 100vw, 756px\" \/><figcaption><strong>Paye ton style fa\u00e7on Klan-D !<\/strong><\/figcaption><\/figure><\/div>\n\n\n\n<hr class=\"wp-block-separator\"\/>\n\n\n\n<p>Eh yo klandettes et kland\u00e9s !<\/p>\n\n\n\n<p>Sur cette page, tu vas pouvoir p\u00e9cho des sapes Klan-D vraiment bien deter, et pour \u00e9viter que \u00e7a rame trop, on a divis\u00e9 \u00e7a en plusieurs boutiques. <\/p>\n\n\n\n<h3 class=\"wp-block-heading\"><strong>Plusieurs coloris disponibles, h\u00e9site pas \u00e0 cliquer pour voir les couleurs dispos !<\/strong><\/h3>\n\n\n\n<p class=\"has-small-font-size\">On gagne une faible commission sur chaque vente (grosso modo, maxi 5 balles), mais \u00e7a nous aide grave pour couvrir nos frais, et en plus, t&rsquo;auras trop la classe kland\u00e9e ptain !<\/p>\n\n\n\n<hr class=\"wp-block-separator\"\/>\n\n\n\n<div class=\"wp-block-image\"><figure class=\"aligncenter size-large is-resized\"><a href=\"https:\/\/www.klan-d.net\/?page_id=1737\"><img loading=\"lazy\" decoding=\"async\" src=\"https:\/\/www.klan-d.net\/wp-content\/uploads\/vignette-sweats-tees.png\" alt=\"\" class=\"wp-image-1734\" width=\"355\" height=\"266\" srcset=\"https:\/\/www.klan-d.net\/wp-content\/uploads\/vignette-sweats-tees.png 700w, https:\/\/www.klan-d.net\/wp-content\/uploads\/vignette-sweats-tees-300x225.png 300w\" sizes=\"auto, (max-width: 355px) 100vw, 355px\" \/><\/a><figcaption>Clique donc ci-dessus pour des sweats deter, des t-shirts vener, et le tout, dans un style Klan-D qui bute ! <\/figcaption><\/figure><\/div>\n\n\n\n<hr class=\"wp-block-separator\"\/>\n\n\n\n<div class=\"wp-block-image\"><figure class=\"aligncenter size-large is-resized\"><a href=\"https:\/\/www.klan-d.net\/?page_id=1739\"><img loading=\"lazy\" decoding=\"async\" src=\"https:\/\/www.klan-d.net\/wp-content\/uploads\/casquettes.png\" alt=\"\" class=\"wp-image-1735\" width=\"377\" height=\"240\" srcset=\"https:\/\/www.klan-d.net\/wp-content\/uploads\/casquettes.png 700w, https:\/\/www.klan-d.net\/wp-content\/uploads\/casquettes-300x191.png 300w\" sizes=\"auto, (max-width: 377px) 100vw, 377px\" \/><\/a><figcaption>Clique ci-dessus pour des casquettes qui claquent, des bonnets, des polos, et m\u00eame des fuckin mugs bordel !<\/figcaption><\/figure><\/div>\n\n\n\n<hr class=\"wp-block-separator\"\/>\n\n\n\n<div class=\"wp-block-image\"><figure class=\"aligncenter size-large\"><a href=\"https:\/\/www.klan-d.net\/?page_id=1874\"><img loading=\"lazy\" decoding=\"async\" width=\"491\" height=\"690\" src=\"https:\/\/www.klan-d.net\/wp-content\/uploads\/ted-bomb-parka.jpg\" alt=\"\" class=\"wp-image-1881\" srcset=\"https:\/\/www.klan-d.net\/wp-content\/uploads\/ted-bomb-parka.jpg 491w, https:\/\/www.klan-d.net\/wp-content\/uploads\/ted-bomb-parka-213x300.jpg 213w\" sizes=\"auto, (max-width: 491px) 100vw, 491px\" \/><\/a><\/figure><\/div>\n\n\n\n<hr class=\"wp-block-separator\"\/>\n\n\n\n<div class=\"wp-block-image\"><figure class=\"aligncenter size-large is-resized\"><a href=\"https:\/\/www.klan-d.net\/?page_id=1752\"><img loading=\"lazy\" decoding=\"async\" src=\"https:\/\/www.klan-d.net\/wp-content\/uploads\/vignette-femmes.jpg\" alt=\"\" class=\"wp-image-1753\" width=\"382\" height=\"274\" srcset=\"https:\/\/www.klan-d.net\/wp-content\/uploads\/vignette-femmes.jpg 557w, https:\/\/www.klan-d.net\/wp-content\/uploads\/vignette-femmes-300x215.jpg 300w\" sizes=\"auto, (max-width: 382px) 100vw, 382px\" \/><\/a><figcaption>Les femmes aussi ont droit \u00e0 leurs sapes Klan-D styl\u00e9es !<\/figcaption><\/figure><\/div>\n\n\n\n<hr class=\"wp-block-separator\"\/>\n","protected":false},"excerpt":{"rendered":"<p>Viens p\u00e9cho d&rsquo;la sape Klan-D de qualit\u00e9 !<\/p>\n","protected":false},"author":1,"featured_media":0,"parent":0,"menu_order":0,"comment_status":"closed","ping_status":"closed","template":"","meta":{"footnotes":""},"class_list":["post-1238","page","type-page","status-publish","hentry"],"yoast_head":"<!-- This site is optimized with the Yoast SEO plugin v27.3 - https:\/\/yoast.com\/product\/yoast-seo-wordpress\/ -->\n<title>La Boutique Klan-D &#8226; Radio Klan-D<\/title>\n<meta name=\"description\" content=\"Toi aussi affiche ton kland\u00e9 style avec les articles dispos dans la boutique !Plusieurs coloris sont disponibles, clique pour les afficher !\" \/>\n<meta name=\"robots\" content=\"index, follow, max-snippet:-1, max-image-preview:large, max-video-preview:-1\" \/>\n<link rel=\"canonical\" href=\"https:\/\/www.klan-d.net\/?page_id=1238\" \/>\n<meta property=\"og:locale\" content=\"fr_FR\" \/>\n<meta property=\"og:type\" content=\"article\" \/>\n<meta property=\"og:title\" content=\"La boutique Klan-D DETER SA MERE\" \/>\n<meta property=\"og:description\" content=\"Viens p\u00e9cho d&#039;la sape Klan-D de qualit\u00e9 !\" \/>\n<meta property=\"og:url\" content=\"https:\/\/www.klan-d.net\/?page_id=1238\" \/>\n<meta property=\"og:site_name\" content=\"Radio Klan-D\" \/>\n<meta property=\"article:publisher\" content=\"https:\/\/www.facebook.com\/radioclandestine\/\" \/>\n<meta property=\"article:modified_time\" content=\"2021-04-19T02:54:37+00:00\" \/>\n<meta property=\"og:image\" content=\"https:\/\/www.klan-d.net\/wp-content\/uploads\/boutiquedeter.jpg\" \/>\n\t<meta property=\"og:image:width\" content=\"756\" \/>\n\t<meta property=\"og:image:height\" content=\"342\" \/>\n\t<meta property=\"og:image:type\" content=\"image\/jpeg\" \/>\n<meta name=\"twitter:card\" content=\"summary_large_image\" \/>\n<meta name=\"twitter:site\" content=\"@RadioKlanD\" \/>\n<meta name=\"twitter:label1\" content=\"Dur\u00e9e de lecture estim\u00e9e\" \/>\n\t<meta name=\"twitter:data1\" content=\"2 minutes\" \/>\n<script type=\"application\/ld+json\" class=\"yoast-schema-graph\">{\"@context\":\"https:\\\/\\\/schema.org\",\"@graph\":[{\"@type\":\"WebPage\",\"@id\":\"https:\\\/\\\/www.klan-d.net\\\/?page_id=1238\",\"url\":\"https:\\\/\\\/www.klan-d.net\\\/?page_id=1238\",\"name\":\"La Boutique Klan-D &#8226; Radio Klan-D\",\"isPartOf\":{\"@id\":\"https:\\\/\\\/www.klan-d.net\\\/#website\"},\"primaryImageOfPage\":{\"@id\":\"https:\\\/\\\/www.klan-d.net\\\/?page_id=1238#primaryimage\"},\"image\":{\"@id\":\"https:\\\/\\\/www.klan-d.net\\\/?page_id=1238#primaryimage\"},\"thumbnailUrl\":\"https:\\\/\\\/www.klan-d.net\\\/wp-content\\\/uploads\\\/boutiquedeter-1.png\",\"datePublished\":\"2019-06-21T14:04:53+00:00\",\"dateModified\":\"2021-04-19T02:54:37+00:00\",\"description\":\"Toi aussi affiche ton kland\u00e9 style avec les articles dispos dans la boutique !Plusieurs coloris sont disponibles, clique pour les afficher !\",\"breadcrumb\":{\"@id\":\"https:\\\/\\\/www.klan-d.net\\\/?page_id=1238#breadcrumb\"},\"inLanguage\":\"fr-FR\",\"potentialAction\":[{\"@type\":\"ReadAction\",\"target\":[\"https:\\\/\\\/www.klan-d.net\\\/?page_id=1238\"]}]},{\"@type\":\"ImageObject\",\"inLanguage\":\"fr-FR\",\"@id\":\"https:\\\/\\\/www.klan-d.net\\\/?page_id=1238#primaryimage\",\"url\":\"https:\\\/\\\/www.klan-d.net\\\/wp-content\\\/uploads\\\/boutiquedeter-1.png\",\"contentUrl\":\"https:\\\/\\\/www.klan-d.net\\\/wp-content\\\/uploads\\\/boutiquedeter-1.png\",\"width\":756,\"height\":342},{\"@type\":\"BreadcrumbList\",\"@id\":\"https:\\\/\\\/www.klan-d.net\\\/?page_id=1238#breadcrumb\",\"itemListElement\":[{\"@type\":\"ListItem\",\"position\":1,\"name\":\"Accueil\",\"item\":\"https:\\\/\\\/www.klan-d.net\\\/\"},{\"@type\":\"ListItem\",\"position\":2,\"name\":\"La Boutique Klan-D\"}]},{\"@type\":\"WebSite\",\"@id\":\"https:\\\/\\\/www.klan-d.net\\\/#website\",\"url\":\"https:\\\/\\\/www.klan-d.net\\\/\",\"name\":\"Radio Klan-D\",\"description\":\"Webradio clandestine et ind\u00e9, partout, du old school hip hop, du boom bap et des vannes pourries !\",\"publisher\":{\"@id\":\"https:\\\/\\\/www.klan-d.net\\\/#organization\"},\"potentialAction\":[{\"@type\":\"SearchAction\",\"target\":{\"@type\":\"EntryPoint\",\"urlTemplate\":\"https:\\\/\\\/www.klan-d.net\\\/?s={search_term_string}\"},\"query-input\":{\"@type\":\"PropertyValueSpecification\",\"valueRequired\":true,\"valueName\":\"search_term_string\"}}],\"inLanguage\":\"fr-FR\"},{\"@type\":\"Organization\",\"@id\":\"https:\\\/\\\/www.klan-d.net\\\/#organization\",\"name\":\"Radio Klan-D\",\"url\":\"https:\\\/\\\/www.klan-d.net\\\/\",\"logo\":{\"@type\":\"ImageObject\",\"inLanguage\":\"fr-FR\",\"@id\":\"https:\\\/\\\/www.klan-d.net\\\/#\\\/schema\\\/logo\\\/image\\\/\",\"url\":\"https:\\\/\\\/www.klan-d.net\\\/wp-content\\\/uploads\\\/cropped-kland4.jpg\",\"contentUrl\":\"https:\\\/\\\/www.klan-d.net\\\/wp-content\\\/uploads\\\/cropped-kland4.jpg\",\"width\":512,\"height\":512,\"caption\":\"Radio Klan-D\"},\"image\":{\"@id\":\"https:\\\/\\\/www.klan-d.net\\\/#\\\/schema\\\/logo\\\/image\\\/\"},\"sameAs\":[\"https:\\\/\\\/www.facebook.com\\\/radioclandestine\\\/\",\"https:\\\/\\\/x.com\\\/RadioKlanD\",\"https:\\\/\\\/www.youtube.com\\\/channel\\\/UC2QoBtfYHnl9oWoPlvmaAEg\"]}]}<\/script>\n<!-- \/ Yoast SEO plugin. -->","yoast_head_json":{"title":"La Boutique Klan-D &#8226; Radio Klan-D","description":"Toi aussi affiche ton kland\u00e9 style avec les articles dispos dans la boutique !Plusieurs coloris sont disponibles, clique pour les afficher !","robots":{"index":"index","follow":"follow","max-snippet":"max-snippet:-1","max-image-preview":"max-image-preview:large","max-video-preview":"max-video-preview:-1"},"canonical":"https:\/\/www.klan-d.net\/?page_id=1238","og_locale":"fr_FR","og_type":"article","og_title":"La boutique Klan-D DETER SA MERE","og_description":"Viens p\u00e9cho d'la sape Klan-D de qualit\u00e9 !","og_url":"https:\/\/www.klan-d.net\/?page_id=1238","og_site_name":"Radio Klan-D","article_publisher":"https:\/\/www.facebook.com\/radioclandestine\/","article_modified_time":"2021-04-19T02:54:37+00:00","og_image":[{"width":756,"height":342,"url":"https:\/\/www.klan-d.net\/wp-content\/uploads\/boutiquedeter.jpg","type":"image\/jpeg"}],"twitter_card":"summary_large_image","twitter_site":"@RadioKlanD","twitter_misc":{"Dur\u00e9e de lecture estim\u00e9e":"2 minutes"},"schema":{"@context":"https:\/\/schema.org","@graph":[{"@type":"WebPage","@id":"https:\/\/www.klan-d.net\/?page_id=1238","url":"https:\/\/www.klan-d.net\/?page_id=1238","name":"La Boutique Klan-D &#8226; Radio Klan-D","isPartOf":{"@id":"https:\/\/www.klan-d.net\/#website"},"primaryImageOfPage":{"@id":"https:\/\/www.klan-d.net\/?page_id=1238#primaryimage"},"image":{"@id":"https:\/\/www.klan-d.net\/?page_id=1238#primaryimage"},"thumbnailUrl":"https:\/\/www.klan-d.net\/wp-content\/uploads\/boutiquedeter-1.png","datePublished":"2019-06-21T14:04:53+00:00","dateModified":"2021-04-19T02:54:37+00:00","description":"Toi aussi affiche ton kland\u00e9 style avec les articles dispos dans la boutique !Plusieurs coloris sont disponibles, clique pour les afficher !","breadcrumb":{"@id":"https:\/\/www.klan-d.net\/?page_id=1238#breadcrumb"},"inLanguage":"fr-FR","potentialAction":[{"@type":"ReadAction","target":["https:\/\/www.klan-d.net\/?page_id=1238"]}]},{"@type":"ImageObject","inLanguage":"fr-FR","@id":"https:\/\/www.klan-d.net\/?page_id=1238#primaryimage","url":"https:\/\/www.klan-d.net\/wp-content\/uploads\/boutiquedeter-1.png","contentUrl":"https:\/\/www.klan-d.net\/wp-content\/uploads\/boutiquedeter-1.png","width":756,"height":342},{"@type":"BreadcrumbList","@id":"https:\/\/www.klan-d.net\/?page_id=1238#breadcrumb","itemListElement":[{"@type":"ListItem","position":1,"name":"Accueil","item":"https:\/\/www.klan-d.net\/"},{"@type":"ListItem","position":2,"name":"La Boutique Klan-D"}]},{"@type":"WebSite","@id":"https:\/\/www.klan-d.net\/#website","url":"https:\/\/www.klan-d.net\/","name":"Radio Klan-D","description":"Webradio clandestine et ind\u00e9, partout, du old school hip hop, du boom bap et des vannes pourries !","publisher":{"@id":"https:\/\/www.klan-d.net\/#organization"},"potentialAction":[{"@type":"SearchAction","target":{"@type":"EntryPoint","urlTemplate":"https:\/\/www.klan-d.net\/?s={search_term_string}"},"query-input":{"@type":"PropertyValueSpecification","valueRequired":true,"valueName":"search_term_string"}}],"inLanguage":"fr-FR"},{"@type":"Organization","@id":"https:\/\/www.klan-d.net\/#organization","name":"Radio Klan-D","url":"https:\/\/www.klan-d.net\/","logo":{"@type":"ImageObject","inLanguage":"fr-FR","@id":"https:\/\/www.klan-d.net\/#\/schema\/logo\/image\/","url":"https:\/\/www.klan-d.net\/wp-content\/uploads\/cropped-kland4.jpg","contentUrl":"https:\/\/www.klan-d.net\/wp-content\/uploads\/cropped-kland4.jpg","width":512,"height":512,"caption":"Radio Klan-D"},"image":{"@id":"https:\/\/www.klan-d.net\/#\/schema\/logo\/image\/"},"sameAs":["https:\/\/www.facebook.com\/radioclandestine\/","https:\/\/x.com\/RadioKlanD","https:\/\/www.youtube.com\/channel\/UC2QoBtfYHnl9oWoPlvmaAEg"]}]}},"_links":{"self":[{"href":"https:\/\/www.klan-d.net\/index.php?rest_route=\/wp\/v2\/pages\/1238","targetHints":{"allow":["GET"]}}],"collection":[{"href":"https:\/\/www.klan-d.net\/index.php?rest_route=\/wp\/v2\/pages"}],"about":[{"href":"https:\/\/www.klan-d.net\/index.php?rest_route=\/wp\/v2\/types\/page"}],"author":[{"embeddable":true,"href":"https:\/\/www.klan-d.net\/index.php?rest_route=\/wp\/v2\/users\/1"}],"replies":[{"embeddable":true,"href":"https:\/\/www.klan-d.net\/index.php?rest_route=%2Fwp%2Fv2%2Fcomments&post=1238"}],"version-history":[{"count":1,"href":"https:\/\/www.klan-d.net\/index.php?rest_route=\/wp\/v2\/pages\/1238\/revisions"}],"predecessor-version":[{"id":1882,"href":"https:\/\/www.klan-d.net\/index.php?rest_route=\/wp\/v2\/pages\/1238\/revisions\/1882"}],"wp:attachment":[{"href":"https:\/\/www.klan-d.net\/index.php?rest_route=%2Fwp%2Fv2%2Fmedia&parent=1238"}],"curies":[{"name":"wp","href":"https:\/\/api.w.org\/{rel}","templated":true}]}}